{"id":48917,"date":"2024-11-14T17:41:29","date_gmt":"2024-11-14T16:41:29","guid":{"rendered":"https:\/\/cchar.ch\/produit\/eine-marionette-zum-leben-erwecken\/"},"modified":"2024-11-15T11:19:48","modified_gmt":"2024-11-15T10:19:48","slug":"eine-marionette-zum-leben-erwecken","status":"publish","type":"product","link":"https:\/\/archives.cchar.ch\/de\/produit\/eine-marionette-zum-leben-erwecken\/","title":{"rendered":"Eine Marionette zum Leben erwecken"},"content":{"rendered":"<p><strong>Training 6:<\/strong> Eine Marionette zum Leben erwecken, <a href=\"https:\/\/www.compagnielesmalles.com\/\"><strong>Cie les Malles<\/strong><\/a><\/p>\n<p>Erlernen Sie die Technik des Umgangs mit der Handpuppe als Arbeitsinstrument, um den \u00f6ffentlichen Raum und seine Bewohner zu besuchen. Nehmen Sie Ihre Lieblingsfigur mit und schlie\u00dfen Sie sich der Gruppe an, um das Publikum in La Chaux-de-Fonds in Schwingung zu versetzen.<br \/>\nErkunden Sie den \u00f6ffentlichen Raum mit einer Marionettenfigur auf einem Spaziergang.<\/p>\n<p>24. bis 26. Oktober<\/p>\n<p>&nbsp;<\/p>\n<p>Alle Informationen -&gt;<strong> <a href=\"https:\/\/cchar.ch\/de\/evenement\/weiterbildung-eine-marionette-zum-leben-erwecken\/\">hier<\/a><\/strong><\/p>\n","protected":false},"excerpt":{"rendered":"<p><strong>Formation 6:<\/strong> Eine Marionette zum Leben erwecken, <a href=\"https:\/\/www.compagnielesmalles.com\/\"><strong>Cie les Malles<\/strong><\/a><\/p>\n","protected":false},"featured_media":48789,"template":"","meta":{"_acf_changed":false},"product_brand":[],"product_cat":[122],"product_tag":[],"class_list":{"0":"post-48917","1":"product","2":"type-product","3":"status-publish","4":"has-post-thumbnail","6":"product_cat-weiterbildung","8":"first","9":"instock","10":"sold-individually","11":"shipping-taxable","12":"purchasable","13":"product-type-simple"},"acf":[],"yoast_head":"<!-- This site is optimized with the Yoast SEO plugin v25.9 - https:\/\/yoast.com\/wordpress\/plugins\/seo\/ -->\n<title>Eine Marionette zum Leben erwecken - CCHAR<\/title>\n<meta name=\"robots\" content=\"index, follow, max-snippet:-1, max-image-preview:large, max-video-preview:-1\" \/>\n<link rel=\"canonical\" href=\"https:\/\/archives.cchar.ch\/de\/produit\/eine-marionette-zum-leben-erwecken\/\" \/>\n<meta property=\"og:locale\" content=\"de_DE\" \/>\n<meta property=\"og:type\" content=\"article\" \/>\n<meta property=\"og:title\" content=\"Eine Marionette zum Leben erwecken - CCHAR\" \/>\n<meta property=\"og:description\" content=\"Formation 6: Eine Marionette zum Leben erwecken, Cie les Malles\" \/>\n<meta property=\"og:url\" content=\"https:\/\/archives.cchar.ch\/de\/produit\/eine-marionette-zum-leben-erwecken\/\" \/>\n<meta property=\"og:site_name\" content=\"CCHAR\" \/>\n<meta property=\"article:publisher\" content=\"https:\/\/www.facebook.com\/cchar.suisse\/\" \/>\n<meta property=\"article:modified_time\" content=\"2024-11-15T10:19:48+00:00\" \/>\n<meta property=\"og:image\" content=\"https:\/\/archives.cchar.ch\/wp-content\/uploads\/2024\/11\/CTCM-31-scaled-e1732194278708.jpg\" \/>\n\t<meta property=\"og:image:width\" content=\"2560\" \/>\n\t<meta property=\"og:image:height\" content=\"1708\" \/>\n\t<meta property=\"og:image:type\" content=\"image\/jpeg\" \/>\n<meta name=\"twitter:card\" content=\"summary_large_image\" \/>\n<meta name=\"twitter:label1\" content=\"Gesch\u00e4tzte Lesezeit\" \/>\n\t<meta name=\"twitter:data1\" content=\"1\u00a0Minute\" \/>\n<script type=\"application\/ld+json\" class=\"yoast-schema-graph\">{\"@context\":\"https:\/\/schema.org\",\"@graph\":[{\"@type\":\"WebPage\",\"@id\":\"https:\/\/archives.cchar.ch\/de\/produit\/eine-marionette-zum-leben-erwecken\/\",\"url\":\"https:\/\/archives.cchar.ch\/de\/produit\/eine-marionette-zum-leben-erwecken\/\",\"name\":\"Eine Marionette zum Leben erwecken - CCHAR\",\"isPartOf\":{\"@id\":\"https:\/\/archives.cchar.ch\/de\/#website\"},\"primaryImageOfPage\":{\"@id\":\"https:\/\/archives.cchar.ch\/de\/produit\/eine-marionette-zum-leben-erwecken\/#primaryimage\"},\"image\":{\"@id\":\"https:\/\/archives.cchar.ch\/de\/produit\/eine-marionette-zum-leben-erwecken\/#primaryimage\"},\"thumbnailUrl\":\"https:\/\/archives.cchar.ch\/wp-content\/uploads\/2024\/11\/CTCM-31-scaled-e1732194278708.jpg\",\"datePublished\":\"2024-11-14T16:41:29+00:00\",\"dateModified\":\"2024-11-15T10:19:48+00:00\",\"breadcrumb\":{\"@id\":\"https:\/\/archives.cchar.ch\/de\/produit\/eine-marionette-zum-leben-erwecken\/#breadcrumb\"},\"inLanguage\":\"de\",\"potentialAction\":[{\"@type\":\"ReadAction\",\"target\":[\"https:\/\/archives.cchar.ch\/de\/produit\/eine-marionette-zum-leben-erwecken\/\"]}]},{\"@type\":\"ImageObject\",\"inLanguage\":\"de\",\"@id\":\"https:\/\/archives.cchar.ch\/de\/produit\/eine-marionette-zum-leben-erwecken\/#primaryimage\",\"url\":\"https:\/\/archives.cchar.ch\/wp-content\/uploads\/2024\/11\/CTCM-31-scaled-e1732194278708.jpg\",\"contentUrl\":\"https:\/\/archives.cchar.ch\/wp-content\/uploads\/2024\/11\/CTCM-31-scaled-e1732194278708.jpg\",\"width\":2560,\"height\":1708,\"caption\":\"CIE LES MALLES\"},{\"@type\":\"BreadcrumbList\",\"@id\":\"https:\/\/archives.cchar.ch\/de\/produit\/eine-marionette-zum-leben-erwecken\/#breadcrumb\",\"itemListElement\":[{\"@type\":\"ListItem\",\"position\":1,\"name\":\"Accueil\",\"item\":\"https:\/\/archives.cchar.ch\/de\/\"},{\"@type\":\"ListItem\",\"position\":2,\"name\":\"Shop\",\"item\":\"https:\/\/archives.cchar.ch\/de\/shop\/\"},{\"@type\":\"ListItem\",\"position\":3,\"name\":\"Eine Marionette zum Leben erwecken\"}]},{\"@type\":\"WebSite\",\"@id\":\"https:\/\/archives.cchar.ch\/de\/#website\",\"url\":\"https:\/\/archives.cchar.ch\/de\/\",\"name\":\"CCHAR\",\"description\":\"Centre de Comp\u00e9tences et de Cr\u00e9ation Helv\u00e9tique des Arts de la Rue\",\"publisher\":{\"@id\":\"https:\/\/archives.cchar.ch\/de\/#organization\"},\"potentialAction\":[{\"@type\":\"SearchAction\",\"target\":{\"@type\":\"EntryPoint\",\"urlTemplate\":\"https:\/\/archives.cchar.ch\/de\/?s={search_term_string}\"},\"query-input\":{\"@type\":\"PropertyValueSpecification\",\"valueRequired\":true,\"valueName\":\"search_term_string\"}}],\"inLanguage\":\"de\"},{\"@type\":\"Organization\",\"@id\":\"https:\/\/archives.cchar.ch\/de\/#organization\",\"name\":\"CCHAR\",\"url\":\"https:\/\/archives.cchar.ch\/de\/\",\"logo\":{\"@type\":\"ImageObject\",\"inLanguage\":\"de\",\"@id\":\"https:\/\/archives.cchar.ch\/de\/#\/schema\/logo\/image\/\",\"url\":\"https:\/\/cchar.ch\/wp-content\/uploads\/2021\/09\/logo-CCHAR_PROD_pos-sobre.png\",\"contentUrl\":\"https:\/\/cchar.ch\/wp-content\/uploads\/2021\/09\/logo-CCHAR_PROD_pos-sobre.png\",\"width\":905,\"height\":336,\"caption\":\"CCHAR\"},\"image\":{\"@id\":\"https:\/\/archives.cchar.ch\/de\/#\/schema\/logo\/image\/\"},\"sameAs\":[\"https:\/\/www.facebook.com\/cchar.suisse\/\",\"https:\/\/www.linkedin.com\/company\/cchar\/\"]}]}<\/script>\n<!-- \/ Yoast SEO plugin. -->","yoast_head_json":{"title":"Eine Marionette zum Leben erwecken - CCHAR","robots":{"index":"index","follow":"follow","max-snippet":"max-snippet:-1","max-image-preview":"max-image-preview:large","max-video-preview":"max-video-preview:-1"},"canonical":"https:\/\/archives.cchar.ch\/de\/produit\/eine-marionette-zum-leben-erwecken\/","og_locale":"de_DE","og_type":"article","og_title":"Eine Marionette zum Leben erwecken - CCHAR","og_description":"Formation 6: Eine Marionette zum Leben erwecken, Cie les Malles","og_url":"https:\/\/archives.cchar.ch\/de\/produit\/eine-marionette-zum-leben-erwecken\/","og_site_name":"CCHAR","article_publisher":"https:\/\/www.facebook.com\/cchar.suisse\/","article_modified_time":"2024-11-15T10:19:48+00:00","og_image":[{"width":2560,"height":1708,"url":"https:\/\/archives.cchar.ch\/wp-content\/uploads\/2024\/11\/CTCM-31-scaled-e1732194278708.jpg","type":"image\/jpeg"}],"twitter_card":"summary_large_image","twitter_misc":{"Gesch\u00e4tzte Lesezeit":"1\u00a0Minute"},"schema":{"@context":"https:\/\/schema.org","@graph":[{"@type":"WebPage","@id":"https:\/\/archives.cchar.ch\/de\/produit\/eine-marionette-zum-leben-erwecken\/","url":"https:\/\/archives.cchar.ch\/de\/produit\/eine-marionette-zum-leben-erwecken\/","name":"Eine Marionette zum Leben erwecken - CCHAR","isPartOf":{"@id":"https:\/\/archives.cchar.ch\/de\/#website"},"primaryImageOfPage":{"@id":"https:\/\/archives.cchar.ch\/de\/produit\/eine-marionette-zum-leben-erwecken\/#primaryimage"},"image":{"@id":"https:\/\/archives.cchar.ch\/de\/produit\/eine-marionette-zum-leben-erwecken\/#primaryimage"},"thumbnailUrl":"https:\/\/archives.cchar.ch\/wp-content\/uploads\/2024\/11\/CTCM-31-scaled-e1732194278708.jpg","datePublished":"2024-11-14T16:41:29+00:00","dateModified":"2024-11-15T10:19:48+00:00","breadcrumb":{"@id":"https:\/\/archives.cchar.ch\/de\/produit\/eine-marionette-zum-leben-erwecken\/#breadcrumb"},"inLanguage":"de","potentialAction":[{"@type":"ReadAction","target":["https:\/\/archives.cchar.ch\/de\/produit\/eine-marionette-zum-leben-erwecken\/"]}]},{"@type":"ImageObject","inLanguage":"de","@id":"https:\/\/archives.cchar.ch\/de\/produit\/eine-marionette-zum-leben-erwecken\/#primaryimage","url":"https:\/\/archives.cchar.ch\/wp-content\/uploads\/2024\/11\/CTCM-31-scaled-e1732194278708.jpg","contentUrl":"https:\/\/archives.cchar.ch\/wp-content\/uploads\/2024\/11\/CTCM-31-scaled-e1732194278708.jpg","width":2560,"height":1708,"caption":"CIE LES MALLES"},{"@type":"BreadcrumbList","@id":"https:\/\/archives.cchar.ch\/de\/produit\/eine-marionette-zum-leben-erwecken\/#breadcrumb","itemListElement":[{"@type":"ListItem","position":1,"name":"Accueil","item":"https:\/\/archives.cchar.ch\/de\/"},{"@type":"ListItem","position":2,"name":"Shop","item":"https:\/\/archives.cchar.ch\/de\/shop\/"},{"@type":"ListItem","position":3,"name":"Eine Marionette zum Leben erwecken"}]},{"@type":"WebSite","@id":"https:\/\/archives.cchar.ch\/de\/#website","url":"https:\/\/archives.cchar.ch\/de\/","name":"CCHAR","description":"Centre de Comp\u00e9tences et de Cr\u00e9ation Helv\u00e9tique des Arts de la Rue","publisher":{"@id":"https:\/\/archives.cchar.ch\/de\/#organization"},"potentialAction":[{"@type":"SearchAction","target":{"@type":"EntryPoint","urlTemplate":"https:\/\/archives.cchar.ch\/de\/?s={search_term_string}"},"query-input":{"@type":"PropertyValueSpecification","valueRequired":true,"valueName":"search_term_string"}}],"inLanguage":"de"},{"@type":"Organization","@id":"https:\/\/archives.cchar.ch\/de\/#organization","name":"CCHAR","url":"https:\/\/archives.cchar.ch\/de\/","logo":{"@type":"ImageObject","inLanguage":"de","@id":"https:\/\/archives.cchar.ch\/de\/#\/schema\/logo\/image\/","url":"https:\/\/cchar.ch\/wp-content\/uploads\/2021\/09\/logo-CCHAR_PROD_pos-sobre.png","contentUrl":"https:\/\/cchar.ch\/wp-content\/uploads\/2021\/09\/logo-CCHAR_PROD_pos-sobre.png","width":905,"height":336,"caption":"CCHAR"},"image":{"@id":"https:\/\/archives.cchar.ch\/de\/#\/schema\/logo\/image\/"},"sameAs":["https:\/\/www.facebook.com\/cchar.suisse\/","https:\/\/www.linkedin.com\/company\/cchar\/"]}]}},"_links":{"self":[{"href":"https:\/\/archives.cchar.ch\/de\/wp-json\/wp\/v2\/product\/48917","targetHints":{"allow":["GET"]}}],"collection":[{"href":"https:\/\/archives.cchar.ch\/de\/wp-json\/wp\/v2\/product"}],"about":[{"href":"https:\/\/archives.cchar.ch\/de\/wp-json\/wp\/v2\/types\/product"}],"version-history":[{"count":3,"href":"https:\/\/archives.cchar.ch\/de\/wp-json\/wp\/v2\/product\/48917\/revisions"}],"predecessor-version":[{"id":48938,"href":"https:\/\/archives.cchar.ch\/de\/wp-json\/wp\/v2\/product\/48917\/revisions\/48938"}],"wp:featuredmedia":[{"embeddable":true,"href":"https:\/\/archives.cchar.ch\/de\/wp-json\/wp\/v2\/media\/48789"}],"wp:attachment":[{"href":"https:\/\/archives.cchar.ch\/de\/wp-json\/wp\/v2\/media?parent=48917"}],"wp:term":[{"taxonomy":"product_brand","embeddable":true,"href":"https:\/\/archives.cchar.ch\/de\/wp-json\/wp\/v2\/product_brand?post=48917"},{"taxonomy":"product_cat","embeddable":true,"href":"https:\/\/archives.cchar.ch\/de\/wp-json\/wp\/v2\/product_cat?post=48917"},{"taxonomy":"product_tag","embeddable":true,"href":"https:\/\/archives.cchar.ch\/de\/wp-json\/wp\/v2\/product_tag?post=48917"}],"curies":[{"name":"wp","href":"https:\/\/api.w.org\/{rel}","templated":true}]}}