{"id":48901,"date":"2024-11-08T17:58:09","date_gmt":"2024-11-08T16:58:09","guid":{"rendered":"https:\/\/cchar.ch\/?post_type=product&#038;p=48901"},"modified":"2024-11-15T11:16:47","modified_gmt":"2024-11-15T10:16:47","slug":"den-text-mit-der-strasse-konfrontieren","status":"publish","type":"product","link":"https:\/\/archives.cchar.ch\/de\/produit\/den-text-mit-der-strasse-konfrontieren\/","title":{"rendered":"Den Text mit der Stra\u00dfe konfrontieren"},"content":{"rendered":"<p><strong>Training 3:<\/strong> Konfrontation mit dem Text auf der Stra\u00dfe mit <a href=\"https:\/\/impro-suisse.ch\/team\/profile\/manu-moser-les-batteurs-de-paves\" target=\"_blank\" rel=\"noopener\"><strong>Manu Moser<\/strong><\/a> Ziel ist der Erwerb von Werkzeugen, Techniken und Know-how f\u00fcr die dramatische Gestaltung von Texten im und f\u00fcr den \u00f6ffentlichen Raum. Die Arbeit wird durch Experimente erfolgen, wobei der Inhalt st\u00e4ndig an das Profil und den Hintergrund der Teilnehmer angepasst wird, je nachdem, wie sich diese w\u00e4hrend des Praktikums entwickeln.<\/p>\n<p>24. bis 28. M\u00e4rz<\/p>\n<p>Alle Informationen -&gt; <a href=\"https:\/\/cchar.ch\/de\/evenement\/weiterbildung-den-text-mit-der-strase-konfrontieren\/\"><strong>hier<\/strong><\/a><\/p>\n","protected":false},"excerpt":{"rendered":"<p><strong>Training 3:<\/strong> Den Text mit der Stra\u00dfe konfrontieren mit <a href=\"https:\/\/impro-suisse.ch\/team\/profile\/manu-moser-les-batteurs-de-paves\" target=\"_blank\" rel=\"noopener\"><strong>Manu Moser<\/strong><\/a><\/p>\n","protected":false},"featured_media":48842,"template":"","meta":{"_acf_changed":false},"product_brand":[],"product_cat":[122],"product_tag":[],"class_list":{"0":"post-48901","1":"product","2":"type-product","3":"status-publish","4":"has-post-thumbnail","6":"product_cat-weiterbildung","8":"first","9":"outofstock","10":"shipping-taxable","11":"purchasable","12":"product-type-simple"},"acf":[],"yoast_head":"<!-- This site is optimized with the Yoast SEO plugin v25.9 - https:\/\/yoast.com\/wordpress\/plugins\/seo\/ -->\n<title>Den Text mit der Stra\u00dfe konfrontieren - CCHAR<\/title>\n<meta name=\"robots\" content=\"index, follow, max-snippet:-1, max-image-preview:large, max-video-preview:-1\" \/>\n<link rel=\"canonical\" href=\"https:\/\/archives.cchar.ch\/de\/produit\/den-text-mit-der-strasse-konfrontieren\/\" \/>\n<meta property=\"og:locale\" content=\"de_DE\" \/>\n<meta property=\"og:type\" content=\"article\" \/>\n<meta property=\"og:title\" content=\"Den Text mit der Stra\u00dfe konfrontieren - CCHAR\" \/>\n<meta property=\"og:description\" content=\"Training 3: Den Text mit der Stra\u00dfe konfrontieren mit Manu Moser\" \/>\n<meta property=\"og:url\" content=\"https:\/\/archives.cchar.ch\/de\/produit\/den-text-mit-der-strasse-konfrontieren\/\" \/>\n<meta property=\"og:site_name\" content=\"CCHAR\" \/>\n<meta property=\"article:publisher\" content=\"https:\/\/www.facebook.com\/cchar.suisse\/\" \/>\n<meta property=\"article:modified_time\" content=\"2024-11-15T10:16:47+00:00\" \/>\n<meta property=\"og:image\" content=\"https:\/\/archives.cchar.ch\/wp-content\/uploads\/2024\/11\/20230428-CCHAR_Manu-1.jpg\" \/>\n\t<meta property=\"og:image:width\" content=\"1500\" \/>\n\t<meta property=\"og:image:height\" content=\"1000\" \/>\n\t<meta property=\"og:image:type\" content=\"image\/jpeg\" \/>\n<meta name=\"twitter:card\" content=\"summary_large_image\" \/>\n<meta name=\"twitter:label1\" content=\"Gesch\u00e4tzte Lesezeit\" \/>\n\t<meta name=\"twitter:data1\" content=\"1\u00a0Minute\" \/>\n<script type=\"application\/ld+json\" class=\"yoast-schema-graph\">{\"@context\":\"https:\/\/schema.org\",\"@graph\":[{\"@type\":\"WebPage\",\"@id\":\"https:\/\/archives.cchar.ch\/de\/produit\/den-text-mit-der-strasse-konfrontieren\/\",\"url\":\"https:\/\/archives.cchar.ch\/de\/produit\/den-text-mit-der-strasse-konfrontieren\/\",\"name\":\"Den Text mit der Stra\u00dfe konfrontieren - CCHAR\",\"isPartOf\":{\"@id\":\"https:\/\/archives.cchar.ch\/de\/#website\"},\"primaryImageOfPage\":{\"@id\":\"https:\/\/archives.cchar.ch\/de\/produit\/den-text-mit-der-strasse-konfrontieren\/#primaryimage\"},\"image\":{\"@id\":\"https:\/\/archives.cchar.ch\/de\/produit\/den-text-mit-der-strasse-konfrontieren\/#primaryimage\"},\"thumbnailUrl\":\"https:\/\/archives.cchar.ch\/wp-content\/uploads\/2024\/11\/20230428-CCHAR_Manu-1.jpg\",\"datePublished\":\"2024-11-08T16:58:09+00:00\",\"dateModified\":\"2024-11-15T10:16:47+00:00\",\"breadcrumb\":{\"@id\":\"https:\/\/archives.cchar.ch\/de\/produit\/den-text-mit-der-strasse-konfrontieren\/#breadcrumb\"},\"inLanguage\":\"de\",\"potentialAction\":[{\"@type\":\"ReadAction\",\"target\":[\"https:\/\/archives.cchar.ch\/de\/produit\/den-text-mit-der-strasse-konfrontieren\/\"]}]},{\"@type\":\"ImageObject\",\"inLanguage\":\"de\",\"@id\":\"https:\/\/archives.cchar.ch\/de\/produit\/den-text-mit-der-strasse-konfrontieren\/#primaryimage\",\"url\":\"https:\/\/archives.cchar.ch\/wp-content\/uploads\/2024\/11\/20230428-CCHAR_Manu-1.jpg\",\"contentUrl\":\"https:\/\/archives.cchar.ch\/wp-content\/uploads\/2024\/11\/20230428-CCHAR_Manu-1.jpg\",\"width\":1500,\"height\":1000},{\"@type\":\"BreadcrumbList\",\"@id\":\"https:\/\/archives.cchar.ch\/de\/produit\/den-text-mit-der-strasse-konfrontieren\/#breadcrumb\",\"itemListElement\":[{\"@type\":\"ListItem\",\"position\":1,\"name\":\"Accueil\",\"item\":\"https:\/\/archives.cchar.ch\/de\/\"},{\"@type\":\"ListItem\",\"position\":2,\"name\":\"Shop\",\"item\":\"https:\/\/archives.cchar.ch\/de\/shop\/\"},{\"@type\":\"ListItem\",\"position\":3,\"name\":\"Den Text mit der Stra\u00dfe konfrontieren\"}]},{\"@type\":\"WebSite\",\"@id\":\"https:\/\/archives.cchar.ch\/de\/#website\",\"url\":\"https:\/\/archives.cchar.ch\/de\/\",\"name\":\"CCHAR\",\"description\":\"Centre de Comp\u00e9tences et de Cr\u00e9ation Helv\u00e9tique des Arts de la Rue\",\"publisher\":{\"@id\":\"https:\/\/archives.cchar.ch\/de\/#organization\"},\"potentialAction\":[{\"@type\":\"SearchAction\",\"target\":{\"@type\":\"EntryPoint\",\"urlTemplate\":\"https:\/\/archives.cchar.ch\/de\/?s={search_term_string}\"},\"query-input\":{\"@type\":\"PropertyValueSpecification\",\"valueRequired\":true,\"valueName\":\"search_term_string\"}}],\"inLanguage\":\"de\"},{\"@type\":\"Organization\",\"@id\":\"https:\/\/archives.cchar.ch\/de\/#organization\",\"name\":\"CCHAR\",\"url\":\"https:\/\/archives.cchar.ch\/de\/\",\"logo\":{\"@type\":\"ImageObject\",\"inLanguage\":\"de\",\"@id\":\"https:\/\/archives.cchar.ch\/de\/#\/schema\/logo\/image\/\",\"url\":\"https:\/\/cchar.ch\/wp-content\/uploads\/2021\/09\/logo-CCHAR_PROD_pos-sobre.png\",\"contentUrl\":\"https:\/\/cchar.ch\/wp-content\/uploads\/2021\/09\/logo-CCHAR_PROD_pos-sobre.png\",\"width\":905,\"height\":336,\"caption\":\"CCHAR\"},\"image\":{\"@id\":\"https:\/\/archives.cchar.ch\/de\/#\/schema\/logo\/image\/\"},\"sameAs\":[\"https:\/\/www.facebook.com\/cchar.suisse\/\",\"https:\/\/www.linkedin.com\/company\/cchar\/\"]}]}<\/script>\n<!-- \/ Yoast SEO plugin. -->","yoast_head_json":{"title":"Den Text mit der Stra\u00dfe konfrontieren - CCHAR","robots":{"index":"index","follow":"follow","max-snippet":"max-snippet:-1","max-image-preview":"max-image-preview:large","max-video-preview":"max-video-preview:-1"},"canonical":"https:\/\/archives.cchar.ch\/de\/produit\/den-text-mit-der-strasse-konfrontieren\/","og_locale":"de_DE","og_type":"article","og_title":"Den Text mit der Stra\u00dfe konfrontieren - CCHAR","og_description":"Training 3: Den Text mit der Stra\u00dfe konfrontieren mit Manu Moser","og_url":"https:\/\/archives.cchar.ch\/de\/produit\/den-text-mit-der-strasse-konfrontieren\/","og_site_name":"CCHAR","article_publisher":"https:\/\/www.facebook.com\/cchar.suisse\/","article_modified_time":"2024-11-15T10:16:47+00:00","og_image":[{"width":1500,"height":1000,"url":"https:\/\/archives.cchar.ch\/wp-content\/uploads\/2024\/11\/20230428-CCHAR_Manu-1.jpg","type":"image\/jpeg"}],"twitter_card":"summary_large_image","twitter_misc":{"Gesch\u00e4tzte Lesezeit":"1\u00a0Minute"},"schema":{"@context":"https:\/\/schema.org","@graph":[{"@type":"WebPage","@id":"https:\/\/archives.cchar.ch\/de\/produit\/den-text-mit-der-strasse-konfrontieren\/","url":"https:\/\/archives.cchar.ch\/de\/produit\/den-text-mit-der-strasse-konfrontieren\/","name":"Den Text mit der Stra\u00dfe konfrontieren - CCHAR","isPartOf":{"@id":"https:\/\/archives.cchar.ch\/de\/#website"},"primaryImageOfPage":{"@id":"https:\/\/archives.cchar.ch\/de\/produit\/den-text-mit-der-strasse-konfrontieren\/#primaryimage"},"image":{"@id":"https:\/\/archives.cchar.ch\/de\/produit\/den-text-mit-der-strasse-konfrontieren\/#primaryimage"},"thumbnailUrl":"https:\/\/archives.cchar.ch\/wp-content\/uploads\/2024\/11\/20230428-CCHAR_Manu-1.jpg","datePublished":"2024-11-08T16:58:09+00:00","dateModified":"2024-11-15T10:16:47+00:00","breadcrumb":{"@id":"https:\/\/archives.cchar.ch\/de\/produit\/den-text-mit-der-strasse-konfrontieren\/#breadcrumb"},"inLanguage":"de","potentialAction":[{"@type":"ReadAction","target":["https:\/\/archives.cchar.ch\/de\/produit\/den-text-mit-der-strasse-konfrontieren\/"]}]},{"@type":"ImageObject","inLanguage":"de","@id":"https:\/\/archives.cchar.ch\/de\/produit\/den-text-mit-der-strasse-konfrontieren\/#primaryimage","url":"https:\/\/archives.cchar.ch\/wp-content\/uploads\/2024\/11\/20230428-CCHAR_Manu-1.jpg","contentUrl":"https:\/\/archives.cchar.ch\/wp-content\/uploads\/2024\/11\/20230428-CCHAR_Manu-1.jpg","width":1500,"height":1000},{"@type":"BreadcrumbList","@id":"https:\/\/archives.cchar.ch\/de\/produit\/den-text-mit-der-strasse-konfrontieren\/#breadcrumb","itemListElement":[{"@type":"ListItem","position":1,"name":"Accueil","item":"https:\/\/archives.cchar.ch\/de\/"},{"@type":"ListItem","position":2,"name":"Shop","item":"https:\/\/archives.cchar.ch\/de\/shop\/"},{"@type":"ListItem","position":3,"name":"Den Text mit der Stra\u00dfe konfrontieren"}]},{"@type":"WebSite","@id":"https:\/\/archives.cchar.ch\/de\/#website","url":"https:\/\/archives.cchar.ch\/de\/","name":"CCHAR","description":"Centre de Comp\u00e9tences et de Cr\u00e9ation Helv\u00e9tique des Arts de la Rue","publisher":{"@id":"https:\/\/archives.cchar.ch\/de\/#organization"},"potentialAction":[{"@type":"SearchAction","target":{"@type":"EntryPoint","urlTemplate":"https:\/\/archives.cchar.ch\/de\/?s={search_term_string}"},"query-input":{"@type":"PropertyValueSpecification","valueRequired":true,"valueName":"search_term_string"}}],"inLanguage":"de"},{"@type":"Organization","@id":"https:\/\/archives.cchar.ch\/de\/#organization","name":"CCHAR","url":"https:\/\/archives.cchar.ch\/de\/","logo":{"@type":"ImageObject","inLanguage":"de","@id":"https:\/\/archives.cchar.ch\/de\/#\/schema\/logo\/image\/","url":"https:\/\/cchar.ch\/wp-content\/uploads\/2021\/09\/logo-CCHAR_PROD_pos-sobre.png","contentUrl":"https:\/\/cchar.ch\/wp-content\/uploads\/2021\/09\/logo-CCHAR_PROD_pos-sobre.png","width":905,"height":336,"caption":"CCHAR"},"image":{"@id":"https:\/\/archives.cchar.ch\/de\/#\/schema\/logo\/image\/"},"sameAs":["https:\/\/www.facebook.com\/cchar.suisse\/","https:\/\/www.linkedin.com\/company\/cchar\/"]}]}},"_links":{"self":[{"href":"https:\/\/archives.cchar.ch\/de\/wp-json\/wp\/v2\/product\/48901","targetHints":{"allow":["GET"]}}],"collection":[{"href":"https:\/\/archives.cchar.ch\/de\/wp-json\/wp\/v2\/product"}],"about":[{"href":"https:\/\/archives.cchar.ch\/de\/wp-json\/wp\/v2\/types\/product"}],"version-history":[{"count":3,"href":"https:\/\/archives.cchar.ch\/de\/wp-json\/wp\/v2\/product\/48901\/revisions"}],"predecessor-version":[{"id":48934,"href":"https:\/\/archives.cchar.ch\/de\/wp-json\/wp\/v2\/product\/48901\/revisions\/48934"}],"wp:featuredmedia":[{"embeddable":true,"href":"https:\/\/archives.cchar.ch\/de\/wp-json\/wp\/v2\/media\/48842"}],"wp:attachment":[{"href":"https:\/\/archives.cchar.ch\/de\/wp-json\/wp\/v2\/media?parent=48901"}],"wp:term":[{"taxonomy":"product_brand","embeddable":true,"href":"https:\/\/archives.cchar.ch\/de\/wp-json\/wp\/v2\/product_brand?post=48901"},{"taxonomy":"product_cat","embeddable":true,"href":"https:\/\/archives.cchar.ch\/de\/wp-json\/wp\/v2\/product_cat?post=48901"},{"taxonomy":"product_tag","embeddable":true,"href":"https:\/\/archives.cchar.ch\/de\/wp-json\/wp\/v2\/product_tag?post=48901"}],"curies":[{"name":"wp","href":"https:\/\/api.w.org\/{rel}","templated":true}]}}