{"id":48896,"date":"2024-11-10T17:42:42","date_gmt":"2024-11-10T16:42:42","guid":{"rendered":"https:\/\/cchar.ch\/produit\/entwerfen-fuer-den-oeffentlichen-raum\/"},"modified":"2024-11-15T11:20:16","modified_gmt":"2024-11-15T10:20:16","slug":"entwerfen-fuer-den-oeffentlichen-raum","status":"publish","type":"product","link":"https:\/\/archives.cchar.ch\/de\/produit\/entwerfen-fuer-den-oeffentlichen-raum\/","title":{"rendered":"Entwerfen f\u00fcr den \u00f6ffentlichen Raum"},"content":{"rendered":"<p><strong>Training 5:<\/strong> Kreieren f\u00fcr den \u00f6ffentlichen Raum mit Laura Dahan und C\u00e9cile Le Meignen, <a href=\"https:\/\/fugaces.com\/\" target=\"_blank\" rel=\"noopener\"><strong>Cie les Fugaces<\/strong> <\/a>(F)<\/p>\n<p>Die Erfindung von Geschichten f\u00fcr den \u00f6ffentlichen Raum betrifft sowohl die Dramaturgie, die Erfindung der Sprache und der Charaktere als auch die Platzierung im Raum. Aber wie geht man damit um?<\/p>\n<p>In diesem Modul werden wir unsere Werkzeuge und Erfahrungen beim Schreiben von Auff\u00fchrungen f\u00fcr den \u00f6ffentlichen Raum mit Ihnen teilen. Parallel dazu werden wir Sie auf der Suche nach Ihrer eigenen Handschrift begleiten.<br \/>\nDas Ziel am Ende der Woche ist, dass jeder seine eigene einzigartige und originelle k\u00fcnstlerische Sprache entdeckt und zu entwickeln begonnen hat, indem er an der Erfindung und Schaffung eines kollektiven Freskos mitarbeitet, das in einer einmaligen Auff\u00fchrung pr\u00e4sentiert wird.<\/p>\n<p>3. bis 7. August 2025<br \/>\nDer Kurs wird mit einer \u00f6ffentlichen Pr\u00e4sentation w\u00e4hrend des Festivals am Strand von Six Pompes abgeschlossen.<\/p>\n<p>Alle Informationen -&gt; <a href=\"https:\/\/cchar.ch\/de\/evenement\/weiterbildung-entwerfen-fur-den-offentlichen-raum\/\"><strong>hier<\/strong><\/a><\/p>\n","protected":false},"excerpt":{"rendered":"<p><strong>Training 5:<\/strong> Kreieren f\u00fcr den \u00f6ffentlichen Raum mit Laura Dahan und C\u00e9cile Le Meignen, <a href=\"https:\/\/fugaces.com\/\" target=\"_blank\" rel=\"noopener\"><strong>Cie les Fugaces<\/strong> <\/a>(F)<\/p>\n","protected":false},"featured_media":48803,"template":"","meta":{"_acf_changed":false},"product_brand":[],"product_cat":[122],"product_tag":[],"class_list":{"0":"post-48896","1":"product","2":"type-product","3":"status-publish","4":"has-post-thumbnail","6":"product_cat-weiterbildung","8":"first","9":"outofstock","10":"shipping-taxable","11":"purchasable","12":"product-type-simple"},"acf":[],"yoast_head":"<!-- This site is optimized with the Yoast SEO plugin v25.9 - https:\/\/yoast.com\/wordpress\/plugins\/seo\/ -->\n<title>Entwerfen f\u00fcr den \u00f6ffentlichen Raum - CCHAR<\/title>\n<meta name=\"robots\" content=\"index, follow, max-snippet:-1, max-image-preview:large, max-video-preview:-1\" \/>\n<link rel=\"canonical\" href=\"https:\/\/archives.cchar.ch\/de\/produit\/entwerfen-fuer-den-oeffentlichen-raum\/\" \/>\n<meta property=\"og:locale\" content=\"de_DE\" \/>\n<meta property=\"og:type\" content=\"article\" \/>\n<meta property=\"og:title\" content=\"Entwerfen f\u00fcr den \u00f6ffentlichen Raum - CCHAR\" \/>\n<meta property=\"og:description\" content=\"Training 5: Kreieren f\u00fcr den \u00f6ffentlichen Raum mit Laura Dahan und C\u00e9cile Le Meignen, Cie les Fugaces (F)\" \/>\n<meta property=\"og:url\" content=\"https:\/\/archives.cchar.ch\/de\/produit\/entwerfen-fuer-den-oeffentlichen-raum\/\" \/>\n<meta property=\"og:site_name\" content=\"CCHAR\" \/>\n<meta property=\"article:publisher\" content=\"https:\/\/www.facebook.com\/cchar.suisse\/\" \/>\n<meta property=\"article:modified_time\" content=\"2024-11-15T10:20:16+00:00\" \/>\n<meta property=\"og:image\" content=\"https:\/\/archives.cchar.ch\/wp-content\/uploads\/2024\/11\/P2060850_cb-11-scaled.jpg\" \/>\n\t<meta property=\"og:image:width\" content=\"2560\" \/>\n\t<meta property=\"og:image:height\" content=\"1920\" \/>\n\t<meta property=\"og:image:type\" content=\"image\/jpeg\" \/>\n<meta name=\"twitter:card\" content=\"summary_large_image\" \/>\n<meta name=\"twitter:label1\" content=\"Gesch\u00e4tzte Lesezeit\" \/>\n\t<meta name=\"twitter:data1\" content=\"1\u00a0Minute\" \/>\n<script type=\"application\/ld+json\" class=\"yoast-schema-graph\">{\"@context\":\"https:\/\/schema.org\",\"@graph\":[{\"@type\":\"WebPage\",\"@id\":\"https:\/\/archives.cchar.ch\/de\/produit\/entwerfen-fuer-den-oeffentlichen-raum\/\",\"url\":\"https:\/\/archives.cchar.ch\/de\/produit\/entwerfen-fuer-den-oeffentlichen-raum\/\",\"name\":\"Entwerfen f\u00fcr den \u00f6ffentlichen Raum - CCHAR\",\"isPartOf\":{\"@id\":\"https:\/\/archives.cchar.ch\/de\/#website\"},\"primaryImageOfPage\":{\"@id\":\"https:\/\/archives.cchar.ch\/de\/produit\/entwerfen-fuer-den-oeffentlichen-raum\/#primaryimage\"},\"image\":{\"@id\":\"https:\/\/archives.cchar.ch\/de\/produit\/entwerfen-fuer-den-oeffentlichen-raum\/#primaryimage\"},\"thumbnailUrl\":\"https:\/\/archives.cchar.ch\/wp-content\/uploads\/2024\/11\/P2060850_cb-11-scaled.jpg\",\"datePublished\":\"2024-11-10T16:42:42+00:00\",\"dateModified\":\"2024-11-15T10:20:16+00:00\",\"breadcrumb\":{\"@id\":\"https:\/\/archives.cchar.ch\/de\/produit\/entwerfen-fuer-den-oeffentlichen-raum\/#breadcrumb\"},\"inLanguage\":\"de\",\"potentialAction\":[{\"@type\":\"ReadAction\",\"target\":[\"https:\/\/archives.cchar.ch\/de\/produit\/entwerfen-fuer-den-oeffentlichen-raum\/\"]}]},{\"@type\":\"ImageObject\",\"inLanguage\":\"de\",\"@id\":\"https:\/\/archives.cchar.ch\/de\/produit\/entwerfen-fuer-den-oeffentlichen-raum\/#primaryimage\",\"url\":\"https:\/\/archives.cchar.ch\/wp-content\/uploads\/2024\/11\/P2060850_cb-11-scaled.jpg\",\"contentUrl\":\"https:\/\/archives.cchar.ch\/wp-content\/uploads\/2024\/11\/P2060850_cb-11-scaled.jpg\",\"width\":2560,\"height\":1920},{\"@type\":\"BreadcrumbList\",\"@id\":\"https:\/\/archives.cchar.ch\/de\/produit\/entwerfen-fuer-den-oeffentlichen-raum\/#breadcrumb\",\"itemListElement\":[{\"@type\":\"ListItem\",\"position\":1,\"name\":\"Accueil\",\"item\":\"https:\/\/archives.cchar.ch\/de\/\"},{\"@type\":\"ListItem\",\"position\":2,\"name\":\"Shop\",\"item\":\"https:\/\/archives.cchar.ch\/de\/shop\/\"},{\"@type\":\"ListItem\",\"position\":3,\"name\":\"Entwerfen f\u00fcr den \u00f6ffentlichen Raum\"}]},{\"@type\":\"WebSite\",\"@id\":\"https:\/\/archives.cchar.ch\/de\/#website\",\"url\":\"https:\/\/archives.cchar.ch\/de\/\",\"name\":\"CCHAR\",\"description\":\"Centre de Comp\u00e9tences et de Cr\u00e9ation Helv\u00e9tique des Arts de la Rue\",\"publisher\":{\"@id\":\"https:\/\/archives.cchar.ch\/de\/#organization\"},\"potentialAction\":[{\"@type\":\"SearchAction\",\"target\":{\"@type\":\"EntryPoint\",\"urlTemplate\":\"https:\/\/archives.cchar.ch\/de\/?s={search_term_string}\"},\"query-input\":{\"@type\":\"PropertyValueSpecification\",\"valueRequired\":true,\"valueName\":\"search_term_string\"}}],\"inLanguage\":\"de\"},{\"@type\":\"Organization\",\"@id\":\"https:\/\/archives.cchar.ch\/de\/#organization\",\"name\":\"CCHAR\",\"url\":\"https:\/\/archives.cchar.ch\/de\/\",\"logo\":{\"@type\":\"ImageObject\",\"inLanguage\":\"de\",\"@id\":\"https:\/\/archives.cchar.ch\/de\/#\/schema\/logo\/image\/\",\"url\":\"https:\/\/cchar.ch\/wp-content\/uploads\/2021\/09\/logo-CCHAR_PROD_pos-sobre.png\",\"contentUrl\":\"https:\/\/cchar.ch\/wp-content\/uploads\/2021\/09\/logo-CCHAR_PROD_pos-sobre.png\",\"width\":905,\"height\":336,\"caption\":\"CCHAR\"},\"image\":{\"@id\":\"https:\/\/archives.cchar.ch\/de\/#\/schema\/logo\/image\/\"},\"sameAs\":[\"https:\/\/www.facebook.com\/cchar.suisse\/\",\"https:\/\/www.linkedin.com\/company\/cchar\/\"]}]}<\/script>\n<!-- \/ Yoast SEO plugin. -->","yoast_head_json":{"title":"Entwerfen f\u00fcr den \u00f6ffentlichen Raum - CCHAR","robots":{"index":"index","follow":"follow","max-snippet":"max-snippet:-1","max-image-preview":"max-image-preview:large","max-video-preview":"max-video-preview:-1"},"canonical":"https:\/\/archives.cchar.ch\/de\/produit\/entwerfen-fuer-den-oeffentlichen-raum\/","og_locale":"de_DE","og_type":"article","og_title":"Entwerfen f\u00fcr den \u00f6ffentlichen Raum - CCHAR","og_description":"Training 5: Kreieren f\u00fcr den \u00f6ffentlichen Raum mit Laura Dahan und C\u00e9cile Le Meignen, Cie les Fugaces (F)","og_url":"https:\/\/archives.cchar.ch\/de\/produit\/entwerfen-fuer-den-oeffentlichen-raum\/","og_site_name":"CCHAR","article_publisher":"https:\/\/www.facebook.com\/cchar.suisse\/","article_modified_time":"2024-11-15T10:20:16+00:00","og_image":[{"width":2560,"height":1920,"url":"https:\/\/archives.cchar.ch\/wp-content\/uploads\/2024\/11\/P2060850_cb-11-scaled.jpg","type":"image\/jpeg"}],"twitter_card":"summary_large_image","twitter_misc":{"Gesch\u00e4tzte Lesezeit":"1\u00a0Minute"},"schema":{"@context":"https:\/\/schema.org","@graph":[{"@type":"WebPage","@id":"https:\/\/archives.cchar.ch\/de\/produit\/entwerfen-fuer-den-oeffentlichen-raum\/","url":"https:\/\/archives.cchar.ch\/de\/produit\/entwerfen-fuer-den-oeffentlichen-raum\/","name":"Entwerfen f\u00fcr den \u00f6ffentlichen Raum - CCHAR","isPartOf":{"@id":"https:\/\/archives.cchar.ch\/de\/#website"},"primaryImageOfPage":{"@id":"https:\/\/archives.cchar.ch\/de\/produit\/entwerfen-fuer-den-oeffentlichen-raum\/#primaryimage"},"image":{"@id":"https:\/\/archives.cchar.ch\/de\/produit\/entwerfen-fuer-den-oeffentlichen-raum\/#primaryimage"},"thumbnailUrl":"https:\/\/archives.cchar.ch\/wp-content\/uploads\/2024\/11\/P2060850_cb-11-scaled.jpg","datePublished":"2024-11-10T16:42:42+00:00","dateModified":"2024-11-15T10:20:16+00:00","breadcrumb":{"@id":"https:\/\/archives.cchar.ch\/de\/produit\/entwerfen-fuer-den-oeffentlichen-raum\/#breadcrumb"},"inLanguage":"de","potentialAction":[{"@type":"ReadAction","target":["https:\/\/archives.cchar.ch\/de\/produit\/entwerfen-fuer-den-oeffentlichen-raum\/"]}]},{"@type":"ImageObject","inLanguage":"de","@id":"https:\/\/archives.cchar.ch\/de\/produit\/entwerfen-fuer-den-oeffentlichen-raum\/#primaryimage","url":"https:\/\/archives.cchar.ch\/wp-content\/uploads\/2024\/11\/P2060850_cb-11-scaled.jpg","contentUrl":"https:\/\/archives.cchar.ch\/wp-content\/uploads\/2024\/11\/P2060850_cb-11-scaled.jpg","width":2560,"height":1920},{"@type":"BreadcrumbList","@id":"https:\/\/archives.cchar.ch\/de\/produit\/entwerfen-fuer-den-oeffentlichen-raum\/#breadcrumb","itemListElement":[{"@type":"ListItem","position":1,"name":"Accueil","item":"https:\/\/archives.cchar.ch\/de\/"},{"@type":"ListItem","position":2,"name":"Shop","item":"https:\/\/archives.cchar.ch\/de\/shop\/"},{"@type":"ListItem","position":3,"name":"Entwerfen f\u00fcr den \u00f6ffentlichen Raum"}]},{"@type":"WebSite","@id":"https:\/\/archives.cchar.ch\/de\/#website","url":"https:\/\/archives.cchar.ch\/de\/","name":"CCHAR","description":"Centre de Comp\u00e9tences et de Cr\u00e9ation Helv\u00e9tique des Arts de la Rue","publisher":{"@id":"https:\/\/archives.cchar.ch\/de\/#organization"},"potentialAction":[{"@type":"SearchAction","target":{"@type":"EntryPoint","urlTemplate":"https:\/\/archives.cchar.ch\/de\/?s={search_term_string}"},"query-input":{"@type":"PropertyValueSpecification","valueRequired":true,"valueName":"search_term_string"}}],"inLanguage":"de"},{"@type":"Organization","@id":"https:\/\/archives.cchar.ch\/de\/#organization","name":"CCHAR","url":"https:\/\/archives.cchar.ch\/de\/","logo":{"@type":"ImageObject","inLanguage":"de","@id":"https:\/\/archives.cchar.ch\/de\/#\/schema\/logo\/image\/","url":"https:\/\/cchar.ch\/wp-content\/uploads\/2021\/09\/logo-CCHAR_PROD_pos-sobre.png","contentUrl":"https:\/\/cchar.ch\/wp-content\/uploads\/2021\/09\/logo-CCHAR_PROD_pos-sobre.png","width":905,"height":336,"caption":"CCHAR"},"image":{"@id":"https:\/\/archives.cchar.ch\/de\/#\/schema\/logo\/image\/"},"sameAs":["https:\/\/www.facebook.com\/cchar.suisse\/","https:\/\/www.linkedin.com\/company\/cchar\/"]}]}},"_links":{"self":[{"href":"https:\/\/archives.cchar.ch\/de\/wp-json\/wp\/v2\/product\/48896","targetHints":{"allow":["GET"]}}],"collection":[{"href":"https:\/\/archives.cchar.ch\/de\/wp-json\/wp\/v2\/product"}],"about":[{"href":"https:\/\/archives.cchar.ch\/de\/wp-json\/wp\/v2\/types\/product"}],"version-history":[{"count":1,"href":"https:\/\/archives.cchar.ch\/de\/wp-json\/wp\/v2\/product\/48896\/revisions"}],"predecessor-version":[{"id":48937,"href":"https:\/\/archives.cchar.ch\/de\/wp-json\/wp\/v2\/product\/48896\/revisions\/48937"}],"wp:featuredmedia":[{"embeddable":true,"href":"https:\/\/archives.cchar.ch\/de\/wp-json\/wp\/v2\/media\/48803"}],"wp:attachment":[{"href":"https:\/\/archives.cchar.ch\/de\/wp-json\/wp\/v2\/media?parent=48896"}],"wp:term":[{"taxonomy":"product_brand","embeddable":true,"href":"https:\/\/archives.cchar.ch\/de\/wp-json\/wp\/v2\/product_brand?post=48896"},{"taxonomy":"product_cat","embeddable":true,"href":"https:\/\/archives.cchar.ch\/de\/wp-json\/wp\/v2\/product_cat?post=48896"},{"taxonomy":"product_tag","embeddable":true,"href":"https:\/\/archives.cchar.ch\/de\/wp-json\/wp\/v2\/product_tag?post=48896"}],"curies":[{"name":"wp","href":"https:\/\/api.w.org\/{rel}","templated":true}]}}