{"id":43489,"date":"2023-11-09T11:37:06","date_gmt":"2023-11-09T10:37:06","guid":{"rendered":"https:\/\/cchar.ch\/produit\/schreiben-fuer-den-oeffentlichen-raum\/"},"modified":"2024-02-26T17:08:20","modified_gmt":"2024-02-26T16:08:20","slug":"schreiben-fuer-den-oeffentlichen-raum","status":"publish","type":"product","link":"https:\/\/archives.cchar.ch\/de\/produit\/schreiben-fuer-den-oeffentlichen-raum\/","title":{"rendered":"F\u00fcr den \u00f6ffentlichen Raum zu schreiben"},"content":{"rendered":"<p><strong>Modul 3: <\/strong>F\u00fcr den \u00f6ffentlichen Raum zu schreiben mit <strong>Laura Dahan und C\u00e9cile Le Meignen<\/strong>, Schauspielerinnen, Regisseurinnen, Autorinnen, k\u00fcnstlerische Co-Direktorinnen der <a href=\"http:\/\/fugaces.com\">Cie les Fugaces<\/a> (F)<\/p>\n<p>Wie schreibt man f\u00fcr den \u00f6ffentlichen Raum? Wie findet man das Gleichgewicht zwischen der geschriebenen, geplanten Partitur und einem unvermeidbaren Improvisationsteil? Wie der Begriff des Schreibens den Text, aber auch die Raumimplementierung betrifft? Welche Textualit\u00e4t kann die Pr\u00fcfung der Strasse bestehen, f\u00fcr welche Zuschauerzahl, und wie spricht man, wenn man sich bewegt?<\/p>\n<p>&nbsp;<\/p>\n<p><strong>Alle Infos -&gt; <a href=\"https:\/\/cchar.ch\/evenement\/formation-continue-ecrire-pour-lespace-public-2\/\">hier<\/a><\/strong><\/p>\n","protected":false},"excerpt":{"rendered":"<p><strong>Modul 3: <\/strong>F\u00fcr den \u00f6ffentlichen Raum zu schreiben mit <strong>Laura Dahan und C\u00e9cile Le Meignen<\/strong> von der <a href=\"http:\/\/fugaces.com\">Cie les Fugaces<\/a><\/p>\n","protected":false},"featured_media":43495,"template":"","meta":{"_acf_changed":false},"product_brand":[],"product_cat":[122],"product_tag":[],"class_list":{"0":"post-43489","1":"product","2":"type-product","3":"status-publish","4":"has-post-thumbnail","6":"product_cat-weiterbildung","8":"first","9":"instock","10":"purchasable","11":"product-type-simple"},"acf":[],"yoast_head":"<!-- This site is optimized with the Yoast SEO plugin v25.9 - https:\/\/yoast.com\/wordpress\/plugins\/seo\/ -->\n<title>F\u00fcr den \u00f6ffentlichen Raum zu schreiben - CCHAR<\/title>\n<meta name=\"robots\" content=\"index, follow, max-snippet:-1, max-image-preview:large, max-video-preview:-1\" \/>\n<link rel=\"canonical\" href=\"https:\/\/archives.cchar.ch\/de\/produit\/schreiben-fuer-den-oeffentlichen-raum\/\" \/>\n<meta property=\"og:locale\" content=\"de_DE\" \/>\n<meta property=\"og:type\" content=\"article\" \/>\n<meta property=\"og:title\" content=\"F\u00fcr den \u00f6ffentlichen Raum zu schreiben - CCHAR\" \/>\n<meta property=\"og:description\" content=\"Modul 3: F\u00fcr den \u00f6ffentlichen Raum zu schreiben mit Laura Dahan und C\u00e9cile Le Meignen von der Cie les Fugaces\" \/>\n<meta property=\"og:url\" content=\"https:\/\/archives.cchar.ch\/de\/produit\/schreiben-fuer-den-oeffentlichen-raum\/\" \/>\n<meta property=\"og:site_name\" content=\"CCHAR\" \/>\n<meta property=\"article:publisher\" content=\"https:\/\/www.facebook.com\/cchar.suisse\/\" \/>\n<meta property=\"article:modified_time\" content=\"2024-02-26T16:08:20+00:00\" \/>\n<meta property=\"og:image\" content=\"https:\/\/archives.cchar.ch\/wp-content\/uploads\/2023\/11\/20230527-CCHAR_CIE-LES-FUGACES-FR_00034-1.jpg\" \/>\n\t<meta property=\"og:image:width\" content=\"1920\" \/>\n\t<meta property=\"og:image:height\" content=\"1280\" \/>\n\t<meta property=\"og:image:type\" content=\"image\/jpeg\" \/>\n<meta name=\"twitter:card\" content=\"summary_large_image\" \/>\n<script type=\"application\/ld+json\" class=\"yoast-schema-graph\">{\"@context\":\"https:\/\/schema.org\",\"@graph\":[{\"@type\":\"WebPage\",\"@id\":\"https:\/\/archives.cchar.ch\/de\/produit\/schreiben-fuer-den-oeffentlichen-raum\/\",\"url\":\"https:\/\/archives.cchar.ch\/de\/produit\/schreiben-fuer-den-oeffentlichen-raum\/\",\"name\":\"F\u00fcr den \u00f6ffentlichen Raum zu schreiben - CCHAR\",\"isPartOf\":{\"@id\":\"https:\/\/archives.cchar.ch\/de\/#website\"},\"primaryImageOfPage\":{\"@id\":\"https:\/\/archives.cchar.ch\/de\/produit\/schreiben-fuer-den-oeffentlichen-raum\/#primaryimage\"},\"image\":{\"@id\":\"https:\/\/archives.cchar.ch\/de\/produit\/schreiben-fuer-den-oeffentlichen-raum\/#primaryimage\"},\"thumbnailUrl\":\"https:\/\/archives.cchar.ch\/wp-content\/uploads\/2023\/11\/20230527-CCHAR_CIE-LES-FUGACES-FR_00034-1.jpg\",\"datePublished\":\"2023-11-09T10:37:06+00:00\",\"dateModified\":\"2024-02-26T16:08:20+00:00\",\"breadcrumb\":{\"@id\":\"https:\/\/archives.cchar.ch\/de\/produit\/schreiben-fuer-den-oeffentlichen-raum\/#breadcrumb\"},\"inLanguage\":\"de\",\"potentialAction\":[{\"@type\":\"ReadAction\",\"target\":[\"https:\/\/archives.cchar.ch\/de\/produit\/schreiben-fuer-den-oeffentlichen-raum\/\"]}]},{\"@type\":\"ImageObject\",\"inLanguage\":\"de\",\"@id\":\"https:\/\/archives.cchar.ch\/de\/produit\/schreiben-fuer-den-oeffentlichen-raum\/#primaryimage\",\"url\":\"https:\/\/archives.cchar.ch\/wp-content\/uploads\/2023\/11\/20230527-CCHAR_CIE-LES-FUGACES-FR_00034-1.jpg\",\"contentUrl\":\"https:\/\/archives.cchar.ch\/wp-content\/uploads\/2023\/11\/20230527-CCHAR_CIE-LES-FUGACES-FR_00034-1.jpg\",\"width\":1920,\"height\":1280},{\"@type\":\"BreadcrumbList\",\"@id\":\"https:\/\/archives.cchar.ch\/de\/produit\/schreiben-fuer-den-oeffentlichen-raum\/#breadcrumb\",\"itemListElement\":[{\"@type\":\"ListItem\",\"position\":1,\"name\":\"Accueil\",\"item\":\"https:\/\/archives.cchar.ch\/de\/\"},{\"@type\":\"ListItem\",\"position\":2,\"name\":\"Shop\",\"item\":\"https:\/\/archives.cchar.ch\/de\/shop\/\"},{\"@type\":\"ListItem\",\"position\":3,\"name\":\"F\u00fcr den \u00f6ffentlichen Raum zu schreiben\"}]},{\"@type\":\"WebSite\",\"@id\":\"https:\/\/archives.cchar.ch\/de\/#website\",\"url\":\"https:\/\/archives.cchar.ch\/de\/\",\"name\":\"CCHAR\",\"description\":\"Centre de Comp\u00e9tences et de Cr\u00e9ation Helv\u00e9tique des Arts de la Rue\",\"publisher\":{\"@id\":\"https:\/\/archives.cchar.ch\/de\/#organization\"},\"potentialAction\":[{\"@type\":\"SearchAction\",\"target\":{\"@type\":\"EntryPoint\",\"urlTemplate\":\"https:\/\/archives.cchar.ch\/de\/?s={search_term_string}\"},\"query-input\":{\"@type\":\"PropertyValueSpecification\",\"valueRequired\":true,\"valueName\":\"search_term_string\"}}],\"inLanguage\":\"de\"},{\"@type\":\"Organization\",\"@id\":\"https:\/\/archives.cchar.ch\/de\/#organization\",\"name\":\"CCHAR\",\"url\":\"https:\/\/archives.cchar.ch\/de\/\",\"logo\":{\"@type\":\"ImageObject\",\"inLanguage\":\"de\",\"@id\":\"https:\/\/archives.cchar.ch\/de\/#\/schema\/logo\/image\/\",\"url\":\"https:\/\/cchar.ch\/wp-content\/uploads\/2021\/09\/logo-CCHAR_PROD_pos-sobre.png\",\"contentUrl\":\"https:\/\/cchar.ch\/wp-content\/uploads\/2021\/09\/logo-CCHAR_PROD_pos-sobre.png\",\"width\":905,\"height\":336,\"caption\":\"CCHAR\"},\"image\":{\"@id\":\"https:\/\/archives.cchar.ch\/de\/#\/schema\/logo\/image\/\"},\"sameAs\":[\"https:\/\/www.facebook.com\/cchar.suisse\/\",\"https:\/\/www.linkedin.com\/company\/cchar\/\"]}]}<\/script>\n<!-- \/ Yoast SEO plugin. -->","yoast_head_json":{"title":"F\u00fcr den \u00f6ffentlichen Raum zu schreiben - CCHAR","robots":{"index":"index","follow":"follow","max-snippet":"max-snippet:-1","max-image-preview":"max-image-preview:large","max-video-preview":"max-video-preview:-1"},"canonical":"https:\/\/archives.cchar.ch\/de\/produit\/schreiben-fuer-den-oeffentlichen-raum\/","og_locale":"de_DE","og_type":"article","og_title":"F\u00fcr den \u00f6ffentlichen Raum zu schreiben - CCHAR","og_description":"Modul 3: F\u00fcr den \u00f6ffentlichen Raum zu schreiben mit Laura Dahan und C\u00e9cile Le Meignen von der Cie les Fugaces","og_url":"https:\/\/archives.cchar.ch\/de\/produit\/schreiben-fuer-den-oeffentlichen-raum\/","og_site_name":"CCHAR","article_publisher":"https:\/\/www.facebook.com\/cchar.suisse\/","article_modified_time":"2024-02-26T16:08:20+00:00","og_image":[{"width":1920,"height":1280,"url":"https:\/\/archives.cchar.ch\/wp-content\/uploads\/2023\/11\/20230527-CCHAR_CIE-LES-FUGACES-FR_00034-1.jpg","type":"image\/jpeg"}],"twitter_card":"summary_large_image","schema":{"@context":"https:\/\/schema.org","@graph":[{"@type":"WebPage","@id":"https:\/\/archives.cchar.ch\/de\/produit\/schreiben-fuer-den-oeffentlichen-raum\/","url":"https:\/\/archives.cchar.ch\/de\/produit\/schreiben-fuer-den-oeffentlichen-raum\/","name":"F\u00fcr den \u00f6ffentlichen Raum zu schreiben - CCHAR","isPartOf":{"@id":"https:\/\/archives.cchar.ch\/de\/#website"},"primaryImageOfPage":{"@id":"https:\/\/archives.cchar.ch\/de\/produit\/schreiben-fuer-den-oeffentlichen-raum\/#primaryimage"},"image":{"@id":"https:\/\/archives.cchar.ch\/de\/produit\/schreiben-fuer-den-oeffentlichen-raum\/#primaryimage"},"thumbnailUrl":"https:\/\/archives.cchar.ch\/wp-content\/uploads\/2023\/11\/20230527-CCHAR_CIE-LES-FUGACES-FR_00034-1.jpg","datePublished":"2023-11-09T10:37:06+00:00","dateModified":"2024-02-26T16:08:20+00:00","breadcrumb":{"@id":"https:\/\/archives.cchar.ch\/de\/produit\/schreiben-fuer-den-oeffentlichen-raum\/#breadcrumb"},"inLanguage":"de","potentialAction":[{"@type":"ReadAction","target":["https:\/\/archives.cchar.ch\/de\/produit\/schreiben-fuer-den-oeffentlichen-raum\/"]}]},{"@type":"ImageObject","inLanguage":"de","@id":"https:\/\/archives.cchar.ch\/de\/produit\/schreiben-fuer-den-oeffentlichen-raum\/#primaryimage","url":"https:\/\/archives.cchar.ch\/wp-content\/uploads\/2023\/11\/20230527-CCHAR_CIE-LES-FUGACES-FR_00034-1.jpg","contentUrl":"https:\/\/archives.cchar.ch\/wp-content\/uploads\/2023\/11\/20230527-CCHAR_CIE-LES-FUGACES-FR_00034-1.jpg","width":1920,"height":1280},{"@type":"BreadcrumbList","@id":"https:\/\/archives.cchar.ch\/de\/produit\/schreiben-fuer-den-oeffentlichen-raum\/#breadcrumb","itemListElement":[{"@type":"ListItem","position":1,"name":"Accueil","item":"https:\/\/archives.cchar.ch\/de\/"},{"@type":"ListItem","position":2,"name":"Shop","item":"https:\/\/archives.cchar.ch\/de\/shop\/"},{"@type":"ListItem","position":3,"name":"F\u00fcr den \u00f6ffentlichen Raum zu schreiben"}]},{"@type":"WebSite","@id":"https:\/\/archives.cchar.ch\/de\/#website","url":"https:\/\/archives.cchar.ch\/de\/","name":"CCHAR","description":"Centre de Comp\u00e9tences et de Cr\u00e9ation Helv\u00e9tique des Arts de la Rue","publisher":{"@id":"https:\/\/archives.cchar.ch\/de\/#organization"},"potentialAction":[{"@type":"SearchAction","target":{"@type":"EntryPoint","urlTemplate":"https:\/\/archives.cchar.ch\/de\/?s={search_term_string}"},"query-input":{"@type":"PropertyValueSpecification","valueRequired":true,"valueName":"search_term_string"}}],"inLanguage":"de"},{"@type":"Organization","@id":"https:\/\/archives.cchar.ch\/de\/#organization","name":"CCHAR","url":"https:\/\/archives.cchar.ch\/de\/","logo":{"@type":"ImageObject","inLanguage":"de","@id":"https:\/\/archives.cchar.ch\/de\/#\/schema\/logo\/image\/","url":"https:\/\/cchar.ch\/wp-content\/uploads\/2021\/09\/logo-CCHAR_PROD_pos-sobre.png","contentUrl":"https:\/\/cchar.ch\/wp-content\/uploads\/2021\/09\/logo-CCHAR_PROD_pos-sobre.png","width":905,"height":336,"caption":"CCHAR"},"image":{"@id":"https:\/\/archives.cchar.ch\/de\/#\/schema\/logo\/image\/"},"sameAs":["https:\/\/www.facebook.com\/cchar.suisse\/","https:\/\/www.linkedin.com\/company\/cchar\/"]}]}},"_links":{"self":[{"href":"https:\/\/archives.cchar.ch\/de\/wp-json\/wp\/v2\/product\/43489","targetHints":{"allow":["GET"]}}],"collection":[{"href":"https:\/\/archives.cchar.ch\/de\/wp-json\/wp\/v2\/product"}],"about":[{"href":"https:\/\/archives.cchar.ch\/de\/wp-json\/wp\/v2\/types\/product"}],"version-history":[{"count":2,"href":"https:\/\/archives.cchar.ch\/de\/wp-json\/wp\/v2\/product\/43489\/revisions"}],"predecessor-version":[{"id":44443,"href":"https:\/\/archives.cchar.ch\/de\/wp-json\/wp\/v2\/product\/43489\/revisions\/44443"}],"wp:featuredmedia":[{"embeddable":true,"href":"https:\/\/archives.cchar.ch\/de\/wp-json\/wp\/v2\/media\/43495"}],"wp:attachment":[{"href":"https:\/\/archives.cchar.ch\/de\/wp-json\/wp\/v2\/media?parent=43489"}],"wp:term":[{"taxonomy":"product_brand","embeddable":true,"href":"https:\/\/archives.cchar.ch\/de\/wp-json\/wp\/v2\/product_brand?post=43489"},{"taxonomy":"product_cat","embeddable":true,"href":"https:\/\/archives.cchar.ch\/de\/wp-json\/wp\/v2\/product_cat?post=43489"},{"taxonomy":"product_tag","embeddable":true,"href":"https:\/\/archives.cchar.ch\/de\/wp-json\/wp\/v2\/product_tag?post=43489"}],"curies":[{"name":"wp","href":"https:\/\/api.w.org\/{rel}","templated":true}]}}