{"id":43468,"date":"2023-11-09T11:36:15","date_gmt":"2023-11-09T10:36:15","guid":{"rendered":"https:\/\/cchar.ch\/produit\/instrumente-und-know-how-die-fuer-das-dramatische-schaffen-im-und-fuer-den-oeffentlichen-raum-typisch-sind\/"},"modified":"2024-02-26T17:38:38","modified_gmt":"2024-02-26T16:38:38","slug":"instrumente-und-know-how-die-fuer-das-dramatische-schaffen-im-und-fuer-den-oeffentlichen-raum-typisch-sind","status":"publish","type":"product","link":"https:\/\/archives.cchar.ch\/de\/produit\/instrumente-und-know-how-die-fuer-das-dramatische-schaffen-im-und-fuer-den-oeffentlichen-raum-typisch-sind\/","title":{"rendered":"Hilfsmitteln und Fachwissen eigen zur dramatische Kreation im und f\u00fcr den \u00f6ffentlichen Raum"},"content":{"rendered":"<p><strong>Modul 2:<\/strong> Hilfsmitteln und Fachwissen eigen zur dramatische Kreation im und f\u00fcr den \u00f6ffentlichen Raum mit <a href=\"http:\/\/www.kinopan.com\/\"><strong>Tom Greder <\/strong><\/a> <\/p>\n<p>Der \u00f6ffentliche Raum bietet eine Reihe von Herausforderungen und M\u00f6glichkeiten, die der K\u00fcnstler integrieren muss, damit er sie ganz ausnutzen kann und sich voll und ganz auf das Publikum einlassen kann. Ger\u00e4usche, Licht, Wetter, Menschenmengen, Bewegung, Raum&#8230;<br \/>\nDie Teilnehmer\/innen werden entdecken, erforschen und lernen, wie sie die Bedingungen und das einzigartige Potenzial des \u00f6ffentlichen Raums um dramatische Werke zu erstellen nutzen k\u00f6nnen.<\/p>\n<p>&nbsp;<\/p>\n<p><strong>Alle Infos-&gt; <a href=\"https:\/\/cchar.ch\/evenement\/formation-continue-outils-et-savoir-faire-propres-a-la-creation-dramatique-en-espace-public\/\">hier<\/a><\/strong><\/p>\n","protected":false},"excerpt":{"rendered":"<p><strong>Modul 2:<\/strong> Hilfsmitteln und Fachwissen eigen zur dramatische Kreation im und f\u00fcr den \u00f6ffentlichen Raum mit <a href=\"http:\/\/www.kinopan.com\/\"><strong>Tom Greder <\/strong><\/a> <\/p>\n","protected":false},"featured_media":43478,"template":"","meta":{"_acf_changed":false},"product_brand":[],"product_cat":[122],"product_tag":[],"class_list":{"0":"post-43468","1":"product","2":"type-product","3":"status-publish","4":"has-post-thumbnail","6":"product_cat-weiterbildung","8":"first","9":"instock","10":"purchasable","11":"product-type-simple"},"acf":[],"yoast_head":"<!-- This site is optimized with the Yoast SEO plugin v25.9 - https:\/\/yoast.com\/wordpress\/plugins\/seo\/ -->\n<title>Hilfsmitteln und Fachwissen eigen zur dramatische Kreation im und f\u00fcr den \u00f6ffentlichen Raum - CCHAR<\/title>\n<meta name=\"robots\" content=\"index, follow, max-snippet:-1, max-image-preview:large, max-video-preview:-1\" \/>\n<link rel=\"canonical\" href=\"https:\/\/archives.cchar.ch\/de\/produit\/instrumente-und-know-how-die-fuer-das-dramatische-schaffen-im-und-fuer-den-oeffentlichen-raum-typisch-sind\/\" \/>\n<meta property=\"og:locale\" content=\"de_DE\" \/>\n<meta property=\"og:type\" content=\"article\" \/>\n<meta property=\"og:title\" content=\"Hilfsmitteln und Fachwissen eigen zur dramatische Kreation im und f\u00fcr den \u00f6ffentlichen Raum - CCHAR\" \/>\n<meta property=\"og:description\" content=\"Modul 2: Hilfsmitteln und Fachwissen eigen zur dramatische Kreation im und f\u00fcr den \u00f6ffentlichen Raum mit Tom Greder\" \/>\n<meta property=\"og:url\" content=\"https:\/\/archives.cchar.ch\/de\/produit\/instrumente-und-know-how-die-fuer-das-dramatische-schaffen-im-und-fuer-den-oeffentlichen-raum-typisch-sind\/\" \/>\n<meta property=\"og:site_name\" content=\"CCHAR\" \/>\n<meta property=\"article:publisher\" content=\"https:\/\/www.facebook.com\/cchar.suisse\/\" \/>\n<meta property=\"article:modified_time\" content=\"2024-02-26T16:38:38+00:00\" \/>\n<meta property=\"og:image\" content=\"https:\/\/archives.cchar.ch\/wp-content\/uploads\/2023\/11\/Tom_Greder_Foto_J.Claire.jpg\" \/>\n\t<meta property=\"og:image:width\" content=\"1772\" \/>\n\t<meta property=\"og:image:height\" content=\"1181\" \/>\n\t<meta property=\"og:image:type\" content=\"image\/jpeg\" \/>\n<meta name=\"twitter:card\" content=\"summary_large_image\" \/>\n<script type=\"application\/ld+json\" class=\"yoast-schema-graph\">{\"@context\":\"https:\/\/schema.org\",\"@graph\":[{\"@type\":\"WebPage\",\"@id\":\"https:\/\/archives.cchar.ch\/de\/produit\/instrumente-und-know-how-die-fuer-das-dramatische-schaffen-im-und-fuer-den-oeffentlichen-raum-typisch-sind\/\",\"url\":\"https:\/\/archives.cchar.ch\/de\/produit\/instrumente-und-know-how-die-fuer-das-dramatische-schaffen-im-und-fuer-den-oeffentlichen-raum-typisch-sind\/\",\"name\":\"Hilfsmitteln und Fachwissen eigen zur dramatische Kreation im und f\u00fcr den \u00f6ffentlichen Raum - CCHAR\",\"isPartOf\":{\"@id\":\"https:\/\/archives.cchar.ch\/de\/#website\"},\"primaryImageOfPage\":{\"@id\":\"https:\/\/archives.cchar.ch\/de\/produit\/instrumente-und-know-how-die-fuer-das-dramatische-schaffen-im-und-fuer-den-oeffentlichen-raum-typisch-sind\/#primaryimage\"},\"image\":{\"@id\":\"https:\/\/archives.cchar.ch\/de\/produit\/instrumente-und-know-how-die-fuer-das-dramatische-schaffen-im-und-fuer-den-oeffentlichen-raum-typisch-sind\/#primaryimage\"},\"thumbnailUrl\":\"https:\/\/archives.cchar.ch\/wp-content\/uploads\/2023\/11\/Tom_Greder_Foto_J.Claire.jpg\",\"datePublished\":\"2023-11-09T10:36:15+00:00\",\"dateModified\":\"2024-02-26T16:38:38+00:00\",\"breadcrumb\":{\"@id\":\"https:\/\/archives.cchar.ch\/de\/produit\/instrumente-und-know-how-die-fuer-das-dramatische-schaffen-im-und-fuer-den-oeffentlichen-raum-typisch-sind\/#breadcrumb\"},\"inLanguage\":\"de\",\"potentialAction\":[{\"@type\":\"ReadAction\",\"target\":[\"https:\/\/archives.cchar.ch\/de\/produit\/instrumente-und-know-how-die-fuer-das-dramatische-schaffen-im-und-fuer-den-oeffentlichen-raum-typisch-sind\/\"]}]},{\"@type\":\"ImageObject\",\"inLanguage\":\"de\",\"@id\":\"https:\/\/archives.cchar.ch\/de\/produit\/instrumente-und-know-how-die-fuer-das-dramatische-schaffen-im-und-fuer-den-oeffentlichen-raum-typisch-sind\/#primaryimage\",\"url\":\"https:\/\/archives.cchar.ch\/wp-content\/uploads\/2023\/11\/Tom_Greder_Foto_J.Claire.jpg\",\"contentUrl\":\"https:\/\/archives.cchar.ch\/wp-content\/uploads\/2023\/11\/Tom_Greder_Foto_J.Claire.jpg\",\"width\":1772,\"height\":1181,\"caption\":\"Premiere des PAN-Projekts beim podring\"},{\"@type\":\"BreadcrumbList\",\"@id\":\"https:\/\/archives.cchar.ch\/de\/produit\/instrumente-und-know-how-die-fuer-das-dramatische-schaffen-im-und-fuer-den-oeffentlichen-raum-typisch-sind\/#breadcrumb\",\"itemListElement\":[{\"@type\":\"ListItem\",\"position\":1,\"name\":\"Accueil\",\"item\":\"https:\/\/archives.cchar.ch\/de\/\"},{\"@type\":\"ListItem\",\"position\":2,\"name\":\"Shop\",\"item\":\"https:\/\/archives.cchar.ch\/de\/shop\/\"},{\"@type\":\"ListItem\",\"position\":3,\"name\":\"Hilfsmitteln und Fachwissen eigen zur dramatische Kreation im und f\u00fcr den \u00f6ffentlichen Raum\"}]},{\"@type\":\"WebSite\",\"@id\":\"https:\/\/archives.cchar.ch\/de\/#website\",\"url\":\"https:\/\/archives.cchar.ch\/de\/\",\"name\":\"CCHAR\",\"description\":\"Centre de Comp\u00e9tences et de Cr\u00e9ation Helv\u00e9tique des Arts de la Rue\",\"publisher\":{\"@id\":\"https:\/\/archives.cchar.ch\/de\/#organization\"},\"potentialAction\":[{\"@type\":\"SearchAction\",\"target\":{\"@type\":\"EntryPoint\",\"urlTemplate\":\"https:\/\/archives.cchar.ch\/de\/?s={search_term_string}\"},\"query-input\":{\"@type\":\"PropertyValueSpecification\",\"valueRequired\":true,\"valueName\":\"search_term_string\"}}],\"inLanguage\":\"de\"},{\"@type\":\"Organization\",\"@id\":\"https:\/\/archives.cchar.ch\/de\/#organization\",\"name\":\"CCHAR\",\"url\":\"https:\/\/archives.cchar.ch\/de\/\",\"logo\":{\"@type\":\"ImageObject\",\"inLanguage\":\"de\",\"@id\":\"https:\/\/archives.cchar.ch\/de\/#\/schema\/logo\/image\/\",\"url\":\"https:\/\/cchar.ch\/wp-content\/uploads\/2021\/09\/logo-CCHAR_PROD_pos-sobre.png\",\"contentUrl\":\"https:\/\/cchar.ch\/wp-content\/uploads\/2021\/09\/logo-CCHAR_PROD_pos-sobre.png\",\"width\":905,\"height\":336,\"caption\":\"CCHAR\"},\"image\":{\"@id\":\"https:\/\/archives.cchar.ch\/de\/#\/schema\/logo\/image\/\"},\"sameAs\":[\"https:\/\/www.facebook.com\/cchar.suisse\/\",\"https:\/\/www.linkedin.com\/company\/cchar\/\"]}]}<\/script>\n<!-- \/ Yoast SEO plugin. -->","yoast_head_json":{"title":"Hilfsmitteln und Fachwissen eigen zur dramatische Kreation im und f\u00fcr den \u00f6ffentlichen Raum - CCHAR","robots":{"index":"index","follow":"follow","max-snippet":"max-snippet:-1","max-image-preview":"max-image-preview:large","max-video-preview":"max-video-preview:-1"},"canonical":"https:\/\/archives.cchar.ch\/de\/produit\/instrumente-und-know-how-die-fuer-das-dramatische-schaffen-im-und-fuer-den-oeffentlichen-raum-typisch-sind\/","og_locale":"de_DE","og_type":"article","og_title":"Hilfsmitteln und Fachwissen eigen zur dramatische Kreation im und f\u00fcr den \u00f6ffentlichen Raum - CCHAR","og_description":"Modul 2: Hilfsmitteln und Fachwissen eigen zur dramatische Kreation im und f\u00fcr den \u00f6ffentlichen Raum mit Tom Greder","og_url":"https:\/\/archives.cchar.ch\/de\/produit\/instrumente-und-know-how-die-fuer-das-dramatische-schaffen-im-und-fuer-den-oeffentlichen-raum-typisch-sind\/","og_site_name":"CCHAR","article_publisher":"https:\/\/www.facebook.com\/cchar.suisse\/","article_modified_time":"2024-02-26T16:38:38+00:00","og_image":[{"width":1772,"height":1181,"url":"https:\/\/archives.cchar.ch\/wp-content\/uploads\/2023\/11\/Tom_Greder_Foto_J.Claire.jpg","type":"image\/jpeg"}],"twitter_card":"summary_large_image","schema":{"@context":"https:\/\/schema.org","@graph":[{"@type":"WebPage","@id":"https:\/\/archives.cchar.ch\/de\/produit\/instrumente-und-know-how-die-fuer-das-dramatische-schaffen-im-und-fuer-den-oeffentlichen-raum-typisch-sind\/","url":"https:\/\/archives.cchar.ch\/de\/produit\/instrumente-und-know-how-die-fuer-das-dramatische-schaffen-im-und-fuer-den-oeffentlichen-raum-typisch-sind\/","name":"Hilfsmitteln und Fachwissen eigen zur dramatische Kreation im und f\u00fcr den \u00f6ffentlichen Raum - CCHAR","isPartOf":{"@id":"https:\/\/archives.cchar.ch\/de\/#website"},"primaryImageOfPage":{"@id":"https:\/\/archives.cchar.ch\/de\/produit\/instrumente-und-know-how-die-fuer-das-dramatische-schaffen-im-und-fuer-den-oeffentlichen-raum-typisch-sind\/#primaryimage"},"image":{"@id":"https:\/\/archives.cchar.ch\/de\/produit\/instrumente-und-know-how-die-fuer-das-dramatische-schaffen-im-und-fuer-den-oeffentlichen-raum-typisch-sind\/#primaryimage"},"thumbnailUrl":"https:\/\/archives.cchar.ch\/wp-content\/uploads\/2023\/11\/Tom_Greder_Foto_J.Claire.jpg","datePublished":"2023-11-09T10:36:15+00:00","dateModified":"2024-02-26T16:38:38+00:00","breadcrumb":{"@id":"https:\/\/archives.cchar.ch\/de\/produit\/instrumente-und-know-how-die-fuer-das-dramatische-schaffen-im-und-fuer-den-oeffentlichen-raum-typisch-sind\/#breadcrumb"},"inLanguage":"de","potentialAction":[{"@type":"ReadAction","target":["https:\/\/archives.cchar.ch\/de\/produit\/instrumente-und-know-how-die-fuer-das-dramatische-schaffen-im-und-fuer-den-oeffentlichen-raum-typisch-sind\/"]}]},{"@type":"ImageObject","inLanguage":"de","@id":"https:\/\/archives.cchar.ch\/de\/produit\/instrumente-und-know-how-die-fuer-das-dramatische-schaffen-im-und-fuer-den-oeffentlichen-raum-typisch-sind\/#primaryimage","url":"https:\/\/archives.cchar.ch\/wp-content\/uploads\/2023\/11\/Tom_Greder_Foto_J.Claire.jpg","contentUrl":"https:\/\/archives.cchar.ch\/wp-content\/uploads\/2023\/11\/Tom_Greder_Foto_J.Claire.jpg","width":1772,"height":1181,"caption":"Premiere des PAN-Projekts beim podring"},{"@type":"BreadcrumbList","@id":"https:\/\/archives.cchar.ch\/de\/produit\/instrumente-und-know-how-die-fuer-das-dramatische-schaffen-im-und-fuer-den-oeffentlichen-raum-typisch-sind\/#breadcrumb","itemListElement":[{"@type":"ListItem","position":1,"name":"Accueil","item":"https:\/\/archives.cchar.ch\/de\/"},{"@type":"ListItem","position":2,"name":"Shop","item":"https:\/\/archives.cchar.ch\/de\/shop\/"},{"@type":"ListItem","position":3,"name":"Hilfsmitteln und Fachwissen eigen zur dramatische Kreation im und f\u00fcr den \u00f6ffentlichen Raum"}]},{"@type":"WebSite","@id":"https:\/\/archives.cchar.ch\/de\/#website","url":"https:\/\/archives.cchar.ch\/de\/","name":"CCHAR","description":"Centre de Comp\u00e9tences et de Cr\u00e9ation Helv\u00e9tique des Arts de la Rue","publisher":{"@id":"https:\/\/archives.cchar.ch\/de\/#organization"},"potentialAction":[{"@type":"SearchAction","target":{"@type":"EntryPoint","urlTemplate":"https:\/\/archives.cchar.ch\/de\/?s={search_term_string}"},"query-input":{"@type":"PropertyValueSpecification","valueRequired":true,"valueName":"search_term_string"}}],"inLanguage":"de"},{"@type":"Organization","@id":"https:\/\/archives.cchar.ch\/de\/#organization","name":"CCHAR","url":"https:\/\/archives.cchar.ch\/de\/","logo":{"@type":"ImageObject","inLanguage":"de","@id":"https:\/\/archives.cchar.ch\/de\/#\/schema\/logo\/image\/","url":"https:\/\/cchar.ch\/wp-content\/uploads\/2021\/09\/logo-CCHAR_PROD_pos-sobre.png","contentUrl":"https:\/\/cchar.ch\/wp-content\/uploads\/2021\/09\/logo-CCHAR_PROD_pos-sobre.png","width":905,"height":336,"caption":"CCHAR"},"image":{"@id":"https:\/\/archives.cchar.ch\/de\/#\/schema\/logo\/image\/"},"sameAs":["https:\/\/www.facebook.com\/cchar.suisse\/","https:\/\/www.linkedin.com\/company\/cchar\/"]}]}},"_links":{"self":[{"href":"https:\/\/archives.cchar.ch\/de\/wp-json\/wp\/v2\/product\/43468","targetHints":{"allow":["GET"]}}],"collection":[{"href":"https:\/\/archives.cchar.ch\/de\/wp-json\/wp\/v2\/product"}],"about":[{"href":"https:\/\/archives.cchar.ch\/de\/wp-json\/wp\/v2\/types\/product"}],"version-history":[{"count":2,"href":"https:\/\/archives.cchar.ch\/de\/wp-json\/wp\/v2\/product\/43468\/revisions"}],"predecessor-version":[{"id":44444,"href":"https:\/\/archives.cchar.ch\/de\/wp-json\/wp\/v2\/product\/43468\/revisions\/44444"}],"wp:featuredmedia":[{"embeddable":true,"href":"https:\/\/archives.cchar.ch\/de\/wp-json\/wp\/v2\/media\/43478"}],"wp:attachment":[{"href":"https:\/\/archives.cchar.ch\/de\/wp-json\/wp\/v2\/media?parent=43468"}],"wp:term":[{"taxonomy":"product_brand","embeddable":true,"href":"https:\/\/archives.cchar.ch\/de\/wp-json\/wp\/v2\/product_brand?post=43468"},{"taxonomy":"product_cat","embeddable":true,"href":"https:\/\/archives.cchar.ch\/de\/wp-json\/wp\/v2\/product_cat?post=43468"},{"taxonomy":"product_tag","embeddable":true,"href":"https:\/\/archives.cchar.ch\/de\/wp-json\/wp\/v2\/product_tag?post=43468"}],"curies":[{"name":"wp","href":"https:\/\/api.w.org\/{rel}","templated":true}]}}