{"id":43464,"date":"2024-11-09T11:39:53","date_gmt":"2024-11-09T10:39:53","guid":{"rendered":"https:\/\/cchar.ch\/produit\/strassenclown\/"},"modified":"2024-11-15T11:15:12","modified_gmt":"2024-11-15T10:15:12","slug":"strassenclown","status":"publish","type":"product","link":"https:\/\/archives.cchar.ch\/de\/produit\/strassenclown\/","title":{"rendered":"Strassenclown"},"content":{"rendered":"<p><strong>Training 4:<\/strong> Stra\u00dfenclown mit <strong>H\u00e9l\u00e8ne Vieilletoile,<\/strong> <a href=\"http:\/\/leshumainsgauches.com\">Cie des Humains Gauches<\/a> (F), die Sie auf -&gt; <a href=\"https:\/\/www.facebook.com\/HumainsGauches\/\">Facebook<\/a> finden k\u00f6nnen.<\/p>\n<p>Ob er ein kosmischer Obdachloser oder ein Hundepunk ist, ob sie eine arbeitslose Diva oder eine G\u00f6ttin des Asphalts ist, Clowns haben alle ihren Platz im \u00f6ffentlichen Raum! Was tun wir auf der Stra\u00dfe? Man verbreitet Frechheit, Freude und Tragik, l\u00e4dt sich in R\u00e4ume ein, die allen geh\u00f6ren, sublimiert und verfehlt! Willkommen am Bort an alle die mit Herz und Mut auf diese doppelte Reise des Clowns und der Strasse einsteigen m\u00f6chten, an die die glauben, dass (\u00fcber sich selbst) Lachen gut f\u00fcr die Gesundheit ist, und die gerne MITlachen und nicht immer alles verstehen wollen!<\/p>\n<p>16. bis 19. Juni<\/p>\n<p>&nbsp;<\/p>\n<p><strong>Alle Infos -&gt; <a href=\"https:\/\/cchar.ch\/de\/evenement\/weiterbildung-strasenclown\/\">hier<\/a><\/strong><\/p>\n","protected":false},"excerpt":{"rendered":"<p><strong>Fortbildung 4 <\/strong>: Stra\u00dfenclown mit <strong>H\u00e9l\u00e8ne Vieilletoile,<\/strong> <a href=\"http:\/\/leshumainsgauches.com\">Cie des Humains Gauches<\/a><\/p>\n","protected":false},"featured_media":48839,"template":"","meta":{"_acf_changed":false},"product_brand":[],"product_cat":[122],"product_tag":[],"class_list":{"0":"post-43464","1":"product","2":"type-product","3":"status-publish","4":"has-post-thumbnail","6":"product_cat-weiterbildung","8":"first","9":"outofstock","10":"purchasable","11":"product-type-simple"},"acf":[],"yoast_head":"<!-- This site is optimized with the Yoast SEO plugin v25.9 - https:\/\/yoast.com\/wordpress\/plugins\/seo\/ -->\n<title>Strassenclown - CCHAR<\/title>\n<meta name=\"robots\" content=\"index, follow, max-snippet:-1, max-image-preview:large, max-video-preview:-1\" \/>\n<link rel=\"canonical\" href=\"https:\/\/archives.cchar.ch\/de\/produit\/strassenclown\/\" \/>\n<meta property=\"og:locale\" content=\"de_DE\" \/>\n<meta property=\"og:type\" content=\"article\" \/>\n<meta property=\"og:title\" content=\"Strassenclown - CCHAR\" \/>\n<meta property=\"og:description\" content=\"Fortbildung 4 : Stra\u00dfenclown mit H\u00e9l\u00e8ne Vieilletoile, Cie des Humains Gauches\" \/>\n<meta property=\"og:url\" content=\"https:\/\/archives.cchar.ch\/de\/produit\/strassenclown\/\" \/>\n<meta property=\"og:site_name\" content=\"CCHAR\" \/>\n<meta property=\"article:publisher\" content=\"https:\/\/www.facebook.com\/cchar.suisse\/\" \/>\n<meta property=\"article:modified_time\" content=\"2024-11-15T10:15:12+00:00\" \/>\n<meta property=\"og:image\" content=\"https:\/\/archives.cchar.ch\/wp-content\/uploads\/2023\/11\/20241031-CCHAR_Vieilletoile.jpg\" \/>\n\t<meta property=\"og:image:width\" content=\"1499\" \/>\n\t<meta property=\"og:image:height\" content=\"1000\" \/>\n\t<meta property=\"og:image:type\" content=\"image\/jpeg\" \/>\n<meta name=\"twitter:card\" content=\"summary_large_image\" \/>\n<meta name=\"twitter:label1\" content=\"Gesch\u00e4tzte Lesezeit\" \/>\n\t<meta name=\"twitter:data1\" content=\"1\u00a0Minute\" \/>\n<script type=\"application\/ld+json\" class=\"yoast-schema-graph\">{\"@context\":\"https:\/\/schema.org\",\"@graph\":[{\"@type\":\"WebPage\",\"@id\":\"https:\/\/archives.cchar.ch\/de\/produit\/strassenclown\/\",\"url\":\"https:\/\/archives.cchar.ch\/de\/produit\/strassenclown\/\",\"name\":\"Strassenclown - CCHAR\",\"isPartOf\":{\"@id\":\"https:\/\/archives.cchar.ch\/de\/#website\"},\"primaryImageOfPage\":{\"@id\":\"https:\/\/archives.cchar.ch\/de\/produit\/strassenclown\/#primaryimage\"},\"image\":{\"@id\":\"https:\/\/archives.cchar.ch\/de\/produit\/strassenclown\/#primaryimage\"},\"thumbnailUrl\":\"https:\/\/archives.cchar.ch\/wp-content\/uploads\/2023\/11\/20241031-CCHAR_Vieilletoile.jpg\",\"datePublished\":\"2024-11-09T10:39:53+00:00\",\"dateModified\":\"2024-11-15T10:15:12+00:00\",\"breadcrumb\":{\"@id\":\"https:\/\/archives.cchar.ch\/de\/produit\/strassenclown\/#breadcrumb\"},\"inLanguage\":\"de\",\"potentialAction\":[{\"@type\":\"ReadAction\",\"target\":[\"https:\/\/archives.cchar.ch\/de\/produit\/strassenclown\/\"]}]},{\"@type\":\"ImageObject\",\"inLanguage\":\"de\",\"@id\":\"https:\/\/archives.cchar.ch\/de\/produit\/strassenclown\/#primaryimage\",\"url\":\"https:\/\/archives.cchar.ch\/wp-content\/uploads\/2023\/11\/20241031-CCHAR_Vieilletoile.jpg\",\"contentUrl\":\"https:\/\/archives.cchar.ch\/wp-content\/uploads\/2023\/11\/20241031-CCHAR_Vieilletoile.jpg\",\"width\":1499,\"height\":1000},{\"@type\":\"BreadcrumbList\",\"@id\":\"https:\/\/archives.cchar.ch\/de\/produit\/strassenclown\/#breadcrumb\",\"itemListElement\":[{\"@type\":\"ListItem\",\"position\":1,\"name\":\"Accueil\",\"item\":\"https:\/\/archives.cchar.ch\/de\/\"},{\"@type\":\"ListItem\",\"position\":2,\"name\":\"Shop\",\"item\":\"https:\/\/archives.cchar.ch\/de\/shop\/\"},{\"@type\":\"ListItem\",\"position\":3,\"name\":\"Strassenclown\"}]},{\"@type\":\"WebSite\",\"@id\":\"https:\/\/archives.cchar.ch\/de\/#website\",\"url\":\"https:\/\/archives.cchar.ch\/de\/\",\"name\":\"CCHAR\",\"description\":\"Centre de Comp\u00e9tences et de Cr\u00e9ation Helv\u00e9tique des Arts de la Rue\",\"publisher\":{\"@id\":\"https:\/\/archives.cchar.ch\/de\/#organization\"},\"potentialAction\":[{\"@type\":\"SearchAction\",\"target\":{\"@type\":\"EntryPoint\",\"urlTemplate\":\"https:\/\/archives.cchar.ch\/de\/?s={search_term_string}\"},\"query-input\":{\"@type\":\"PropertyValueSpecification\",\"valueRequired\":true,\"valueName\":\"search_term_string\"}}],\"inLanguage\":\"de\"},{\"@type\":\"Organization\",\"@id\":\"https:\/\/archives.cchar.ch\/de\/#organization\",\"name\":\"CCHAR\",\"url\":\"https:\/\/archives.cchar.ch\/de\/\",\"logo\":{\"@type\":\"ImageObject\",\"inLanguage\":\"de\",\"@id\":\"https:\/\/archives.cchar.ch\/de\/#\/schema\/logo\/image\/\",\"url\":\"https:\/\/cchar.ch\/wp-content\/uploads\/2021\/09\/logo-CCHAR_PROD_pos-sobre.png\",\"contentUrl\":\"https:\/\/cchar.ch\/wp-content\/uploads\/2021\/09\/logo-CCHAR_PROD_pos-sobre.png\",\"width\":905,\"height\":336,\"caption\":\"CCHAR\"},\"image\":{\"@id\":\"https:\/\/archives.cchar.ch\/de\/#\/schema\/logo\/image\/\"},\"sameAs\":[\"https:\/\/www.facebook.com\/cchar.suisse\/\",\"https:\/\/www.linkedin.com\/company\/cchar\/\"]}]}<\/script>\n<!-- \/ Yoast SEO plugin. -->","yoast_head_json":{"title":"Strassenclown - CCHAR","robots":{"index":"index","follow":"follow","max-snippet":"max-snippet:-1","max-image-preview":"max-image-preview:large","max-video-preview":"max-video-preview:-1"},"canonical":"https:\/\/archives.cchar.ch\/de\/produit\/strassenclown\/","og_locale":"de_DE","og_type":"article","og_title":"Strassenclown - CCHAR","og_description":"Fortbildung 4 : Stra\u00dfenclown mit H\u00e9l\u00e8ne Vieilletoile, Cie des Humains Gauches","og_url":"https:\/\/archives.cchar.ch\/de\/produit\/strassenclown\/","og_site_name":"CCHAR","article_publisher":"https:\/\/www.facebook.com\/cchar.suisse\/","article_modified_time":"2024-11-15T10:15:12+00:00","og_image":[{"width":1499,"height":1000,"url":"https:\/\/archives.cchar.ch\/wp-content\/uploads\/2023\/11\/20241031-CCHAR_Vieilletoile.jpg","type":"image\/jpeg"}],"twitter_card":"summary_large_image","twitter_misc":{"Gesch\u00e4tzte Lesezeit":"1\u00a0Minute"},"schema":{"@context":"https:\/\/schema.org","@graph":[{"@type":"WebPage","@id":"https:\/\/archives.cchar.ch\/de\/produit\/strassenclown\/","url":"https:\/\/archives.cchar.ch\/de\/produit\/strassenclown\/","name":"Strassenclown - CCHAR","isPartOf":{"@id":"https:\/\/archives.cchar.ch\/de\/#website"},"primaryImageOfPage":{"@id":"https:\/\/archives.cchar.ch\/de\/produit\/strassenclown\/#primaryimage"},"image":{"@id":"https:\/\/archives.cchar.ch\/de\/produit\/strassenclown\/#primaryimage"},"thumbnailUrl":"https:\/\/archives.cchar.ch\/wp-content\/uploads\/2023\/11\/20241031-CCHAR_Vieilletoile.jpg","datePublished":"2024-11-09T10:39:53+00:00","dateModified":"2024-11-15T10:15:12+00:00","breadcrumb":{"@id":"https:\/\/archives.cchar.ch\/de\/produit\/strassenclown\/#breadcrumb"},"inLanguage":"de","potentialAction":[{"@type":"ReadAction","target":["https:\/\/archives.cchar.ch\/de\/produit\/strassenclown\/"]}]},{"@type":"ImageObject","inLanguage":"de","@id":"https:\/\/archives.cchar.ch\/de\/produit\/strassenclown\/#primaryimage","url":"https:\/\/archives.cchar.ch\/wp-content\/uploads\/2023\/11\/20241031-CCHAR_Vieilletoile.jpg","contentUrl":"https:\/\/archives.cchar.ch\/wp-content\/uploads\/2023\/11\/20241031-CCHAR_Vieilletoile.jpg","width":1499,"height":1000},{"@type":"BreadcrumbList","@id":"https:\/\/archives.cchar.ch\/de\/produit\/strassenclown\/#breadcrumb","itemListElement":[{"@type":"ListItem","position":1,"name":"Accueil","item":"https:\/\/archives.cchar.ch\/de\/"},{"@type":"ListItem","position":2,"name":"Shop","item":"https:\/\/archives.cchar.ch\/de\/shop\/"},{"@type":"ListItem","position":3,"name":"Strassenclown"}]},{"@type":"WebSite","@id":"https:\/\/archives.cchar.ch\/de\/#website","url":"https:\/\/archives.cchar.ch\/de\/","name":"CCHAR","description":"Centre de Comp\u00e9tences et de Cr\u00e9ation Helv\u00e9tique des Arts de la Rue","publisher":{"@id":"https:\/\/archives.cchar.ch\/de\/#organization"},"potentialAction":[{"@type":"SearchAction","target":{"@type":"EntryPoint","urlTemplate":"https:\/\/archives.cchar.ch\/de\/?s={search_term_string}"},"query-input":{"@type":"PropertyValueSpecification","valueRequired":true,"valueName":"search_term_string"}}],"inLanguage":"de"},{"@type":"Organization","@id":"https:\/\/archives.cchar.ch\/de\/#organization","name":"CCHAR","url":"https:\/\/archives.cchar.ch\/de\/","logo":{"@type":"ImageObject","inLanguage":"de","@id":"https:\/\/archives.cchar.ch\/de\/#\/schema\/logo\/image\/","url":"https:\/\/cchar.ch\/wp-content\/uploads\/2021\/09\/logo-CCHAR_PROD_pos-sobre.png","contentUrl":"https:\/\/cchar.ch\/wp-content\/uploads\/2021\/09\/logo-CCHAR_PROD_pos-sobre.png","width":905,"height":336,"caption":"CCHAR"},"image":{"@id":"https:\/\/archives.cchar.ch\/de\/#\/schema\/logo\/image\/"},"sameAs":["https:\/\/www.facebook.com\/cchar.suisse\/","https:\/\/www.linkedin.com\/company\/cchar\/"]}]}},"_links":{"self":[{"href":"https:\/\/archives.cchar.ch\/de\/wp-json\/wp\/v2\/product\/43464","targetHints":{"allow":["GET"]}}],"collection":[{"href":"https:\/\/archives.cchar.ch\/de\/wp-json\/wp\/v2\/product"}],"about":[{"href":"https:\/\/archives.cchar.ch\/de\/wp-json\/wp\/v2\/types\/product"}],"version-history":[{"count":6,"href":"https:\/\/archives.cchar.ch\/de\/wp-json\/wp\/v2\/product\/43464\/revisions"}],"predecessor-version":[{"id":48932,"href":"https:\/\/archives.cchar.ch\/de\/wp-json\/wp\/v2\/product\/43464\/revisions\/48932"}],"wp:featuredmedia":[{"embeddable":true,"href":"https:\/\/archives.cchar.ch\/de\/wp-json\/wp\/v2\/media\/48839"}],"wp:attachment":[{"href":"https:\/\/archives.cchar.ch\/de\/wp-json\/wp\/v2\/media?parent=43464"}],"wp:term":[{"taxonomy":"product_brand","embeddable":true,"href":"https:\/\/archives.cchar.ch\/de\/wp-json\/wp\/v2\/product_brand?post=43464"},{"taxonomy":"product_cat","embeddable":true,"href":"https:\/\/archives.cchar.ch\/de\/wp-json\/wp\/v2\/product_cat?post=43464"},{"taxonomy":"product_tag","embeddable":true,"href":"https:\/\/archives.cchar.ch\/de\/wp-json\/wp\/v2\/product_tag?post=43464"}],"curies":[{"name":"wp","href":"https:\/\/api.w.org\/{rel}","templated":true}]}}