{"id":43441,"date":"2023-11-09T11:45:28","date_gmt":"2023-11-09T10:45:28","guid":{"rendered":"https:\/\/cchar.ch\/produit\/erstellen-von-erzaehlungen\/"},"modified":"2024-09-03T12:31:26","modified_gmt":"2024-09-03T10:31:26","slug":"erstellen-von-erzaehlungen","status":"publish","type":"product","link":"https:\/\/archives.cchar.ch\/de\/produit\/erstellen-von-erzaehlungen\/","title":{"rendered":"Erz\u00e4hlungskreation"},"content":{"rendered":"<h2><strong>Vollst\u00e4ndige Ausbildung, Anmeldungen geschlossen  <\/strong><\/h2>\n<p><strong>Praktikum 3 :<\/strong>  Schaffung von Erz\u00e4hlungen mit Nicolas Chapoulier,  <a href=\"http:\/\/troispointsdesuspension.fr\">Cie 3 points de suspension<\/a>und  <a href=\"http:\/\/3615dakota.ch\">Unternehmen  <\/a><a href=\"http:\/\/3615dakota.ch\">3615 Dakota<\/a><\/p>\n<p><strong>URBANOTHERAPIE<\/strong>  &#8222;Wie kann man mit dem \u00f6ffentlichen Raum in Dialog treten, um ihn von seiner \u00fcblichen Funktion abzubringen und eine neue Erz\u00e4hlung, eine neue Realit\u00e4t entstehen zu lassen? Wie kann man die Phantasie in einem Gullydeckel ansiedeln, starke Empfindungen hervorrufen und sogar eine engagierte Reflexion \u00fcber die Zukunft unserer Gesellschaft ansto\u00dfen?&#8220; In diesem Kurs werden wir mit Hilfe einfacher und spielerischer Werkzeuge, die von der Therapie, der Wahrsagekunst und der Futurologie (u.a.) inspiriert sind, kreative Prozesse rund um die Stadt La Chaux-de-Fonds starten. Was w\u00e4re, wenn eine gute Diagnose, ein paar Heilmitteln und heilige Rituale ausreichen w\u00fcrden, um eine grossartige Zukunft entstehen zu lassen? Wir suchen hier eine Beziehung zur Zukunft, die angstausl\u00f6send geworden ist, zu verwandeln. Diese Ausbildung nimmt &#8222;morgen&#8220; als Postulat, nicht als ein grosses, schwarzes Loch das voll von dem Unbekannten ist, sondern als die Form, die die Projektionen und W\u00fcnsche, die von dem erscheint sind, angenommen haben. Setzen Sie hier den Ausgangspunkt einer Orakelschrift: vorhersagen, voraussagen, vorerz\u00e4hlen, begginen Sie hier eine Erz\u00e4hlung, die vervollst\u00e4ndigt werden muss, eine Geschichte, die man sich aneignen muss&#8230; Erfindung und Erprobung von Ger\u00e4ten, die es erm\u00f6glichen, die Funktionsweise der Vorhersagesysteme von gestern und heute zu entschl\u00fcsseln, um an der Entwicklung der Systeme von morgen teilzunehmen. Die G\u00e4nge der Zeit in den \u00f6ffentlichen Raum einzuladen, um mit der Mechanik unserer Entscheidungen zu interagieren und nach Tricks und Kniffen zu suchen, um neue Pullover zu was wir werden zu weben. Denn die Zukunft ist die Zukunft. &nbsp;<strong>Alle Informationen -&gt; <a href=\"https:\/\/cchar.ch\/evenement\/formation-continue-creation-de-recits\/\">hier<\/a><\/strong><\/p>\n","protected":false},"excerpt":{"rendered":"<p><strong>Praktikum 3:<\/strong> Erz\u00e4hlungskreation mit <strong>Nicolas Chapoulier<\/strong>, <a href=\"http:\/\/troispointsdesuspension.fr\">Cie 3 points de suspension<\/a>, und <a href=\"http:\/\/3615dakota.ch\">Cie <\/a><a href=\"http:\/\/3615dakota.ch\">3615 Dakota<\/a><\/p>\n","protected":false},"featured_media":43456,"template":"","meta":{"_acf_changed":false},"product_brand":[],"product_cat":[125],"product_tag":[],"class_list":{"0":"post-43441","1":"product","2":"type-product","3":"status-publish","4":"has-post-thumbnail","6":"product_cat-praktikum","8":"first","9":"outofstock","10":"purchasable","11":"product-type-simple"},"acf":[],"yoast_head":"<!-- This site is optimized with the Yoast SEO plugin v25.9 - https:\/\/yoast.com\/wordpress\/plugins\/seo\/ -->\n<title>Erz\u00e4hlungskreation - CCHAR<\/title>\n<meta name=\"robots\" content=\"index, follow, max-snippet:-1, max-image-preview:large, max-video-preview:-1\" \/>\n<link rel=\"canonical\" href=\"https:\/\/archives.cchar.ch\/de\/produit\/erstellen-von-erzaehlungen\/\" \/>\n<meta property=\"og:locale\" content=\"de_DE\" \/>\n<meta property=\"og:type\" content=\"article\" \/>\n<meta property=\"og:title\" content=\"Erz\u00e4hlungskreation - CCHAR\" \/>\n<meta property=\"og:description\" content=\"Praktikum 3: Erz\u00e4hlungskreation mit Nicolas Chapoulier, Cie 3 points de suspension, und Cie 3615 Dakota\" \/>\n<meta property=\"og:url\" content=\"https:\/\/archives.cchar.ch\/de\/produit\/erstellen-von-erzaehlungen\/\" \/>\n<meta property=\"og:site_name\" content=\"CCHAR\" \/>\n<meta property=\"article:publisher\" content=\"https:\/\/www.facebook.com\/cchar.suisse\/\" \/>\n<meta property=\"article:modified_time\" content=\"2024-09-03T10:31:26+00:00\" \/>\n<meta property=\"og:image\" content=\"https:\/\/archives.cchar.ch\/wp-content\/uploads\/2023\/11\/Pic5cSofi-Nadler_2-768x511-Nicolas-chapoulier-.jpg\" \/>\n\t<meta property=\"og:image:width\" content=\"768\" \/>\n\t<meta property=\"og:image:height\" content=\"511\" \/>\n\t<meta property=\"og:image:type\" content=\"image\/jpeg\" \/>\n<meta name=\"twitter:card\" content=\"summary_large_image\" \/>\n<meta name=\"twitter:label1\" content=\"Gesch\u00e4tzte Lesezeit\" \/>\n\t<meta name=\"twitter:data1\" content=\"1\u00a0Minute\" \/>\n<script type=\"application\/ld+json\" class=\"yoast-schema-graph\">{\"@context\":\"https:\/\/schema.org\",\"@graph\":[{\"@type\":\"WebPage\",\"@id\":\"https:\/\/archives.cchar.ch\/de\/produit\/erstellen-von-erzaehlungen\/\",\"url\":\"https:\/\/archives.cchar.ch\/de\/produit\/erstellen-von-erzaehlungen\/\",\"name\":\"Erz\u00e4hlungskreation - CCHAR\",\"isPartOf\":{\"@id\":\"https:\/\/archives.cchar.ch\/de\/#website\"},\"primaryImageOfPage\":{\"@id\":\"https:\/\/archives.cchar.ch\/de\/produit\/erstellen-von-erzaehlungen\/#primaryimage\"},\"image\":{\"@id\":\"https:\/\/archives.cchar.ch\/de\/produit\/erstellen-von-erzaehlungen\/#primaryimage\"},\"thumbnailUrl\":\"https:\/\/archives.cchar.ch\/wp-content\/uploads\/2023\/11\/Pic5cSofi-Nadler_2-768x511-Nicolas-chapoulier-.jpg\",\"datePublished\":\"2023-11-09T10:45:28+00:00\",\"dateModified\":\"2024-09-03T10:31:26+00:00\",\"breadcrumb\":{\"@id\":\"https:\/\/archives.cchar.ch\/de\/produit\/erstellen-von-erzaehlungen\/#breadcrumb\"},\"inLanguage\":\"de\",\"potentialAction\":[{\"@type\":\"ReadAction\",\"target\":[\"https:\/\/archives.cchar.ch\/de\/produit\/erstellen-von-erzaehlungen\/\"]}]},{\"@type\":\"ImageObject\",\"inLanguage\":\"de\",\"@id\":\"https:\/\/archives.cchar.ch\/de\/produit\/erstellen-von-erzaehlungen\/#primaryimage\",\"url\":\"https:\/\/archives.cchar.ch\/wp-content\/uploads\/2023\/11\/Pic5cSofi-Nadler_2-768x511-Nicolas-chapoulier-.jpg\",\"contentUrl\":\"https:\/\/archives.cchar.ch\/wp-content\/uploads\/2023\/11\/Pic5cSofi-Nadler_2-768x511-Nicolas-chapoulier-.jpg\",\"width\":768,\"height\":511},{\"@type\":\"BreadcrumbList\",\"@id\":\"https:\/\/archives.cchar.ch\/de\/produit\/erstellen-von-erzaehlungen\/#breadcrumb\",\"itemListElement\":[{\"@type\":\"ListItem\",\"position\":1,\"name\":\"Accueil\",\"item\":\"https:\/\/archives.cchar.ch\/de\/\"},{\"@type\":\"ListItem\",\"position\":2,\"name\":\"Shop\",\"item\":\"https:\/\/archives.cchar.ch\/de\/shop\/\"},{\"@type\":\"ListItem\",\"position\":3,\"name\":\"Erz\u00e4hlungskreation\"}]},{\"@type\":\"WebSite\",\"@id\":\"https:\/\/archives.cchar.ch\/de\/#website\",\"url\":\"https:\/\/archives.cchar.ch\/de\/\",\"name\":\"CCHAR\",\"description\":\"Centre de Comp\u00e9tences et de Cr\u00e9ation Helv\u00e9tique des Arts de la Rue\",\"publisher\":{\"@id\":\"https:\/\/archives.cchar.ch\/de\/#organization\"},\"potentialAction\":[{\"@type\":\"SearchAction\",\"target\":{\"@type\":\"EntryPoint\",\"urlTemplate\":\"https:\/\/archives.cchar.ch\/de\/?s={search_term_string}\"},\"query-input\":{\"@type\":\"PropertyValueSpecification\",\"valueRequired\":true,\"valueName\":\"search_term_string\"}}],\"inLanguage\":\"de\"},{\"@type\":\"Organization\",\"@id\":\"https:\/\/archives.cchar.ch\/de\/#organization\",\"name\":\"CCHAR\",\"url\":\"https:\/\/archives.cchar.ch\/de\/\",\"logo\":{\"@type\":\"ImageObject\",\"inLanguage\":\"de\",\"@id\":\"https:\/\/archives.cchar.ch\/de\/#\/schema\/logo\/image\/\",\"url\":\"https:\/\/cchar.ch\/wp-content\/uploads\/2021\/09\/logo-CCHAR_PROD_pos-sobre.png\",\"contentUrl\":\"https:\/\/cchar.ch\/wp-content\/uploads\/2021\/09\/logo-CCHAR_PROD_pos-sobre.png\",\"width\":905,\"height\":336,\"caption\":\"CCHAR\"},\"image\":{\"@id\":\"https:\/\/archives.cchar.ch\/de\/#\/schema\/logo\/image\/\"},\"sameAs\":[\"https:\/\/www.facebook.com\/cchar.suisse\/\",\"https:\/\/www.linkedin.com\/company\/cchar\/\"]}]}<\/script>\n<!-- \/ Yoast SEO plugin. -->","yoast_head_json":{"title":"Erz\u00e4hlungskreation - CCHAR","robots":{"index":"index","follow":"follow","max-snippet":"max-snippet:-1","max-image-preview":"max-image-preview:large","max-video-preview":"max-video-preview:-1"},"canonical":"https:\/\/archives.cchar.ch\/de\/produit\/erstellen-von-erzaehlungen\/","og_locale":"de_DE","og_type":"article","og_title":"Erz\u00e4hlungskreation - CCHAR","og_description":"Praktikum 3: Erz\u00e4hlungskreation mit Nicolas Chapoulier, Cie 3 points de suspension, und Cie 3615 Dakota","og_url":"https:\/\/archives.cchar.ch\/de\/produit\/erstellen-von-erzaehlungen\/","og_site_name":"CCHAR","article_publisher":"https:\/\/www.facebook.com\/cchar.suisse\/","article_modified_time":"2024-09-03T10:31:26+00:00","og_image":[{"width":768,"height":511,"url":"https:\/\/archives.cchar.ch\/wp-content\/uploads\/2023\/11\/Pic5cSofi-Nadler_2-768x511-Nicolas-chapoulier-.jpg","type":"image\/jpeg"}],"twitter_card":"summary_large_image","twitter_misc":{"Gesch\u00e4tzte Lesezeit":"1\u00a0Minute"},"schema":{"@context":"https:\/\/schema.org","@graph":[{"@type":"WebPage","@id":"https:\/\/archives.cchar.ch\/de\/produit\/erstellen-von-erzaehlungen\/","url":"https:\/\/archives.cchar.ch\/de\/produit\/erstellen-von-erzaehlungen\/","name":"Erz\u00e4hlungskreation - CCHAR","isPartOf":{"@id":"https:\/\/archives.cchar.ch\/de\/#website"},"primaryImageOfPage":{"@id":"https:\/\/archives.cchar.ch\/de\/produit\/erstellen-von-erzaehlungen\/#primaryimage"},"image":{"@id":"https:\/\/archives.cchar.ch\/de\/produit\/erstellen-von-erzaehlungen\/#primaryimage"},"thumbnailUrl":"https:\/\/archives.cchar.ch\/wp-content\/uploads\/2023\/11\/Pic5cSofi-Nadler_2-768x511-Nicolas-chapoulier-.jpg","datePublished":"2023-11-09T10:45:28+00:00","dateModified":"2024-09-03T10:31:26+00:00","breadcrumb":{"@id":"https:\/\/archives.cchar.ch\/de\/produit\/erstellen-von-erzaehlungen\/#breadcrumb"},"inLanguage":"de","potentialAction":[{"@type":"ReadAction","target":["https:\/\/archives.cchar.ch\/de\/produit\/erstellen-von-erzaehlungen\/"]}]},{"@type":"ImageObject","inLanguage":"de","@id":"https:\/\/archives.cchar.ch\/de\/produit\/erstellen-von-erzaehlungen\/#primaryimage","url":"https:\/\/archives.cchar.ch\/wp-content\/uploads\/2023\/11\/Pic5cSofi-Nadler_2-768x511-Nicolas-chapoulier-.jpg","contentUrl":"https:\/\/archives.cchar.ch\/wp-content\/uploads\/2023\/11\/Pic5cSofi-Nadler_2-768x511-Nicolas-chapoulier-.jpg","width":768,"height":511},{"@type":"BreadcrumbList","@id":"https:\/\/archives.cchar.ch\/de\/produit\/erstellen-von-erzaehlungen\/#breadcrumb","itemListElement":[{"@type":"ListItem","position":1,"name":"Accueil","item":"https:\/\/archives.cchar.ch\/de\/"},{"@type":"ListItem","position":2,"name":"Shop","item":"https:\/\/archives.cchar.ch\/de\/shop\/"},{"@type":"ListItem","position":3,"name":"Erz\u00e4hlungskreation"}]},{"@type":"WebSite","@id":"https:\/\/archives.cchar.ch\/de\/#website","url":"https:\/\/archives.cchar.ch\/de\/","name":"CCHAR","description":"Centre de Comp\u00e9tences et de Cr\u00e9ation Helv\u00e9tique des Arts de la Rue","publisher":{"@id":"https:\/\/archives.cchar.ch\/de\/#organization"},"potentialAction":[{"@type":"SearchAction","target":{"@type":"EntryPoint","urlTemplate":"https:\/\/archives.cchar.ch\/de\/?s={search_term_string}"},"query-input":{"@type":"PropertyValueSpecification","valueRequired":true,"valueName":"search_term_string"}}],"inLanguage":"de"},{"@type":"Organization","@id":"https:\/\/archives.cchar.ch\/de\/#organization","name":"CCHAR","url":"https:\/\/archives.cchar.ch\/de\/","logo":{"@type":"ImageObject","inLanguage":"de","@id":"https:\/\/archives.cchar.ch\/de\/#\/schema\/logo\/image\/","url":"https:\/\/cchar.ch\/wp-content\/uploads\/2021\/09\/logo-CCHAR_PROD_pos-sobre.png","contentUrl":"https:\/\/cchar.ch\/wp-content\/uploads\/2021\/09\/logo-CCHAR_PROD_pos-sobre.png","width":905,"height":336,"caption":"CCHAR"},"image":{"@id":"https:\/\/archives.cchar.ch\/de\/#\/schema\/logo\/image\/"},"sameAs":["https:\/\/www.facebook.com\/cchar.suisse\/","https:\/\/www.linkedin.com\/company\/cchar\/"]}]}},"_links":{"self":[{"href":"https:\/\/archives.cchar.ch\/de\/wp-json\/wp\/v2\/product\/43441","targetHints":{"allow":["GET"]}}],"collection":[{"href":"https:\/\/archives.cchar.ch\/de\/wp-json\/wp\/v2\/product"}],"about":[{"href":"https:\/\/archives.cchar.ch\/de\/wp-json\/wp\/v2\/types\/product"}],"version-history":[{"count":4,"href":"https:\/\/archives.cchar.ch\/de\/wp-json\/wp\/v2\/product\/43441\/revisions"}],"predecessor-version":[{"id":46748,"href":"https:\/\/archives.cchar.ch\/de\/wp-json\/wp\/v2\/product\/43441\/revisions\/46748"}],"wp:featuredmedia":[{"embeddable":true,"href":"https:\/\/archives.cchar.ch\/de\/wp-json\/wp\/v2\/media\/43456"}],"wp:attachment":[{"href":"https:\/\/archives.cchar.ch\/de\/wp-json\/wp\/v2\/media?parent=43441"}],"wp:term":[{"taxonomy":"product_brand","embeddable":true,"href":"https:\/\/archives.cchar.ch\/de\/wp-json\/wp\/v2\/product_brand?post=43441"},{"taxonomy":"product_cat","embeddable":true,"href":"https:\/\/archives.cchar.ch\/de\/wp-json\/wp\/v2\/product_cat?post=43441"},{"taxonomy":"product_tag","embeddable":true,"href":"https:\/\/archives.cchar.ch\/de\/wp-json\/wp\/v2\/product_tag?post=43441"}],"curies":[{"name":"wp","href":"https:\/\/api.w.org\/{rel}","templated":true}]}}