{"id":43440,"date":"2023-11-09T11:35:32","date_gmt":"2023-11-09T10:35:32","guid":{"rendered":"https:\/\/cchar.ch\/produit\/ueberleben-in-der-kulturverwaltung\/"},"modified":"2024-11-15T11:17:50","modified_gmt":"2024-11-15T10:17:50","slug":"ueberleben-in-der-kulturverwaltung","status":"publish","type":"product","link":"https:\/\/archives.cchar.ch\/de\/produit\/ueberleben-in-der-kulturverwaltung\/","title":{"rendered":"In der Kulturverwaltung zu \u00fcberleben"},"content":{"rendered":"<p><strong>Training 2: \u00dcberleben <\/strong>straining in der Kulturverwaltung mit<strong><a href=\"https:\/\/www.lagrossentreprise.fr\/\"> Julie Bloch <\/a><\/strong><\/p>\n<p>Wir werden die wichtigsten administrativen und finanziellen Verantwortlichkeiten im Zusammenhang mit der Aus\u00fcbung unserer Aktivit\u00e4ten durchgehen: ein Budget erstellen und \u00fcberwachen, einen Kostenvoranschlag erstellen, die Buchhaltung f\u00fchren, Geh\u00e4lter verwalten, Vereinbarungen und Vertr\u00e4ge in der Schweiz und im Ausland abschlie\u00dfen, ein Subventionsdossier zusammenstellen, Urheberrechte anmelden usw.<br \/>\nDiese Bestandsaufnahme wird ein Verst\u00e4ndnis der Herausforderungen und Instrumente des Managements und der Verwaltung erm\u00f6glichen, mit dem Ziel, seine k\u00fcnstlerischen Projekte erfolgreich durchzuf\u00fchren.<\/p>\n<p>27. Februar<\/p>\n<p>&nbsp;<\/p>\n<p><strong>Alle Informationen -&gt; <a href=\"https:\/\/cchar.ch\/de\/evenement\/weiterbildung-uberlebenspraktikum-in-der-kulturverwaltung\/\">hier<\/a><\/strong><\/p>\n","protected":false},"excerpt":{"rendered":"<p><strong>Training 2: \u00dcberleben<\/strong> straining in der Kulturverwaltung mit <strong><a href=\"https:\/\/www.lagrossentreprise.fr\/\">Julie Bloch <\/a><\/strong><\/p>\n","protected":false},"featured_media":48837,"template":"","meta":{"_acf_changed":false},"product_brand":[],"product_cat":[122],"product_tag":[],"class_list":{"0":"post-43440","1":"product","2":"type-product","3":"status-publish","4":"has-post-thumbnail","6":"product_cat-weiterbildung","8":"first","9":"outofstock","10":"purchasable","11":"product-type-simple"},"acf":[],"yoast_head":"<!-- This site is optimized with the Yoast SEO plugin v25.9 - https:\/\/yoast.com\/wordpress\/plugins\/seo\/ -->\n<title>In der Kulturverwaltung zu \u00fcberleben - CCHAR<\/title>\n<meta name=\"robots\" content=\"index, follow, max-snippet:-1, max-image-preview:large, max-video-preview:-1\" \/>\n<link rel=\"canonical\" href=\"https:\/\/archives.cchar.ch\/de\/produit\/ueberleben-in-der-kulturverwaltung\/\" \/>\n<meta property=\"og:locale\" content=\"de_DE\" \/>\n<meta property=\"og:type\" content=\"article\" \/>\n<meta property=\"og:title\" content=\"In der Kulturverwaltung zu \u00fcberleben - CCHAR\" \/>\n<meta property=\"og:description\" content=\"Training 2: \u00dcberleben straining in der Kulturverwaltung mit Julie Bloch\" \/>\n<meta property=\"og:url\" content=\"https:\/\/archives.cchar.ch\/de\/produit\/ueberleben-in-der-kulturverwaltung\/\" \/>\n<meta property=\"og:site_name\" content=\"CCHAR\" \/>\n<meta property=\"article:publisher\" content=\"https:\/\/www.facebook.com\/cchar.suisse\/\" \/>\n<meta property=\"article:modified_time\" content=\"2024-11-15T10:17:50+00:00\" \/>\n<meta property=\"og:image\" content=\"https:\/\/archives.cchar.ch\/wp-content\/uploads\/2023\/11\/20240216-CCHAR_Bloch.jpg\" \/>\n\t<meta property=\"og:image:width\" content=\"1001\" \/>\n\t<meta property=\"og:image:height\" content=\"1500\" \/>\n\t<meta property=\"og:image:type\" content=\"image\/jpeg\" \/>\n<meta name=\"twitter:card\" content=\"summary_large_image\" \/>\n<meta name=\"twitter:label1\" content=\"Gesch\u00e4tzte Lesezeit\" \/>\n\t<meta name=\"twitter:data1\" content=\"1\u00a0Minute\" \/>\n<script type=\"application\/ld+json\" class=\"yoast-schema-graph\">{\"@context\":\"https:\/\/schema.org\",\"@graph\":[{\"@type\":\"WebPage\",\"@id\":\"https:\/\/archives.cchar.ch\/de\/produit\/ueberleben-in-der-kulturverwaltung\/\",\"url\":\"https:\/\/archives.cchar.ch\/de\/produit\/ueberleben-in-der-kulturverwaltung\/\",\"name\":\"In der Kulturverwaltung zu \u00fcberleben - CCHAR\",\"isPartOf\":{\"@id\":\"https:\/\/archives.cchar.ch\/de\/#website\"},\"primaryImageOfPage\":{\"@id\":\"https:\/\/archives.cchar.ch\/de\/produit\/ueberleben-in-der-kulturverwaltung\/#primaryimage\"},\"image\":{\"@id\":\"https:\/\/archives.cchar.ch\/de\/produit\/ueberleben-in-der-kulturverwaltung\/#primaryimage\"},\"thumbnailUrl\":\"https:\/\/archives.cchar.ch\/wp-content\/uploads\/2023\/11\/20240216-CCHAR_Bloch.jpg\",\"datePublished\":\"2023-11-09T10:35:32+00:00\",\"dateModified\":\"2024-11-15T10:17:50+00:00\",\"breadcrumb\":{\"@id\":\"https:\/\/archives.cchar.ch\/de\/produit\/ueberleben-in-der-kulturverwaltung\/#breadcrumb\"},\"inLanguage\":\"de\",\"potentialAction\":[{\"@type\":\"ReadAction\",\"target\":[\"https:\/\/archives.cchar.ch\/de\/produit\/ueberleben-in-der-kulturverwaltung\/\"]}]},{\"@type\":\"ImageObject\",\"inLanguage\":\"de\",\"@id\":\"https:\/\/archives.cchar.ch\/de\/produit\/ueberleben-in-der-kulturverwaltung\/#primaryimage\",\"url\":\"https:\/\/archives.cchar.ch\/wp-content\/uploads\/2023\/11\/20240216-CCHAR_Bloch.jpg\",\"contentUrl\":\"https:\/\/archives.cchar.ch\/wp-content\/uploads\/2023\/11\/20240216-CCHAR_Bloch.jpg\",\"width\":1001,\"height\":1500},{\"@type\":\"BreadcrumbList\",\"@id\":\"https:\/\/archives.cchar.ch\/de\/produit\/ueberleben-in-der-kulturverwaltung\/#breadcrumb\",\"itemListElement\":[{\"@type\":\"ListItem\",\"position\":1,\"name\":\"Accueil\",\"item\":\"https:\/\/archives.cchar.ch\/de\/\"},{\"@type\":\"ListItem\",\"position\":2,\"name\":\"Shop\",\"item\":\"https:\/\/archives.cchar.ch\/de\/shop\/\"},{\"@type\":\"ListItem\",\"position\":3,\"name\":\"In der Kulturverwaltung zu \u00fcberleben\"}]},{\"@type\":\"WebSite\",\"@id\":\"https:\/\/archives.cchar.ch\/de\/#website\",\"url\":\"https:\/\/archives.cchar.ch\/de\/\",\"name\":\"CCHAR\",\"description\":\"Centre de Comp\u00e9tences et de Cr\u00e9ation Helv\u00e9tique des Arts de la Rue\",\"publisher\":{\"@id\":\"https:\/\/archives.cchar.ch\/de\/#organization\"},\"potentialAction\":[{\"@type\":\"SearchAction\",\"target\":{\"@type\":\"EntryPoint\",\"urlTemplate\":\"https:\/\/archives.cchar.ch\/de\/?s={search_term_string}\"},\"query-input\":{\"@type\":\"PropertyValueSpecification\",\"valueRequired\":true,\"valueName\":\"search_term_string\"}}],\"inLanguage\":\"de\"},{\"@type\":\"Organization\",\"@id\":\"https:\/\/archives.cchar.ch\/de\/#organization\",\"name\":\"CCHAR\",\"url\":\"https:\/\/archives.cchar.ch\/de\/\",\"logo\":{\"@type\":\"ImageObject\",\"inLanguage\":\"de\",\"@id\":\"https:\/\/archives.cchar.ch\/de\/#\/schema\/logo\/image\/\",\"url\":\"https:\/\/cchar.ch\/wp-content\/uploads\/2021\/09\/logo-CCHAR_PROD_pos-sobre.png\",\"contentUrl\":\"https:\/\/cchar.ch\/wp-content\/uploads\/2021\/09\/logo-CCHAR_PROD_pos-sobre.png\",\"width\":905,\"height\":336,\"caption\":\"CCHAR\"},\"image\":{\"@id\":\"https:\/\/archives.cchar.ch\/de\/#\/schema\/logo\/image\/\"},\"sameAs\":[\"https:\/\/www.facebook.com\/cchar.suisse\/\",\"https:\/\/www.linkedin.com\/company\/cchar\/\"]}]}<\/script>\n<!-- \/ Yoast SEO plugin. -->","yoast_head_json":{"title":"In der Kulturverwaltung zu \u00fcberleben - CCHAR","robots":{"index":"index","follow":"follow","max-snippet":"max-snippet:-1","max-image-preview":"max-image-preview:large","max-video-preview":"max-video-preview:-1"},"canonical":"https:\/\/archives.cchar.ch\/de\/produit\/ueberleben-in-der-kulturverwaltung\/","og_locale":"de_DE","og_type":"article","og_title":"In der Kulturverwaltung zu \u00fcberleben - CCHAR","og_description":"Training 2: \u00dcberleben straining in der Kulturverwaltung mit Julie Bloch","og_url":"https:\/\/archives.cchar.ch\/de\/produit\/ueberleben-in-der-kulturverwaltung\/","og_site_name":"CCHAR","article_publisher":"https:\/\/www.facebook.com\/cchar.suisse\/","article_modified_time":"2024-11-15T10:17:50+00:00","og_image":[{"width":1001,"height":1500,"url":"https:\/\/archives.cchar.ch\/wp-content\/uploads\/2023\/11\/20240216-CCHAR_Bloch.jpg","type":"image\/jpeg"}],"twitter_card":"summary_large_image","twitter_misc":{"Gesch\u00e4tzte Lesezeit":"1\u00a0Minute"},"schema":{"@context":"https:\/\/schema.org","@graph":[{"@type":"WebPage","@id":"https:\/\/archives.cchar.ch\/de\/produit\/ueberleben-in-der-kulturverwaltung\/","url":"https:\/\/archives.cchar.ch\/de\/produit\/ueberleben-in-der-kulturverwaltung\/","name":"In der Kulturverwaltung zu \u00fcberleben - CCHAR","isPartOf":{"@id":"https:\/\/archives.cchar.ch\/de\/#website"},"primaryImageOfPage":{"@id":"https:\/\/archives.cchar.ch\/de\/produit\/ueberleben-in-der-kulturverwaltung\/#primaryimage"},"image":{"@id":"https:\/\/archives.cchar.ch\/de\/produit\/ueberleben-in-der-kulturverwaltung\/#primaryimage"},"thumbnailUrl":"https:\/\/archives.cchar.ch\/wp-content\/uploads\/2023\/11\/20240216-CCHAR_Bloch.jpg","datePublished":"2023-11-09T10:35:32+00:00","dateModified":"2024-11-15T10:17:50+00:00","breadcrumb":{"@id":"https:\/\/archives.cchar.ch\/de\/produit\/ueberleben-in-der-kulturverwaltung\/#breadcrumb"},"inLanguage":"de","potentialAction":[{"@type":"ReadAction","target":["https:\/\/archives.cchar.ch\/de\/produit\/ueberleben-in-der-kulturverwaltung\/"]}]},{"@type":"ImageObject","inLanguage":"de","@id":"https:\/\/archives.cchar.ch\/de\/produit\/ueberleben-in-der-kulturverwaltung\/#primaryimage","url":"https:\/\/archives.cchar.ch\/wp-content\/uploads\/2023\/11\/20240216-CCHAR_Bloch.jpg","contentUrl":"https:\/\/archives.cchar.ch\/wp-content\/uploads\/2023\/11\/20240216-CCHAR_Bloch.jpg","width":1001,"height":1500},{"@type":"BreadcrumbList","@id":"https:\/\/archives.cchar.ch\/de\/produit\/ueberleben-in-der-kulturverwaltung\/#breadcrumb","itemListElement":[{"@type":"ListItem","position":1,"name":"Accueil","item":"https:\/\/archives.cchar.ch\/de\/"},{"@type":"ListItem","position":2,"name":"Shop","item":"https:\/\/archives.cchar.ch\/de\/shop\/"},{"@type":"ListItem","position":3,"name":"In der Kulturverwaltung zu \u00fcberleben"}]},{"@type":"WebSite","@id":"https:\/\/archives.cchar.ch\/de\/#website","url":"https:\/\/archives.cchar.ch\/de\/","name":"CCHAR","description":"Centre de Comp\u00e9tences et de Cr\u00e9ation Helv\u00e9tique des Arts de la Rue","publisher":{"@id":"https:\/\/archives.cchar.ch\/de\/#organization"},"potentialAction":[{"@type":"SearchAction","target":{"@type":"EntryPoint","urlTemplate":"https:\/\/archives.cchar.ch\/de\/?s={search_term_string}"},"query-input":{"@type":"PropertyValueSpecification","valueRequired":true,"valueName":"search_term_string"}}],"inLanguage":"de"},{"@type":"Organization","@id":"https:\/\/archives.cchar.ch\/de\/#organization","name":"CCHAR","url":"https:\/\/archives.cchar.ch\/de\/","logo":{"@type":"ImageObject","inLanguage":"de","@id":"https:\/\/archives.cchar.ch\/de\/#\/schema\/logo\/image\/","url":"https:\/\/cchar.ch\/wp-content\/uploads\/2021\/09\/logo-CCHAR_PROD_pos-sobre.png","contentUrl":"https:\/\/cchar.ch\/wp-content\/uploads\/2021\/09\/logo-CCHAR_PROD_pos-sobre.png","width":905,"height":336,"caption":"CCHAR"},"image":{"@id":"https:\/\/archives.cchar.ch\/de\/#\/schema\/logo\/image\/"},"sameAs":["https:\/\/www.facebook.com\/cchar.suisse\/","https:\/\/www.linkedin.com\/company\/cchar\/"]}]}},"_links":{"self":[{"href":"https:\/\/archives.cchar.ch\/de\/wp-json\/wp\/v2\/product\/43440","targetHints":{"allow":["GET"]}}],"collection":[{"href":"https:\/\/archives.cchar.ch\/de\/wp-json\/wp\/v2\/product"}],"about":[{"href":"https:\/\/archives.cchar.ch\/de\/wp-json\/wp\/v2\/types\/product"}],"version-history":[{"count":5,"href":"https:\/\/archives.cchar.ch\/de\/wp-json\/wp\/v2\/product\/43440\/revisions"}],"predecessor-version":[{"id":48936,"href":"https:\/\/archives.cchar.ch\/de\/wp-json\/wp\/v2\/product\/43440\/revisions\/48936"}],"wp:featuredmedia":[{"embeddable":true,"href":"https:\/\/archives.cchar.ch\/de\/wp-json\/wp\/v2\/media\/48837"}],"wp:attachment":[{"href":"https:\/\/archives.cchar.ch\/de\/wp-json\/wp\/v2\/media?parent=43440"}],"wp:term":[{"taxonomy":"product_brand","embeddable":true,"href":"https:\/\/archives.cchar.ch\/de\/wp-json\/wp\/v2\/product_brand?post=43440"},{"taxonomy":"product_cat","embeddable":true,"href":"https:\/\/archives.cchar.ch\/de\/wp-json\/wp\/v2\/product_cat?post=43440"},{"taxonomy":"product_tag","embeddable":true,"href":"https:\/\/archives.cchar.ch\/de\/wp-json\/wp\/v2\/product_tag?post=43440"}],"curies":[{"name":"wp","href":"https:\/\/api.w.org\/{rel}","templated":true}]}}