{"id":43412,"date":"2023-11-09T11:30:59","date_gmt":"2023-11-09T10:30:59","guid":{"rendered":"https:\/\/cchar.ch\/produit\/objekttheater\/"},"modified":"2024-02-26T16:50:17","modified_gmt":"2024-02-26T15:50:17","slug":"objekttheater","status":"publish","type":"product","link":"https:\/\/archives.cchar.ch\/de\/produit\/objekttheater\/","title":{"rendered":"Objekttheater"},"content":{"rendered":"<p><strong>Praktikum 1:<\/strong> Objekttheater mit <strong>Laura Gambarini, <\/strong><a href=\"http:\/\/botte-cul.com\">Cie du Botte-Cul<\/a><\/p>\n<p>Was werden wir machen? Zuerst, schlage ich dir eine Einf\u00fchrung zum Objekttheater vor. Jetzt die Grundz\u00fcge. Das Objekttheater ist ein bisschen wie das Marionettenspiel, aber statt einer Marionette mit 8500 F\u00e4den zu haben, wird dein Duschgel oder deine Kaffeekanne die Rolle ihres Lebens spielen! Es gibt zwei drei Regeln, damit der Zauber wirkt, und wir werden sie gemeinsam testen. Dann wird ein Casting durchgef\u00fchrt. Statt Schauspieler werden Alltagsgegenst\u00e4nde ausgew\u00e4hlt: W\u00fcrde dieses Taschentuch einen guten Romeo abgeben? W\u00fcrde diese Duschhaube ein gutes Rotk\u00e4ppchen abgeben? Und dann, hoppla, geben wir das Ganze in die Strasse, um unsere Besetzung in St\u00fccken der Geschichte auf die Probe zu stellen. Ich verheimliche dir nicht, dass das Ganze mit Freude und guter Laune ablaufen wird, denn so arbeite ich nun. Wie Colette sagte: &#8222;Macht Dummheiten, aber macht sie mit Begeisterung!&#8220;.<\/p>\n<p>&nbsp;<\/p>\n<p><strong>Alle Infos -&gt; <a href=\"https:\/\/cchar.ch\/evenement\/formation-continue-theatre-dobjets\/\">hier<\/a><\/strong><\/p>\n","protected":false},"excerpt":{"rendered":"<p><strong>Praktikum 1:<\/strong> Objekttheater mit <strong>Laura Gambarini, <\/strong><a href=\"http:\/\/botte-cul.com\">Cie du Botte-Cul<\/a><\/p>\n","protected":false},"featured_media":41803,"template":"","meta":{"_acf_changed":false},"product_brand":[],"product_cat":[125],"product_tag":[],"class_list":{"0":"post-43412","1":"product","2":"type-product","3":"status-publish","4":"has-post-thumbnail","6":"product_cat-praktikum","8":"first","9":"instock","10":"purchasable","11":"product-type-simple"},"acf":[],"yoast_head":"<!-- This site is optimized with the Yoast SEO plugin v25.9 - https:\/\/yoast.com\/wordpress\/plugins\/seo\/ -->\n<title>Objekttheater - CCHAR<\/title>\n<meta name=\"robots\" content=\"index, follow, max-snippet:-1, max-image-preview:large, max-video-preview:-1\" \/>\n<link rel=\"canonical\" href=\"https:\/\/archives.cchar.ch\/de\/produit\/objekttheater\/\" \/>\n<meta property=\"og:locale\" content=\"de_DE\" \/>\n<meta property=\"og:type\" content=\"article\" \/>\n<meta property=\"og:title\" content=\"Objekttheater - CCHAR\" \/>\n<meta property=\"og:description\" content=\"Praktikum 1: Objekttheater mit Laura Gambarini, Cie du Botte-Cul\" \/>\n<meta property=\"og:url\" content=\"https:\/\/archives.cchar.ch\/de\/produit\/objekttheater\/\" \/>\n<meta property=\"og:site_name\" content=\"CCHAR\" \/>\n<meta property=\"article:publisher\" content=\"https:\/\/www.facebook.com\/cchar.suisse\/\" \/>\n<meta property=\"article:modified_time\" content=\"2024-02-26T15:50:17+00:00\" \/>\n<meta property=\"og:image\" content=\"https:\/\/archives.cchar.ch\/wp-content\/uploads\/2023\/10\/037A7186-Modifier.jpg\" \/>\n\t<meta property=\"og:image:width\" content=\"1920\" \/>\n\t<meta property=\"og:image:height\" content=\"1281\" \/>\n\t<meta property=\"og:image:type\" content=\"image\/jpeg\" \/>\n<meta name=\"twitter:card\" content=\"summary_large_image\" \/>\n<meta name=\"twitter:label1\" content=\"Gesch\u00e4tzte Lesezeit\" \/>\n\t<meta name=\"twitter:data1\" content=\"1\u00a0Minute\" \/>\n<script type=\"application\/ld+json\" class=\"yoast-schema-graph\">{\"@context\":\"https:\/\/schema.org\",\"@graph\":[{\"@type\":\"WebPage\",\"@id\":\"https:\/\/archives.cchar.ch\/de\/produit\/objekttheater\/\",\"url\":\"https:\/\/archives.cchar.ch\/de\/produit\/objekttheater\/\",\"name\":\"Objekttheater - CCHAR\",\"isPartOf\":{\"@id\":\"https:\/\/archives.cchar.ch\/de\/#website\"},\"primaryImageOfPage\":{\"@id\":\"https:\/\/archives.cchar.ch\/de\/produit\/objekttheater\/#primaryimage\"},\"image\":{\"@id\":\"https:\/\/archives.cchar.ch\/de\/produit\/objekttheater\/#primaryimage\"},\"thumbnailUrl\":\"https:\/\/archives.cchar.ch\/wp-content\/uploads\/2023\/10\/037A7186-Modifier.jpg\",\"datePublished\":\"2023-11-09T10:30:59+00:00\",\"dateModified\":\"2024-02-26T15:50:17+00:00\",\"breadcrumb\":{\"@id\":\"https:\/\/archives.cchar.ch\/de\/produit\/objekttheater\/#breadcrumb\"},\"inLanguage\":\"de\",\"potentialAction\":[{\"@type\":\"ReadAction\",\"target\":[\"https:\/\/archives.cchar.ch\/de\/produit\/objekttheater\/\"]}]},{\"@type\":\"ImageObject\",\"inLanguage\":\"de\",\"@id\":\"https:\/\/archives.cchar.ch\/de\/produit\/objekttheater\/#primaryimage\",\"url\":\"https:\/\/archives.cchar.ch\/wp-content\/uploads\/2023\/10\/037A7186-Modifier.jpg\",\"contentUrl\":\"https:\/\/archives.cchar.ch\/wp-content\/uploads\/2023\/10\/037A7186-Modifier.jpg\",\"width\":1920,\"height\":1281,\"caption\":\"LAURA GAMBARINI\"},{\"@type\":\"BreadcrumbList\",\"@id\":\"https:\/\/archives.cchar.ch\/de\/produit\/objekttheater\/#breadcrumb\",\"itemListElement\":[{\"@type\":\"ListItem\",\"position\":1,\"name\":\"Accueil\",\"item\":\"https:\/\/archives.cchar.ch\/de\/\"},{\"@type\":\"ListItem\",\"position\":2,\"name\":\"Shop\",\"item\":\"https:\/\/archives.cchar.ch\/de\/shop\/\"},{\"@type\":\"ListItem\",\"position\":3,\"name\":\"Objekttheater\"}]},{\"@type\":\"WebSite\",\"@id\":\"https:\/\/archives.cchar.ch\/de\/#website\",\"url\":\"https:\/\/archives.cchar.ch\/de\/\",\"name\":\"CCHAR\",\"description\":\"Centre de Comp\u00e9tences et de Cr\u00e9ation Helv\u00e9tique des Arts de la Rue\",\"publisher\":{\"@id\":\"https:\/\/archives.cchar.ch\/de\/#organization\"},\"potentialAction\":[{\"@type\":\"SearchAction\",\"target\":{\"@type\":\"EntryPoint\",\"urlTemplate\":\"https:\/\/archives.cchar.ch\/de\/?s={search_term_string}\"},\"query-input\":{\"@type\":\"PropertyValueSpecification\",\"valueRequired\":true,\"valueName\":\"search_term_string\"}}],\"inLanguage\":\"de\"},{\"@type\":\"Organization\",\"@id\":\"https:\/\/archives.cchar.ch\/de\/#organization\",\"name\":\"CCHAR\",\"url\":\"https:\/\/archives.cchar.ch\/de\/\",\"logo\":{\"@type\":\"ImageObject\",\"inLanguage\":\"de\",\"@id\":\"https:\/\/archives.cchar.ch\/de\/#\/schema\/logo\/image\/\",\"url\":\"https:\/\/cchar.ch\/wp-content\/uploads\/2021\/09\/logo-CCHAR_PROD_pos-sobre.png\",\"contentUrl\":\"https:\/\/cchar.ch\/wp-content\/uploads\/2021\/09\/logo-CCHAR_PROD_pos-sobre.png\",\"width\":905,\"height\":336,\"caption\":\"CCHAR\"},\"image\":{\"@id\":\"https:\/\/archives.cchar.ch\/de\/#\/schema\/logo\/image\/\"},\"sameAs\":[\"https:\/\/www.facebook.com\/cchar.suisse\/\",\"https:\/\/www.linkedin.com\/company\/cchar\/\"]}]}<\/script>\n<!-- \/ Yoast SEO plugin. -->","yoast_head_json":{"title":"Objekttheater - CCHAR","robots":{"index":"index","follow":"follow","max-snippet":"max-snippet:-1","max-image-preview":"max-image-preview:large","max-video-preview":"max-video-preview:-1"},"canonical":"https:\/\/archives.cchar.ch\/de\/produit\/objekttheater\/","og_locale":"de_DE","og_type":"article","og_title":"Objekttheater - CCHAR","og_description":"Praktikum 1: Objekttheater mit Laura Gambarini, Cie du Botte-Cul","og_url":"https:\/\/archives.cchar.ch\/de\/produit\/objekttheater\/","og_site_name":"CCHAR","article_publisher":"https:\/\/www.facebook.com\/cchar.suisse\/","article_modified_time":"2024-02-26T15:50:17+00:00","og_image":[{"width":1920,"height":1281,"url":"https:\/\/archives.cchar.ch\/wp-content\/uploads\/2023\/10\/037A7186-Modifier.jpg","type":"image\/jpeg"}],"twitter_card":"summary_large_image","twitter_misc":{"Gesch\u00e4tzte Lesezeit":"1\u00a0Minute"},"schema":{"@context":"https:\/\/schema.org","@graph":[{"@type":"WebPage","@id":"https:\/\/archives.cchar.ch\/de\/produit\/objekttheater\/","url":"https:\/\/archives.cchar.ch\/de\/produit\/objekttheater\/","name":"Objekttheater - CCHAR","isPartOf":{"@id":"https:\/\/archives.cchar.ch\/de\/#website"},"primaryImageOfPage":{"@id":"https:\/\/archives.cchar.ch\/de\/produit\/objekttheater\/#primaryimage"},"image":{"@id":"https:\/\/archives.cchar.ch\/de\/produit\/objekttheater\/#primaryimage"},"thumbnailUrl":"https:\/\/archives.cchar.ch\/wp-content\/uploads\/2023\/10\/037A7186-Modifier.jpg","datePublished":"2023-11-09T10:30:59+00:00","dateModified":"2024-02-26T15:50:17+00:00","breadcrumb":{"@id":"https:\/\/archives.cchar.ch\/de\/produit\/objekttheater\/#breadcrumb"},"inLanguage":"de","potentialAction":[{"@type":"ReadAction","target":["https:\/\/archives.cchar.ch\/de\/produit\/objekttheater\/"]}]},{"@type":"ImageObject","inLanguage":"de","@id":"https:\/\/archives.cchar.ch\/de\/produit\/objekttheater\/#primaryimage","url":"https:\/\/archives.cchar.ch\/wp-content\/uploads\/2023\/10\/037A7186-Modifier.jpg","contentUrl":"https:\/\/archives.cchar.ch\/wp-content\/uploads\/2023\/10\/037A7186-Modifier.jpg","width":1920,"height":1281,"caption":"LAURA GAMBARINI"},{"@type":"BreadcrumbList","@id":"https:\/\/archives.cchar.ch\/de\/produit\/objekttheater\/#breadcrumb","itemListElement":[{"@type":"ListItem","position":1,"name":"Accueil","item":"https:\/\/archives.cchar.ch\/de\/"},{"@type":"ListItem","position":2,"name":"Shop","item":"https:\/\/archives.cchar.ch\/de\/shop\/"},{"@type":"ListItem","position":3,"name":"Objekttheater"}]},{"@type":"WebSite","@id":"https:\/\/archives.cchar.ch\/de\/#website","url":"https:\/\/archives.cchar.ch\/de\/","name":"CCHAR","description":"Centre de Comp\u00e9tences et de Cr\u00e9ation Helv\u00e9tique des Arts de la Rue","publisher":{"@id":"https:\/\/archives.cchar.ch\/de\/#organization"},"potentialAction":[{"@type":"SearchAction","target":{"@type":"EntryPoint","urlTemplate":"https:\/\/archives.cchar.ch\/de\/?s={search_term_string}"},"query-input":{"@type":"PropertyValueSpecification","valueRequired":true,"valueName":"search_term_string"}}],"inLanguage":"de"},{"@type":"Organization","@id":"https:\/\/archives.cchar.ch\/de\/#organization","name":"CCHAR","url":"https:\/\/archives.cchar.ch\/de\/","logo":{"@type":"ImageObject","inLanguage":"de","@id":"https:\/\/archives.cchar.ch\/de\/#\/schema\/logo\/image\/","url":"https:\/\/cchar.ch\/wp-content\/uploads\/2021\/09\/logo-CCHAR_PROD_pos-sobre.png","contentUrl":"https:\/\/cchar.ch\/wp-content\/uploads\/2021\/09\/logo-CCHAR_PROD_pos-sobre.png","width":905,"height":336,"caption":"CCHAR"},"image":{"@id":"https:\/\/archives.cchar.ch\/de\/#\/schema\/logo\/image\/"},"sameAs":["https:\/\/www.facebook.com\/cchar.suisse\/","https:\/\/www.linkedin.com\/company\/cchar\/"]}]}},"_links":{"self":[{"href":"https:\/\/archives.cchar.ch\/de\/wp-json\/wp\/v2\/product\/43412","targetHints":{"allow":["GET"]}}],"collection":[{"href":"https:\/\/archives.cchar.ch\/de\/wp-json\/wp\/v2\/product"}],"about":[{"href":"https:\/\/archives.cchar.ch\/de\/wp-json\/wp\/v2\/types\/product"}],"version-history":[{"count":2,"href":"https:\/\/archives.cchar.ch\/de\/wp-json\/wp\/v2\/product\/43412\/revisions"}],"predecessor-version":[{"id":44441,"href":"https:\/\/archives.cchar.ch\/de\/wp-json\/wp\/v2\/product\/43412\/revisions\/44441"}],"wp:featuredmedia":[{"embeddable":true,"href":"https:\/\/archives.cchar.ch\/de\/wp-json\/wp\/v2\/media\/41803"}],"wp:attachment":[{"href":"https:\/\/archives.cchar.ch\/de\/wp-json\/wp\/v2\/media?parent=43412"}],"wp:term":[{"taxonomy":"product_brand","embeddable":true,"href":"https:\/\/archives.cchar.ch\/de\/wp-json\/wp\/v2\/product_brand?post=43412"},{"taxonomy":"product_cat","embeddable":true,"href":"https:\/\/archives.cchar.ch\/de\/wp-json\/wp\/v2\/product_cat?post=43412"},{"taxonomy":"product_tag","embeddable":true,"href":"https:\/\/archives.cchar.ch\/de\/wp-json\/wp\/v2\/product_tag?post=43412"}],"curies":[{"name":"wp","href":"https:\/\/api.w.org\/{rel}","templated":true}]}}