{"id":43408,"date":"2023-11-09T11:34:40","date_gmt":"2023-11-09T10:34:40","guid":{"rendered":"https:\/\/cchar.ch\/produit\/das-technische-datenblatt-in-der-strassenkunst\/"},"modified":"2024-02-26T17:53:04","modified_gmt":"2024-02-26T16:53:04","slug":"das-technische-datenblatt-in-der-strassenkunst","status":"publish","type":"product","link":"https:\/\/archives.cchar.ch\/de\/produit\/das-technische-datenblatt-in-der-strassenkunst\/","title":{"rendered":"Das technische (Blatt) in Strassenkunst"},"content":{"rendered":"<p><strong>Modul 1 (B) : <\/strong>Das technische [fiche] in Strassenkunst mit <strong><a href=\"https:\/\/ch.linkedin.com\/in\/no%C3%A9mie-pfiffner-54670721\">No\u00e9mie Pfiffner<\/a><\/strong><\/p>\n<p>Es ist wichtig, dass es den k\u00fcnstlerischen Teams klar ist, was ihre technischen Anfragen f\u00fcr die Organisatoren bedeuten, dass ihre technischen Bl\u00e4ttern vollst\u00e4ndig, klar formuliert und bis zu einem gewissen Grad anpassungsf\u00e4hig sind. Ein gutes technisches Blatt bereitet gute Spielbedingungen vor und erm\u00f6glicht es den Empfangsteams, alle Situationen vorauszusehen; es spart allen Zeit und vermeidet Missverst\u00e4ndnisse.<\/p>\n<p>Dieses Modul erm\u00f6glicht das Verst\u00e4ndnis, die Formulierung und die Aneignung der Herausforderungen des technischen Blattes.<\/p>\n<p>&nbsp;<\/p>\n<p><strong>Alle Infos -&gt; <a href=\"https:\/\/cchar.ch\/evenement\/formation-continue-la-fiche-technique-en-arts-de-rue\/\">hier<\/a><\/strong><\/p>\n","protected":false},"excerpt":{"rendered":"<p><strong>Modul 1 (B) : <\/strong>Das technische [fiche] in Strassenkunst mit <strong><a href=\"https:\/\/ch.linkedin.com\/in\/no%C3%A9mie-pfiffner-54670721\">No\u00e9mie Pfiffner<\/a><\/strong><\/p>\n","protected":false},"featured_media":43419,"template":"","meta":{"_acf_changed":false},"product_brand":[],"product_cat":[122],"product_tag":[],"class_list":{"0":"post-43408","1":"product","2":"type-product","3":"status-publish","4":"has-post-thumbnail","6":"product_cat-weiterbildung","8":"first","9":"instock","10":"purchasable","11":"product-type-simple"},"acf":[],"yoast_head":"<!-- This site is optimized with the Yoast SEO plugin v25.9 - https:\/\/yoast.com\/wordpress\/plugins\/seo\/ -->\n<title>Das technische (Blatt) in Strassenkunst - CCHAR<\/title>\n<meta name=\"robots\" content=\"index, follow, max-snippet:-1, max-image-preview:large, max-video-preview:-1\" \/>\n<link rel=\"canonical\" href=\"https:\/\/archives.cchar.ch\/de\/produit\/das-technische-datenblatt-in-der-strassenkunst\/\" \/>\n<meta property=\"og:locale\" content=\"de_DE\" \/>\n<meta property=\"og:type\" content=\"article\" \/>\n<meta property=\"og:title\" content=\"Das technische (Blatt) in Strassenkunst - CCHAR\" \/>\n<meta property=\"og:description\" content=\"Modul 1 (B) : Das technische [fiche] in Strassenkunst mit No\u00e9mie Pfiffner\" \/>\n<meta property=\"og:url\" content=\"https:\/\/archives.cchar.ch\/de\/produit\/das-technische-datenblatt-in-der-strassenkunst\/\" \/>\n<meta property=\"og:site_name\" content=\"CCHAR\" \/>\n<meta property=\"article:publisher\" content=\"https:\/\/www.facebook.com\/cchar.suisse\/\" \/>\n<meta property=\"article:modified_time\" content=\"2024-02-26T16:53:04+00:00\" \/>\n<meta property=\"og:image\" content=\"https:\/\/archives.cchar.ch\/wp-content\/uploads\/2023\/11\/2012_benevoles_plage_brigou-1205-scaled.jpg\" \/>\n\t<meta property=\"og:image:width\" content=\"1707\" \/>\n\t<meta property=\"og:image:height\" content=\"2560\" \/>\n\t<meta property=\"og:image:type\" content=\"image\/jpeg\" \/>\n<meta name=\"twitter:card\" content=\"summary_large_image\" \/>\n<script type=\"application\/ld+json\" class=\"yoast-schema-graph\">{\"@context\":\"https:\/\/schema.org\",\"@graph\":[{\"@type\":\"WebPage\",\"@id\":\"https:\/\/archives.cchar.ch\/de\/produit\/das-technische-datenblatt-in-der-strassenkunst\/\",\"url\":\"https:\/\/archives.cchar.ch\/de\/produit\/das-technische-datenblatt-in-der-strassenkunst\/\",\"name\":\"Das technische (Blatt) in Strassenkunst - CCHAR\",\"isPartOf\":{\"@id\":\"https:\/\/archives.cchar.ch\/de\/#website\"},\"primaryImageOfPage\":{\"@id\":\"https:\/\/archives.cchar.ch\/de\/produit\/das-technische-datenblatt-in-der-strassenkunst\/#primaryimage\"},\"image\":{\"@id\":\"https:\/\/archives.cchar.ch\/de\/produit\/das-technische-datenblatt-in-der-strassenkunst\/#primaryimage\"},\"thumbnailUrl\":\"https:\/\/archives.cchar.ch\/wp-content\/uploads\/2023\/11\/2012_benevoles_plage_brigou-1205-scaled.jpg\",\"datePublished\":\"2023-11-09T10:34:40+00:00\",\"dateModified\":\"2024-02-26T16:53:04+00:00\",\"breadcrumb\":{\"@id\":\"https:\/\/archives.cchar.ch\/de\/produit\/das-technische-datenblatt-in-der-strassenkunst\/#breadcrumb\"},\"inLanguage\":\"de\",\"potentialAction\":[{\"@type\":\"ReadAction\",\"target\":[\"https:\/\/archives.cchar.ch\/de\/produit\/das-technische-datenblatt-in-der-strassenkunst\/\"]}]},{\"@type\":\"ImageObject\",\"inLanguage\":\"de\",\"@id\":\"https:\/\/archives.cchar.ch\/de\/produit\/das-technische-datenblatt-in-der-strassenkunst\/#primaryimage\",\"url\":\"https:\/\/archives.cchar.ch\/wp-content\/uploads\/2023\/11\/2012_benevoles_plage_brigou-1205-scaled.jpg\",\"contentUrl\":\"https:\/\/archives.cchar.ch\/wp-content\/uploads\/2023\/11\/2012_benevoles_plage_brigou-1205-scaled.jpg\",\"width\":1707,\"height\":2560},{\"@type\":\"BreadcrumbList\",\"@id\":\"https:\/\/archives.cchar.ch\/de\/produit\/das-technische-datenblatt-in-der-strassenkunst\/#breadcrumb\",\"itemListElement\":[{\"@type\":\"ListItem\",\"position\":1,\"name\":\"Accueil\",\"item\":\"https:\/\/archives.cchar.ch\/de\/\"},{\"@type\":\"ListItem\",\"position\":2,\"name\":\"Shop\",\"item\":\"https:\/\/archives.cchar.ch\/de\/shop\/\"},{\"@type\":\"ListItem\",\"position\":3,\"name\":\"Das technische (Blatt) in Strassenkunst\"}]},{\"@type\":\"WebSite\",\"@id\":\"https:\/\/archives.cchar.ch\/de\/#website\",\"url\":\"https:\/\/archives.cchar.ch\/de\/\",\"name\":\"CCHAR\",\"description\":\"Centre de Comp\u00e9tences et de Cr\u00e9ation Helv\u00e9tique des Arts de la Rue\",\"publisher\":{\"@id\":\"https:\/\/archives.cchar.ch\/de\/#organization\"},\"potentialAction\":[{\"@type\":\"SearchAction\",\"target\":{\"@type\":\"EntryPoint\",\"urlTemplate\":\"https:\/\/archives.cchar.ch\/de\/?s={search_term_string}\"},\"query-input\":{\"@type\":\"PropertyValueSpecification\",\"valueRequired\":true,\"valueName\":\"search_term_string\"}}],\"inLanguage\":\"de\"},{\"@type\":\"Organization\",\"@id\":\"https:\/\/archives.cchar.ch\/de\/#organization\",\"name\":\"CCHAR\",\"url\":\"https:\/\/archives.cchar.ch\/de\/\",\"logo\":{\"@type\":\"ImageObject\",\"inLanguage\":\"de\",\"@id\":\"https:\/\/archives.cchar.ch\/de\/#\/schema\/logo\/image\/\",\"url\":\"https:\/\/cchar.ch\/wp-content\/uploads\/2021\/09\/logo-CCHAR_PROD_pos-sobre.png\",\"contentUrl\":\"https:\/\/cchar.ch\/wp-content\/uploads\/2021\/09\/logo-CCHAR_PROD_pos-sobre.png\",\"width\":905,\"height\":336,\"caption\":\"CCHAR\"},\"image\":{\"@id\":\"https:\/\/archives.cchar.ch\/de\/#\/schema\/logo\/image\/\"},\"sameAs\":[\"https:\/\/www.facebook.com\/cchar.suisse\/\",\"https:\/\/www.linkedin.com\/company\/cchar\/\"]}]}<\/script>\n<!-- \/ Yoast SEO plugin. -->","yoast_head_json":{"title":"Das technische (Blatt) in Strassenkunst - CCHAR","robots":{"index":"index","follow":"follow","max-snippet":"max-snippet:-1","max-image-preview":"max-image-preview:large","max-video-preview":"max-video-preview:-1"},"canonical":"https:\/\/archives.cchar.ch\/de\/produit\/das-technische-datenblatt-in-der-strassenkunst\/","og_locale":"de_DE","og_type":"article","og_title":"Das technische (Blatt) in Strassenkunst - CCHAR","og_description":"Modul 1 (B) : Das technische [fiche] in Strassenkunst mit No\u00e9mie Pfiffner","og_url":"https:\/\/archives.cchar.ch\/de\/produit\/das-technische-datenblatt-in-der-strassenkunst\/","og_site_name":"CCHAR","article_publisher":"https:\/\/www.facebook.com\/cchar.suisse\/","article_modified_time":"2024-02-26T16:53:04+00:00","og_image":[{"width":1707,"height":2560,"url":"https:\/\/archives.cchar.ch\/wp-content\/uploads\/2023\/11\/2012_benevoles_plage_brigou-1205-scaled.jpg","type":"image\/jpeg"}],"twitter_card":"summary_large_image","schema":{"@context":"https:\/\/schema.org","@graph":[{"@type":"WebPage","@id":"https:\/\/archives.cchar.ch\/de\/produit\/das-technische-datenblatt-in-der-strassenkunst\/","url":"https:\/\/archives.cchar.ch\/de\/produit\/das-technische-datenblatt-in-der-strassenkunst\/","name":"Das technische (Blatt) in Strassenkunst - CCHAR","isPartOf":{"@id":"https:\/\/archives.cchar.ch\/de\/#website"},"primaryImageOfPage":{"@id":"https:\/\/archives.cchar.ch\/de\/produit\/das-technische-datenblatt-in-der-strassenkunst\/#primaryimage"},"image":{"@id":"https:\/\/archives.cchar.ch\/de\/produit\/das-technische-datenblatt-in-der-strassenkunst\/#primaryimage"},"thumbnailUrl":"https:\/\/archives.cchar.ch\/wp-content\/uploads\/2023\/11\/2012_benevoles_plage_brigou-1205-scaled.jpg","datePublished":"2023-11-09T10:34:40+00:00","dateModified":"2024-02-26T16:53:04+00:00","breadcrumb":{"@id":"https:\/\/archives.cchar.ch\/de\/produit\/das-technische-datenblatt-in-der-strassenkunst\/#breadcrumb"},"inLanguage":"de","potentialAction":[{"@type":"ReadAction","target":["https:\/\/archives.cchar.ch\/de\/produit\/das-technische-datenblatt-in-der-strassenkunst\/"]}]},{"@type":"ImageObject","inLanguage":"de","@id":"https:\/\/archives.cchar.ch\/de\/produit\/das-technische-datenblatt-in-der-strassenkunst\/#primaryimage","url":"https:\/\/archives.cchar.ch\/wp-content\/uploads\/2023\/11\/2012_benevoles_plage_brigou-1205-scaled.jpg","contentUrl":"https:\/\/archives.cchar.ch\/wp-content\/uploads\/2023\/11\/2012_benevoles_plage_brigou-1205-scaled.jpg","width":1707,"height":2560},{"@type":"BreadcrumbList","@id":"https:\/\/archives.cchar.ch\/de\/produit\/das-technische-datenblatt-in-der-strassenkunst\/#breadcrumb","itemListElement":[{"@type":"ListItem","position":1,"name":"Accueil","item":"https:\/\/archives.cchar.ch\/de\/"},{"@type":"ListItem","position":2,"name":"Shop","item":"https:\/\/archives.cchar.ch\/de\/shop\/"},{"@type":"ListItem","position":3,"name":"Das technische (Blatt) in Strassenkunst"}]},{"@type":"WebSite","@id":"https:\/\/archives.cchar.ch\/de\/#website","url":"https:\/\/archives.cchar.ch\/de\/","name":"CCHAR","description":"Centre de Comp\u00e9tences et de Cr\u00e9ation Helv\u00e9tique des Arts de la Rue","publisher":{"@id":"https:\/\/archives.cchar.ch\/de\/#organization"},"potentialAction":[{"@type":"SearchAction","target":{"@type":"EntryPoint","urlTemplate":"https:\/\/archives.cchar.ch\/de\/?s={search_term_string}"},"query-input":{"@type":"PropertyValueSpecification","valueRequired":true,"valueName":"search_term_string"}}],"inLanguage":"de"},{"@type":"Organization","@id":"https:\/\/archives.cchar.ch\/de\/#organization","name":"CCHAR","url":"https:\/\/archives.cchar.ch\/de\/","logo":{"@type":"ImageObject","inLanguage":"de","@id":"https:\/\/archives.cchar.ch\/de\/#\/schema\/logo\/image\/","url":"https:\/\/cchar.ch\/wp-content\/uploads\/2021\/09\/logo-CCHAR_PROD_pos-sobre.png","contentUrl":"https:\/\/cchar.ch\/wp-content\/uploads\/2021\/09\/logo-CCHAR_PROD_pos-sobre.png","width":905,"height":336,"caption":"CCHAR"},"image":{"@id":"https:\/\/archives.cchar.ch\/de\/#\/schema\/logo\/image\/"},"sameAs":["https:\/\/www.facebook.com\/cchar.suisse\/","https:\/\/www.linkedin.com\/company\/cchar\/"]}]}},"_links":{"self":[{"href":"https:\/\/archives.cchar.ch\/de\/wp-json\/wp\/v2\/product\/43408","targetHints":{"allow":["GET"]}}],"collection":[{"href":"https:\/\/archives.cchar.ch\/de\/wp-json\/wp\/v2\/product"}],"about":[{"href":"https:\/\/archives.cchar.ch\/de\/wp-json\/wp\/v2\/types\/product"}],"version-history":[{"count":2,"href":"https:\/\/archives.cchar.ch\/de\/wp-json\/wp\/v2\/product\/43408\/revisions"}],"predecessor-version":[{"id":44446,"href":"https:\/\/archives.cchar.ch\/de\/wp-json\/wp\/v2\/product\/43408\/revisions\/44446"}],"wp:featuredmedia":[{"embeddable":true,"href":"https:\/\/archives.cchar.ch\/de\/wp-json\/wp\/v2\/media\/43419"}],"wp:attachment":[{"href":"https:\/\/archives.cchar.ch\/de\/wp-json\/wp\/v2\/media?parent=43408"}],"wp:term":[{"taxonomy":"product_brand","embeddable":true,"href":"https:\/\/archives.cchar.ch\/de\/wp-json\/wp\/v2\/product_brand?post=43408"},{"taxonomy":"product_cat","embeddable":true,"href":"https:\/\/archives.cchar.ch\/de\/wp-json\/wp\/v2\/product_cat?post=43408"},{"taxonomy":"product_tag","embeddable":true,"href":"https:\/\/archives.cchar.ch\/de\/wp-json\/wp\/v2\/product_tag?post=43408"}],"curies":[{"name":"wp","href":"https:\/\/api.w.org\/{rel}","templated":true}]}}