{"id":43379,"date":"2023-11-09T11:37:35","date_gmt":"2023-11-09T10:37:35","guid":{"rendered":"https:\/\/cchar.ch\/produit\/in-situ-erstellung\/"},"modified":"2024-02-26T16:58:16","modified_gmt":"2024-02-26T15:58:16","slug":"in-situ-erstellung","status":"publish","type":"product","link":"https:\/\/archives.cchar.ch\/de\/produit\/in-situ-erstellung\/","title":{"rendered":"In-Situ-Kreation"},"content":{"rendered":"<p><strong>Modul 4:<\/strong> In-Situ-Arbeit &#8211; K\u00f6rper, Stimme und Bewegung mit <strong>Juri Cainero<\/strong>, Regisseur &amp; Musiker und <strong>Beatriz Navarro<\/strong>, Choreographin &amp; T\u00e4nzerin der <a href=\"http:\/\/onyrikon.org\">compagnie Onyrikon<\/a><\/p>\n<p>Es handelt sich um einen intensiven Workshop \u00fcber die In-Situ-Kreation und die Beziehung zwischen K\u00f6rper-Bewegung und den \u00f6ffentlichem Raum, der viel Raum f\u00fcr Experimente und Interaktionsprotokolle l\u00e4sst. Ein somatischer Ansatz zur Bewegung wird als Startpunkt f\u00fcr jeden k\u00fcnstlerischen Vorschlag vorgeschlagen. Um die Erfahrung zu erg\u00e4nzen, werden wir einen Einblick in die M\u00f6glichkeiten der In-Situ-Kreation und die Arbeitsmethoden der Cie Onyrikon geben. Insbesondere die Recherche zur laufenden Kreation der Truppe (CORDE).<\/p>\n<p>Wir werden das Festival La Plage des Six Pompes f\u00fcr Experimente und Interaktionen mit den Zuschauern im \u00f6ffentlichen Raum nutzen k\u00f6nnen.<\/p>\n<p>&nbsp;<\/p>\n<p><strong>Alle Infos -&gt; <a href=\"https:\/\/cchar.ch\/evenement\/formation-continue-travail-in-situ-corps-voix-et-mouvements\/\">hier<\/a><\/strong><\/p>\n","protected":false},"excerpt":{"rendered":"<p><strong>Modul 4:<\/strong> In-Situ-Arbeit mit <strong>Juri Cainero <\/strong>und <strong>Beatriz Navarro<\/strong> von der <a href=\"http:\/\/onyrikon.org\">companie Onyrikon<\/a><\/p>\n","protected":false},"featured_media":43394,"template":"","meta":{"_acf_changed":false},"product_brand":[],"product_cat":[122],"product_tag":[],"class_list":{"0":"post-43379","1":"product","2":"type-product","3":"status-publish","4":"has-post-thumbnail","6":"product_cat-weiterbildung","8":"first","9":"outofstock","10":"purchasable","11":"product-type-simple"},"acf":[],"yoast_head":"<!-- This site is optimized with the Yoast SEO plugin v25.9 - https:\/\/yoast.com\/wordpress\/plugins\/seo\/ -->\n<title>In-Situ-Kreation - CCHAR<\/title>\n<meta name=\"robots\" content=\"index, follow, max-snippet:-1, max-image-preview:large, max-video-preview:-1\" \/>\n<link rel=\"canonical\" href=\"https:\/\/archives.cchar.ch\/de\/produit\/in-situ-erstellung\/\" \/>\n<meta property=\"og:locale\" content=\"de_DE\" \/>\n<meta property=\"og:type\" content=\"article\" \/>\n<meta property=\"og:title\" content=\"In-Situ-Kreation - CCHAR\" \/>\n<meta property=\"og:description\" content=\"Modul 4: In-Situ-Arbeit mit Juri Cainero und Beatriz Navarro von der companie Onyrikon\" \/>\n<meta property=\"og:url\" content=\"https:\/\/archives.cchar.ch\/de\/produit\/in-situ-erstellung\/\" \/>\n<meta property=\"og:site_name\" content=\"CCHAR\" \/>\n<meta property=\"article:publisher\" content=\"https:\/\/www.facebook.com\/cchar.suisse\/\" \/>\n<meta property=\"article:modified_time\" content=\"2024-02-26T15:58:16+00:00\" \/>\n<meta property=\"og:image\" content=\"https:\/\/archives.cchar.ch\/wp-content\/uploads\/2023\/11\/Screenshot-2023-09-04-at-21.17.55.png\" \/>\n\t<meta property=\"og:image:width\" content=\"1116\" \/>\n\t<meta property=\"og:image:height\" content=\"589\" \/>\n\t<meta property=\"og:image:type\" content=\"image\/png\" \/>\n<meta name=\"twitter:card\" content=\"summary_large_image\" \/>\n<meta name=\"twitter:label1\" content=\"Gesch\u00e4tzte Lesezeit\" \/>\n\t<meta name=\"twitter:data1\" content=\"1\u00a0Minute\" \/>\n<script type=\"application\/ld+json\" class=\"yoast-schema-graph\">{\"@context\":\"https:\/\/schema.org\",\"@graph\":[{\"@type\":\"WebPage\",\"@id\":\"https:\/\/archives.cchar.ch\/de\/produit\/in-situ-erstellung\/\",\"url\":\"https:\/\/archives.cchar.ch\/de\/produit\/in-situ-erstellung\/\",\"name\":\"In-Situ-Kreation - CCHAR\",\"isPartOf\":{\"@id\":\"https:\/\/archives.cchar.ch\/de\/#website\"},\"primaryImageOfPage\":{\"@id\":\"https:\/\/archives.cchar.ch\/de\/produit\/in-situ-erstellung\/#primaryimage\"},\"image\":{\"@id\":\"https:\/\/archives.cchar.ch\/de\/produit\/in-situ-erstellung\/#primaryimage\"},\"thumbnailUrl\":\"https:\/\/archives.cchar.ch\/wp-content\/uploads\/2023\/11\/Screenshot-2023-09-04-at-21.17.55.png\",\"datePublished\":\"2023-11-09T10:37:35+00:00\",\"dateModified\":\"2024-02-26T15:58:16+00:00\",\"breadcrumb\":{\"@id\":\"https:\/\/archives.cchar.ch\/de\/produit\/in-situ-erstellung\/#breadcrumb\"},\"inLanguage\":\"de\",\"potentialAction\":[{\"@type\":\"ReadAction\",\"target\":[\"https:\/\/archives.cchar.ch\/de\/produit\/in-situ-erstellung\/\"]}]},{\"@type\":\"ImageObject\",\"inLanguage\":\"de\",\"@id\":\"https:\/\/archives.cchar.ch\/de\/produit\/in-situ-erstellung\/#primaryimage\",\"url\":\"https:\/\/archives.cchar.ch\/wp-content\/uploads\/2023\/11\/Screenshot-2023-09-04-at-21.17.55.png\",\"contentUrl\":\"https:\/\/archives.cchar.ch\/wp-content\/uploads\/2023\/11\/Screenshot-2023-09-04-at-21.17.55.png\",\"width\":1116,\"height\":589},{\"@type\":\"BreadcrumbList\",\"@id\":\"https:\/\/archives.cchar.ch\/de\/produit\/in-situ-erstellung\/#breadcrumb\",\"itemListElement\":[{\"@type\":\"ListItem\",\"position\":1,\"name\":\"Accueil\",\"item\":\"https:\/\/archives.cchar.ch\/de\/\"},{\"@type\":\"ListItem\",\"position\":2,\"name\":\"Shop\",\"item\":\"https:\/\/archives.cchar.ch\/de\/shop\/\"},{\"@type\":\"ListItem\",\"position\":3,\"name\":\"In-Situ-Kreation\"}]},{\"@type\":\"WebSite\",\"@id\":\"https:\/\/archives.cchar.ch\/de\/#website\",\"url\":\"https:\/\/archives.cchar.ch\/de\/\",\"name\":\"CCHAR\",\"description\":\"Centre de Comp\u00e9tences et de Cr\u00e9ation Helv\u00e9tique des Arts de la Rue\",\"publisher\":{\"@id\":\"https:\/\/archives.cchar.ch\/de\/#organization\"},\"potentialAction\":[{\"@type\":\"SearchAction\",\"target\":{\"@type\":\"EntryPoint\",\"urlTemplate\":\"https:\/\/archives.cchar.ch\/de\/?s={search_term_string}\"},\"query-input\":{\"@type\":\"PropertyValueSpecification\",\"valueRequired\":true,\"valueName\":\"search_term_string\"}}],\"inLanguage\":\"de\"},{\"@type\":\"Organization\",\"@id\":\"https:\/\/archives.cchar.ch\/de\/#organization\",\"name\":\"CCHAR\",\"url\":\"https:\/\/archives.cchar.ch\/de\/\",\"logo\":{\"@type\":\"ImageObject\",\"inLanguage\":\"de\",\"@id\":\"https:\/\/archives.cchar.ch\/de\/#\/schema\/logo\/image\/\",\"url\":\"https:\/\/cchar.ch\/wp-content\/uploads\/2021\/09\/logo-CCHAR_PROD_pos-sobre.png\",\"contentUrl\":\"https:\/\/cchar.ch\/wp-content\/uploads\/2021\/09\/logo-CCHAR_PROD_pos-sobre.png\",\"width\":905,\"height\":336,\"caption\":\"CCHAR\"},\"image\":{\"@id\":\"https:\/\/archives.cchar.ch\/de\/#\/schema\/logo\/image\/\"},\"sameAs\":[\"https:\/\/www.facebook.com\/cchar.suisse\/\",\"https:\/\/www.linkedin.com\/company\/cchar\/\"]}]}<\/script>\n<!-- \/ Yoast SEO plugin. -->","yoast_head_json":{"title":"In-Situ-Kreation - CCHAR","robots":{"index":"index","follow":"follow","max-snippet":"max-snippet:-1","max-image-preview":"max-image-preview:large","max-video-preview":"max-video-preview:-1"},"canonical":"https:\/\/archives.cchar.ch\/de\/produit\/in-situ-erstellung\/","og_locale":"de_DE","og_type":"article","og_title":"In-Situ-Kreation - CCHAR","og_description":"Modul 4: In-Situ-Arbeit mit Juri Cainero und Beatriz Navarro von der companie Onyrikon","og_url":"https:\/\/archives.cchar.ch\/de\/produit\/in-situ-erstellung\/","og_site_name":"CCHAR","article_publisher":"https:\/\/www.facebook.com\/cchar.suisse\/","article_modified_time":"2024-02-26T15:58:16+00:00","og_image":[{"width":1116,"height":589,"url":"https:\/\/archives.cchar.ch\/wp-content\/uploads\/2023\/11\/Screenshot-2023-09-04-at-21.17.55.png","type":"image\/png"}],"twitter_card":"summary_large_image","twitter_misc":{"Gesch\u00e4tzte Lesezeit":"1\u00a0Minute"},"schema":{"@context":"https:\/\/schema.org","@graph":[{"@type":"WebPage","@id":"https:\/\/archives.cchar.ch\/de\/produit\/in-situ-erstellung\/","url":"https:\/\/archives.cchar.ch\/de\/produit\/in-situ-erstellung\/","name":"In-Situ-Kreation - CCHAR","isPartOf":{"@id":"https:\/\/archives.cchar.ch\/de\/#website"},"primaryImageOfPage":{"@id":"https:\/\/archives.cchar.ch\/de\/produit\/in-situ-erstellung\/#primaryimage"},"image":{"@id":"https:\/\/archives.cchar.ch\/de\/produit\/in-situ-erstellung\/#primaryimage"},"thumbnailUrl":"https:\/\/archives.cchar.ch\/wp-content\/uploads\/2023\/11\/Screenshot-2023-09-04-at-21.17.55.png","datePublished":"2023-11-09T10:37:35+00:00","dateModified":"2024-02-26T15:58:16+00:00","breadcrumb":{"@id":"https:\/\/archives.cchar.ch\/de\/produit\/in-situ-erstellung\/#breadcrumb"},"inLanguage":"de","potentialAction":[{"@type":"ReadAction","target":["https:\/\/archives.cchar.ch\/de\/produit\/in-situ-erstellung\/"]}]},{"@type":"ImageObject","inLanguage":"de","@id":"https:\/\/archives.cchar.ch\/de\/produit\/in-situ-erstellung\/#primaryimage","url":"https:\/\/archives.cchar.ch\/wp-content\/uploads\/2023\/11\/Screenshot-2023-09-04-at-21.17.55.png","contentUrl":"https:\/\/archives.cchar.ch\/wp-content\/uploads\/2023\/11\/Screenshot-2023-09-04-at-21.17.55.png","width":1116,"height":589},{"@type":"BreadcrumbList","@id":"https:\/\/archives.cchar.ch\/de\/produit\/in-situ-erstellung\/#breadcrumb","itemListElement":[{"@type":"ListItem","position":1,"name":"Accueil","item":"https:\/\/archives.cchar.ch\/de\/"},{"@type":"ListItem","position":2,"name":"Shop","item":"https:\/\/archives.cchar.ch\/de\/shop\/"},{"@type":"ListItem","position":3,"name":"In-Situ-Kreation"}]},{"@type":"WebSite","@id":"https:\/\/archives.cchar.ch\/de\/#website","url":"https:\/\/archives.cchar.ch\/de\/","name":"CCHAR","description":"Centre de Comp\u00e9tences et de Cr\u00e9ation Helv\u00e9tique des Arts de la Rue","publisher":{"@id":"https:\/\/archives.cchar.ch\/de\/#organization"},"potentialAction":[{"@type":"SearchAction","target":{"@type":"EntryPoint","urlTemplate":"https:\/\/archives.cchar.ch\/de\/?s={search_term_string}"},"query-input":{"@type":"PropertyValueSpecification","valueRequired":true,"valueName":"search_term_string"}}],"inLanguage":"de"},{"@type":"Organization","@id":"https:\/\/archives.cchar.ch\/de\/#organization","name":"CCHAR","url":"https:\/\/archives.cchar.ch\/de\/","logo":{"@type":"ImageObject","inLanguage":"de","@id":"https:\/\/archives.cchar.ch\/de\/#\/schema\/logo\/image\/","url":"https:\/\/cchar.ch\/wp-content\/uploads\/2021\/09\/logo-CCHAR_PROD_pos-sobre.png","contentUrl":"https:\/\/cchar.ch\/wp-content\/uploads\/2021\/09\/logo-CCHAR_PROD_pos-sobre.png","width":905,"height":336,"caption":"CCHAR"},"image":{"@id":"https:\/\/archives.cchar.ch\/de\/#\/schema\/logo\/image\/"},"sameAs":["https:\/\/www.facebook.com\/cchar.suisse\/","https:\/\/www.linkedin.com\/company\/cchar\/"]}]}},"_links":{"self":[{"href":"https:\/\/archives.cchar.ch\/de\/wp-json\/wp\/v2\/product\/43379","targetHints":{"allow":["GET"]}}],"collection":[{"href":"https:\/\/archives.cchar.ch\/de\/wp-json\/wp\/v2\/product"}],"about":[{"href":"https:\/\/archives.cchar.ch\/de\/wp-json\/wp\/v2\/types\/product"}],"version-history":[{"count":2,"href":"https:\/\/archives.cchar.ch\/de\/wp-json\/wp\/v2\/product\/43379\/revisions"}],"predecessor-version":[{"id":44442,"href":"https:\/\/archives.cchar.ch\/de\/wp-json\/wp\/v2\/product\/43379\/revisions\/44442"}],"wp:featuredmedia":[{"embeddable":true,"href":"https:\/\/archives.cchar.ch\/de\/wp-json\/wp\/v2\/media\/43394"}],"wp:attachment":[{"href":"https:\/\/archives.cchar.ch\/de\/wp-json\/wp\/v2\/media?parent=43379"}],"wp:term":[{"taxonomy":"product_brand","embeddable":true,"href":"https:\/\/archives.cchar.ch\/de\/wp-json\/wp\/v2\/product_brand?post=43379"},{"taxonomy":"product_cat","embeddable":true,"href":"https:\/\/archives.cchar.ch\/de\/wp-json\/wp\/v2\/product_cat?post=43379"},{"taxonomy":"product_tag","embeddable":true,"href":"https:\/\/archives.cchar.ch\/de\/wp-json\/wp\/v2\/product_tag?post=43379"}],"curies":[{"name":"wp","href":"https:\/\/api.w.org\/{rel}","templated":true}]}}