{"id":43376,"date":"2023-11-09T11:33:51","date_gmt":"2023-11-09T10:33:51","guid":{"rendered":"https:\/\/cchar.ch\/produit\/die-zeitgenoessische-dramaturgie\/"},"modified":"2024-11-15T11:18:21","modified_gmt":"2024-11-15T10:18:21","slug":"die-zeitgenoessische-dramaturgie","status":"publish","type":"product","link":"https:\/\/archives.cchar.ch\/de\/produit\/die-zeitgenoessische-dramaturgie\/","title":{"rendered":"Die zeitgen\u00f6ssische Dramaturgie"},"content":{"rendered":"<p><strong>Training 1:<\/strong> Zeitgen\u00f6ssische Dramaturgie mit <strong><a href=\"https:\/\/applicationspub.unil.ch\/interpub\/noauth\/php\/Un\/UnPers.php?PerNum=811398&amp;LanCode=37\">Danielle Chaperon<\/a><\/strong><\/p>\n<p>Im Vorfeld einer Reflexion \u00fcber die zeitgen\u00f6ssische Dramaturgie (insbesondere \u00fcber die Herausforderungen des Anthropoz\u00e4ns) werden Sie mit den historischen Hintergr\u00fcnden vertraut gemacht. Sie werden Schl\u00fcsselbegriffe kennen lernen, um Ihre Praxis zu beschreiben und in der aktuellen Kunstlandschaft zu verorten. Dramaturgische Modelle werden Ihnen vorgestellt und in spielerischen \u00dcbungen erprobt.<\/p>\n<p>24. bis 26. Februar<\/p>\n<p>&nbsp;<\/p>\n<p><strong>Alle Infos -&gt; <a href=\"https:\/\/cchar.ch\/de\/evenement\/weiterbildung-zeitgenossische-dramaturgie\/\">hier<\/a><\/strong><\/p>\n","protected":false},"excerpt":{"rendered":"<p><strong>Training 1:<\/strong> Zeitgen\u00f6ssische Dramaturgie mit <strong><a href=\"https:\/\/applicationspub.unil.ch\/interpub\/noauth\/php\/Un\/UnPers.php?PerNum=811398&amp;LanCode=37\">Danielle Chaperon<\/a><\/strong><\/p>\n","protected":false},"featured_media":48697,"template":"","meta":{"_acf_changed":false},"product_brand":[],"product_cat":[122],"product_tag":[],"class_list":{"0":"post-43376","1":"product","2":"type-product","3":"status-publish","4":"has-post-thumbnail","6":"product_cat-weiterbildung","8":"first","9":"outofstock","10":"purchasable","11":"product-type-simple"},"acf":[],"yoast_head":"<!-- This site is optimized with the Yoast SEO plugin v25.9 - https:\/\/yoast.com\/wordpress\/plugins\/seo\/ -->\n<title>Die zeitgen\u00f6ssische Dramaturgie - CCHAR<\/title>\n<meta name=\"robots\" content=\"index, follow, max-snippet:-1, max-image-preview:large, max-video-preview:-1\" \/>\n<link rel=\"canonical\" href=\"https:\/\/archives.cchar.ch\/de\/produit\/die-zeitgenoessische-dramaturgie\/\" \/>\n<meta property=\"og:locale\" content=\"de_DE\" \/>\n<meta property=\"og:type\" content=\"article\" \/>\n<meta property=\"og:title\" content=\"Die zeitgen\u00f6ssische Dramaturgie - CCHAR\" \/>\n<meta property=\"og:description\" content=\"Training 1: Zeitgen\u00f6ssische Dramaturgie mit Danielle Chaperon\" \/>\n<meta property=\"og:url\" content=\"https:\/\/archives.cchar.ch\/de\/produit\/die-zeitgenoessische-dramaturgie\/\" \/>\n<meta property=\"og:site_name\" content=\"CCHAR\" \/>\n<meta property=\"article:publisher\" content=\"https:\/\/www.facebook.com\/cchar.suisse\/\" \/>\n<meta property=\"article:modified_time\" content=\"2024-11-15T10:18:21+00:00\" \/>\n<meta property=\"og:image\" content=\"https:\/\/archives.cchar.ch\/wp-content\/uploads\/2024\/11\/20240214-CCHAR_Chaperon.jpg\" \/>\n\t<meta property=\"og:image:width\" content=\"1000\" \/>\n\t<meta property=\"og:image:height\" content=\"1499\" \/>\n\t<meta property=\"og:image:type\" content=\"image\/jpeg\" \/>\n<meta name=\"twitter:card\" content=\"summary_large_image\" \/>\n<meta name=\"twitter:label1\" content=\"Gesch\u00e4tzte Lesezeit\" \/>\n\t<meta name=\"twitter:data1\" content=\"1\u00a0Minute\" \/>\n<script type=\"application\/ld+json\" class=\"yoast-schema-graph\">{\"@context\":\"https:\/\/schema.org\",\"@graph\":[{\"@type\":\"WebPage\",\"@id\":\"https:\/\/archives.cchar.ch\/de\/produit\/die-zeitgenoessische-dramaturgie\/\",\"url\":\"https:\/\/archives.cchar.ch\/de\/produit\/die-zeitgenoessische-dramaturgie\/\",\"name\":\"Die zeitgen\u00f6ssische Dramaturgie - CCHAR\",\"isPartOf\":{\"@id\":\"https:\/\/archives.cchar.ch\/de\/#website\"},\"primaryImageOfPage\":{\"@id\":\"https:\/\/archives.cchar.ch\/de\/produit\/die-zeitgenoessische-dramaturgie\/#primaryimage\"},\"image\":{\"@id\":\"https:\/\/archives.cchar.ch\/de\/produit\/die-zeitgenoessische-dramaturgie\/#primaryimage\"},\"thumbnailUrl\":\"https:\/\/archives.cchar.ch\/wp-content\/uploads\/2024\/11\/20240214-CCHAR_Chaperon.jpg\",\"datePublished\":\"2023-11-09T10:33:51+00:00\",\"dateModified\":\"2024-11-15T10:18:21+00:00\",\"breadcrumb\":{\"@id\":\"https:\/\/archives.cchar.ch\/de\/produit\/die-zeitgenoessische-dramaturgie\/#breadcrumb\"},\"inLanguage\":\"de\",\"potentialAction\":[{\"@type\":\"ReadAction\",\"target\":[\"https:\/\/archives.cchar.ch\/de\/produit\/die-zeitgenoessische-dramaturgie\/\"]}]},{\"@type\":\"ImageObject\",\"inLanguage\":\"de\",\"@id\":\"https:\/\/archives.cchar.ch\/de\/produit\/die-zeitgenoessische-dramaturgie\/#primaryimage\",\"url\":\"https:\/\/archives.cchar.ch\/wp-content\/uploads\/2024\/11\/20240214-CCHAR_Chaperon.jpg\",\"contentUrl\":\"https:\/\/archives.cchar.ch\/wp-content\/uploads\/2024\/11\/20240214-CCHAR_Chaperon.jpg\",\"width\":1000,\"height\":1499,\"caption\":\"Danielle Chaperon\"},{\"@type\":\"BreadcrumbList\",\"@id\":\"https:\/\/archives.cchar.ch\/de\/produit\/die-zeitgenoessische-dramaturgie\/#breadcrumb\",\"itemListElement\":[{\"@type\":\"ListItem\",\"position\":1,\"name\":\"Accueil\",\"item\":\"https:\/\/archives.cchar.ch\/de\/\"},{\"@type\":\"ListItem\",\"position\":2,\"name\":\"Shop\",\"item\":\"https:\/\/archives.cchar.ch\/de\/shop\/\"},{\"@type\":\"ListItem\",\"position\":3,\"name\":\"Die zeitgen\u00f6ssische Dramaturgie\"}]},{\"@type\":\"WebSite\",\"@id\":\"https:\/\/archives.cchar.ch\/de\/#website\",\"url\":\"https:\/\/archives.cchar.ch\/de\/\",\"name\":\"CCHAR\",\"description\":\"Centre de Comp\u00e9tences et de Cr\u00e9ation Helv\u00e9tique des Arts de la Rue\",\"publisher\":{\"@id\":\"https:\/\/archives.cchar.ch\/de\/#organization\"},\"potentialAction\":[{\"@type\":\"SearchAction\",\"target\":{\"@type\":\"EntryPoint\",\"urlTemplate\":\"https:\/\/archives.cchar.ch\/de\/?s={search_term_string}\"},\"query-input\":{\"@type\":\"PropertyValueSpecification\",\"valueRequired\":true,\"valueName\":\"search_term_string\"}}],\"inLanguage\":\"de\"},{\"@type\":\"Organization\",\"@id\":\"https:\/\/archives.cchar.ch\/de\/#organization\",\"name\":\"CCHAR\",\"url\":\"https:\/\/archives.cchar.ch\/de\/\",\"logo\":{\"@type\":\"ImageObject\",\"inLanguage\":\"de\",\"@id\":\"https:\/\/archives.cchar.ch\/de\/#\/schema\/logo\/image\/\",\"url\":\"https:\/\/cchar.ch\/wp-content\/uploads\/2021\/09\/logo-CCHAR_PROD_pos-sobre.png\",\"contentUrl\":\"https:\/\/cchar.ch\/wp-content\/uploads\/2021\/09\/logo-CCHAR_PROD_pos-sobre.png\",\"width\":905,\"height\":336,\"caption\":\"CCHAR\"},\"image\":{\"@id\":\"https:\/\/archives.cchar.ch\/de\/#\/schema\/logo\/image\/\"},\"sameAs\":[\"https:\/\/www.facebook.com\/cchar.suisse\/\",\"https:\/\/www.linkedin.com\/company\/cchar\/\"]}]}<\/script>\n<!-- \/ Yoast SEO plugin. -->","yoast_head_json":{"title":"Die zeitgen\u00f6ssische Dramaturgie - CCHAR","robots":{"index":"index","follow":"follow","max-snippet":"max-snippet:-1","max-image-preview":"max-image-preview:large","max-video-preview":"max-video-preview:-1"},"canonical":"https:\/\/archives.cchar.ch\/de\/produit\/die-zeitgenoessische-dramaturgie\/","og_locale":"de_DE","og_type":"article","og_title":"Die zeitgen\u00f6ssische Dramaturgie - CCHAR","og_description":"Training 1: Zeitgen\u00f6ssische Dramaturgie mit Danielle Chaperon","og_url":"https:\/\/archives.cchar.ch\/de\/produit\/die-zeitgenoessische-dramaturgie\/","og_site_name":"CCHAR","article_publisher":"https:\/\/www.facebook.com\/cchar.suisse\/","article_modified_time":"2024-11-15T10:18:21+00:00","og_image":[{"width":1000,"height":1499,"url":"https:\/\/archives.cchar.ch\/wp-content\/uploads\/2024\/11\/20240214-CCHAR_Chaperon.jpg","type":"image\/jpeg"}],"twitter_card":"summary_large_image","twitter_misc":{"Gesch\u00e4tzte Lesezeit":"1\u00a0Minute"},"schema":{"@context":"https:\/\/schema.org","@graph":[{"@type":"WebPage","@id":"https:\/\/archives.cchar.ch\/de\/produit\/die-zeitgenoessische-dramaturgie\/","url":"https:\/\/archives.cchar.ch\/de\/produit\/die-zeitgenoessische-dramaturgie\/","name":"Die zeitgen\u00f6ssische Dramaturgie - CCHAR","isPartOf":{"@id":"https:\/\/archives.cchar.ch\/de\/#website"},"primaryImageOfPage":{"@id":"https:\/\/archives.cchar.ch\/de\/produit\/die-zeitgenoessische-dramaturgie\/#primaryimage"},"image":{"@id":"https:\/\/archives.cchar.ch\/de\/produit\/die-zeitgenoessische-dramaturgie\/#primaryimage"},"thumbnailUrl":"https:\/\/archives.cchar.ch\/wp-content\/uploads\/2024\/11\/20240214-CCHAR_Chaperon.jpg","datePublished":"2023-11-09T10:33:51+00:00","dateModified":"2024-11-15T10:18:21+00:00","breadcrumb":{"@id":"https:\/\/archives.cchar.ch\/de\/produit\/die-zeitgenoessische-dramaturgie\/#breadcrumb"},"inLanguage":"de","potentialAction":[{"@type":"ReadAction","target":["https:\/\/archives.cchar.ch\/de\/produit\/die-zeitgenoessische-dramaturgie\/"]}]},{"@type":"ImageObject","inLanguage":"de","@id":"https:\/\/archives.cchar.ch\/de\/produit\/die-zeitgenoessische-dramaturgie\/#primaryimage","url":"https:\/\/archives.cchar.ch\/wp-content\/uploads\/2024\/11\/20240214-CCHAR_Chaperon.jpg","contentUrl":"https:\/\/archives.cchar.ch\/wp-content\/uploads\/2024\/11\/20240214-CCHAR_Chaperon.jpg","width":1000,"height":1499,"caption":"Danielle Chaperon"},{"@type":"BreadcrumbList","@id":"https:\/\/archives.cchar.ch\/de\/produit\/die-zeitgenoessische-dramaturgie\/#breadcrumb","itemListElement":[{"@type":"ListItem","position":1,"name":"Accueil","item":"https:\/\/archives.cchar.ch\/de\/"},{"@type":"ListItem","position":2,"name":"Shop","item":"https:\/\/archives.cchar.ch\/de\/shop\/"},{"@type":"ListItem","position":3,"name":"Die zeitgen\u00f6ssische Dramaturgie"}]},{"@type":"WebSite","@id":"https:\/\/archives.cchar.ch\/de\/#website","url":"https:\/\/archives.cchar.ch\/de\/","name":"CCHAR","description":"Centre de Comp\u00e9tences et de Cr\u00e9ation Helv\u00e9tique des Arts de la Rue","publisher":{"@id":"https:\/\/archives.cchar.ch\/de\/#organization"},"potentialAction":[{"@type":"SearchAction","target":{"@type":"EntryPoint","urlTemplate":"https:\/\/archives.cchar.ch\/de\/?s={search_term_string}"},"query-input":{"@type":"PropertyValueSpecification","valueRequired":true,"valueName":"search_term_string"}}],"inLanguage":"de"},{"@type":"Organization","@id":"https:\/\/archives.cchar.ch\/de\/#organization","name":"CCHAR","url":"https:\/\/archives.cchar.ch\/de\/","logo":{"@type":"ImageObject","inLanguage":"de","@id":"https:\/\/archives.cchar.ch\/de\/#\/schema\/logo\/image\/","url":"https:\/\/cchar.ch\/wp-content\/uploads\/2021\/09\/logo-CCHAR_PROD_pos-sobre.png","contentUrl":"https:\/\/cchar.ch\/wp-content\/uploads\/2021\/09\/logo-CCHAR_PROD_pos-sobre.png","width":905,"height":336,"caption":"CCHAR"},"image":{"@id":"https:\/\/archives.cchar.ch\/de\/#\/schema\/logo\/image\/"},"sameAs":["https:\/\/www.facebook.com\/cchar.suisse\/","https:\/\/www.linkedin.com\/company\/cchar\/"]}]}},"_links":{"self":[{"href":"https:\/\/archives.cchar.ch\/de\/wp-json\/wp\/v2\/product\/43376","targetHints":{"allow":["GET"]}}],"collection":[{"href":"https:\/\/archives.cchar.ch\/de\/wp-json\/wp\/v2\/product"}],"about":[{"href":"https:\/\/archives.cchar.ch\/de\/wp-json\/wp\/v2\/types\/product"}],"version-history":[{"count":5,"href":"https:\/\/archives.cchar.ch\/de\/wp-json\/wp\/v2\/product\/43376\/revisions"}],"predecessor-version":[{"id":48930,"href":"https:\/\/archives.cchar.ch\/de\/wp-json\/wp\/v2\/product\/43376\/revisions\/48930"}],"wp:featuredmedia":[{"embeddable":true,"href":"https:\/\/archives.cchar.ch\/de\/wp-json\/wp\/v2\/media\/48697"}],"wp:attachment":[{"href":"https:\/\/archives.cchar.ch\/de\/wp-json\/wp\/v2\/media?parent=43376"}],"wp:term":[{"taxonomy":"product_brand","embeddable":true,"href":"https:\/\/archives.cchar.ch\/de\/wp-json\/wp\/v2\/product_brand?post=43376"},{"taxonomy":"product_cat","embeddable":true,"href":"https:\/\/archives.cchar.ch\/de\/wp-json\/wp\/v2\/product_cat?post=43376"},{"taxonomy":"product_tag","embeddable":true,"href":"https:\/\/archives.cchar.ch\/de\/wp-json\/wp\/v2\/product_tag?post=43376"}],"curies":[{"name":"wp","href":"https:\/\/api.w.org\/{rel}","templated":true}]}}