{"id":43326,"date":"2023-11-22T17:14:16","date_gmt":"2023-11-22T16:14:16","guid":{"rendered":"https:\/\/cchar.ch\/wohnheime\/"},"modified":"2025-03-11T11:02:52","modified_gmt":"2025-03-11T10:02:52","slug":"wohnheime","status":"publish","type":"page","link":"https:\/\/archives.cchar.ch\/de\/wohnheime\/","title":{"rendered":"Residenzen"},"content":{"rendered":"\t\t<div data-elementor-type=\"wp-page\" data-elementor-id=\"43326\" class=\"elementor elementor-43326 elementor-42684\" data-elementor-post-type=\"page\">\n\t\t\t\t\t\t<section class=\"elementor-section elementor-top-section elementor-element elementor-element-de857a6 elementor-section-boxed elementor-section-height-default elementor-section-height-default\" data-id=\"de857a6\" data-element_type=\"section\" data-e-type=\"section\">\n\t\t\t\t\t\t<div class=\"elementor-container elementor-column-gap-default\">\n\t\t\t\t\t<div class=\"elementor-column elementor-col-50 elementor-top-column elementor-element elementor-element-2e2b7ab\" data-id=\"2e2b7ab\" data-element_type=\"column\" data-e-type=\"column\">\n\t\t\t<div class=\"elementor-widget-wrap elementor-element-populated\">\n\t\t\t\t\t\t<div class=\"elementor-element elementor-element-76a32b4 elementor-widget elementor-widget-spacer\" data-id=\"76a32b4\" data-element_type=\"widget\" data-e-type=\"widget\" data-widget_type=\"spacer.default\">\n\t\t\t\t<div class=\"elementor-widget-container\">\n\t\t\t\t\t\t\t<div class=\"elementor-spacer\">\n\t\t\t<div class=\"elementor-spacer-inner\"><\/div>\n\t\t<\/div>\n\t\t\t\t\t\t<\/div>\n\t\t\t\t<\/div>\n\t\t\t\t<div class=\"elementor-element elementor-element-1600840 elementor-widget elementor-widget-heading\" data-id=\"1600840\" data-element_type=\"widget\" data-e-type=\"widget\" data-widget_type=\"heading.default\">\n\t\t\t\t<div class=\"elementor-widget-container\">\n\t\t\t\t\t<h1 class=\"elementor-heading-title elementor-size-large\">Residenzen<\/h1>\t\t\t\t<\/div>\n\t\t\t\t<\/div>\n\t\t\t\t<div class=\"elementor-element elementor-element-660be30 elementor-widget elementor-widget-text-editor\" data-id=\"660be30\" data-element_type=\"widget\" data-e-type=\"widget\" data-widget_type=\"text-editor.default\">\n\t\t\t\t<div class=\"elementor-widget-container\">\n\t\t\t\t\t\t\t\t\t<p>Jede Saison empf\u00e4ngt das CCHAR <strong>Schweizer<\/strong> Kompanien und K\u00fcnstler in Residenzen, die <strong>mit Stra\u00dfenkunst und \u00f6ffentlichen R\u00e4umen zu tun haben.<\/strong><\/p>\n<p>Diese Residenzzeiten erm\u00f6glichen es den K\u00fcnstlern, ihre Forschung zu vertiefen und auf der B\u00fchne oder in den Stra\u00dfen von La Chaux-de-Fonds zu arbeiten.<\/p>\n\t\t\t\t\t\t\t\t<\/div>\n\t\t\t\t<\/div>\n\t\t\t\t<div class=\"elementor-element elementor-element-cd3bf85 elementor-widget elementor-widget-text-editor\" data-id=\"cd3bf85\" data-element_type=\"widget\" data-e-type=\"widget\" data-widget_type=\"text-editor.default\">\n\t\t\t\t<div class=\"elementor-widget-container\">\n\t\t\t\t\t\t\t\t\t<p><span style=\"font-size: 17pt; color: #dc0013;\"><strong>Auswahlmodalit\u00e4ten<br \/><\/strong><\/span><\/p>\n<p>Die Auswahl erfolgt durch eine <strong>Aufforderung zur Einreichung von Bewerbungen<\/strong>, die vom 14. M\u00e4rz bis zum 12. April 2025 um Mitternacht ge\u00f6ffnet ist, f\u00fcr Aufenthalte zwischen Januar und Dezember 2026.<\/p>\n<p>Die Jury, die sich aus <strong>professionnelle<\/strong> der Strassenkunst zusammensetzt, bewertet die Relevanz und Machbarkeit des k\u00fcnstlerischen Projekts, indem sie die Intentionsnotiz, die Besetzung, die Raumimplantation, das Budget und die Partner bewertet.<\/p>\n<p>Die Jury achtet auch auf die Balance ihrer j\u00e4hrlichen Auswahl, darunter: Gleichberechtigung von Frauen und M\u00e4nnern, Zielgruppen: junges Publikum \/ erwachsenes Publikum, junge Truppen \/ erfahrene Truppen, die verschiedenen Sorten k\u00fcnstlerische Disziplinen und Formate.<\/p>\n<p>Bitte senden Sie Ihr Dossier nicht ausserhalb des Bewerbungsaurufs ein, da es nicht bearbeitet werden kann, da die Jury nur einmal im Jahr zusammentritt.<\/p>\n\t\t\t\t\t\t\t\t<\/div>\n\t\t\t\t<\/div>\n\t\t\t\t<div class=\"elementor-element elementor-element-c58fb21 elementor-widget elementor-widget-text-editor\" data-id=\"c58fb21\" data-element_type=\"widget\" data-e-type=\"widget\" data-widget_type=\"text-editor.default\">\n\t\t\t\t<div class=\"elementor-widget-container\">\n\t\t\t\t\t\t\t\t\t<p><span style=\"font-size: 17pt; color: #dc0013;\"><strong>Die Residenzen<br \/><\/strong><\/span><\/p>\n<p>Der CCHAR unterst\u00fctzt die schweizerische Kreation im \u00f6ffentlichen Raum, indem es Shows in verschiedenen Phasen ihrer Kreation und Projekte, die sich noch im Schreibprozess befinden, empf\u00e4ngt.<\/p>\n<\/p>\n<p><strong>Dauer<\/strong><\/p>\n<p>Die Kreationsresidenzen dauern generell zwei Wochen und enden mit Auff\u00fchrungen mit Publikum.<\/p>\n<\/p>\n<p><strong>Werkzeuge<\/strong> <br \/>&#8211; Bereitstellung eines hellen Probenraums von ca. 100 m2 (siehe unten). <u><a href=\"https:\/\/cchar.ch\/wp-content\/uploads\/2024\/02\/Fiche-technique-salle-de-repetition-CCHAR-1.pdf\" target=\"_blank\" rel=\"noopener\">Datenblatt<\/a><\/u><a href=\"https:\/\/cchar.ch\/wp-content\/uploads\/2024\/02\/Fiche-technique-salle-de-repetition-CCHAR-1.pdf\" target=\"_blank\" rel=\"noopener\">)<\/a>.<br \/>&#8211; Bereitstellung eines Wohnappartements in der Villa Numa:<\/p>\n<ul>\n<li>2 Zimmer \/ 4 Betten<\/li>\n<li>1 Wohnzimmer \/ Esszimmer \/ Balkon \/ Bettsofa<\/li>\n<li>1 ausgestattete K\u00fcche<\/li>\n<li>1 Badezimmer mit Dusche \/ WC<\/li>\n<li>Wir k\u00f6nnen eine weitere Wohnung zur Verf\u00fcgung stellen bei Bedarf<\/li>\n<li> <\/li>\n<li><strong>Unterst\u00fctzung<\/strong> f\u00fcr die Kommunikation bei \u00f6ffentlicher Pr\u00e4sentation (Newsletter, Social Media Anzeige, Programme, Einladung des Publikums und von professionellen)<\/li>\n<li> <\/li>\n<li>Ortsbestimmung, Management und Bezahlung von Erlaubnissen f\u00fcr die Bereitstellung des \u00f6ffentlichem\/n Raum\/en<\/li>\n<li>Vorabkauf f\u00fcr Auff\u00fchrungen mit Publikum; der Betrag richtet sich nach der Anzahl der Personen in Residenz.<\/li>\n<li> <\/li>\n<\/ul>\n<p>Die Truppen k\u00f6nnen Vermittlungsaktionen und Begegnungszeiten mit dem Publikum vorschlagen, in denen wir sie begleiten.<\/p><\/p>\n\t\t\t\t\t\t\t\t<\/div>\n\t\t\t\t<\/div>\n\t\t\t\t<div class=\"elementor-element elementor-element-7eb5daf elementor-widget elementor-widget-spacer\" data-id=\"7eb5daf\" data-element_type=\"widget\" data-e-type=\"widget\" data-widget_type=\"spacer.default\">\n\t\t\t\t<div class=\"elementor-widget-container\">\n\t\t\t\t\t\t\t<div class=\"elementor-spacer\">\n\t\t\t<div class=\"elementor-spacer-inner\"><\/div>\n\t\t<\/div>\n\t\t\t\t\t\t<\/div>\n\t\t\t\t<\/div>\n\t\t\t\t<div class=\"elementor-element elementor-element-8e8c615 elementor-align-left boutonmembre elementor-tablet-align-center elementor-mobile-align-center elementor-hidden-desktop elementor-widget elementor-widget-button\" data-id=\"8e8c615\" data-element_type=\"widget\" data-e-type=\"widget\" data-widget_type=\"button.default\">\n\t\t\t\t<div class=\"elementor-widget-container\">\n\t\t\t\t\t\t\t\t\t<div class=\"elementor-button-wrapper\">\n\t\t\t\t\t<a class=\"elementor-button elementor-button-link elementor-size-sm\" href=\"https:\/\/cchar.ch\/wp-content\/uploads\/2024\/02\/Appel-a-residence-25-VF-.pdf\" target=\"_blank\">\n\t\t\t\t\t\t<span class=\"elementor-button-content-wrapper\">\n\t\t\t\t\t\t<span class=\"elementor-button-icon\">\n\t\t\t\t<i aria-hidden=\"true\" class=\"far fa-arrow-alt-circle-right\"><\/i>\t\t\t<\/span>\n\t\t\t\t\t\t\t\t\t<span class=\"elementor-button-text\">Appel \u00e0 candidature<\/span>\n\t\t\t\t\t<\/span>\n\t\t\t\t\t<\/a>\n\t\t\t\t<\/div>\n\t\t\t\t\t\t\t\t<\/div>\n\t\t\t\t<\/div>\n\t\t\t\t<div class=\"elementor-element elementor-element-53f5ac6 elementor-align-left boutonmembre elementor-tablet-align-center elementor-mobile-align-center elementor-hidden-desktop elementor-widget elementor-widget-button\" data-id=\"53f5ac6\" data-element_type=\"widget\" data-e-type=\"widget\" data-widget_type=\"button.default\">\n\t\t\t\t<div class=\"elementor-widget-container\">\n\t\t\t\t\t\t\t\t\t<div class=\"elementor-button-wrapper\">\n\t\t\t\t\t<a class=\"elementor-button elementor-button-link elementor-size-sm\" href=\"https:\/\/cchar.ch\/wp-content\/uploads\/2024\/02\/Appel-a-residence-25-EN-.pdf\" target=\"_blank\">\n\t\t\t\t\t\t<span class=\"elementor-button-content-wrapper\">\n\t\t\t\t\t\t<span class=\"elementor-button-icon\">\n\t\t\t\t<i aria-hidden=\"true\" class=\"far fa-arrow-alt-circle-right\"><\/i>\t\t\t<\/span>\n\t\t\t\t\t\t\t\t\t<span class=\"elementor-button-text\">Call for applications<\/span>\n\t\t\t\t\t<\/span>\n\t\t\t\t\t<\/a>\n\t\t\t\t<\/div>\n\t\t\t\t\t\t\t\t<\/div>\n\t\t\t\t<\/div>\n\t\t\t\t<div class=\"elementor-element elementor-element-54745c8 elementor-align-left boutonmembre elementor-tablet-align-center elementor-mobile-align-center elementor-hidden-desktop elementor-widget elementor-widget-button\" data-id=\"54745c8\" data-element_type=\"widget\" data-e-type=\"widget\" data-widget_type=\"button.default\">\n\t\t\t\t<div class=\"elementor-widget-container\">\n\t\t\t\t\t\t\t\t\t<div class=\"elementor-button-wrapper\">\n\t\t\t\t\t<a class=\"elementor-button elementor-button-link elementor-size-sm\" href=\"https:\/\/cchar.ch\/wp-content\/uploads\/2024\/02\/Appel-a-residence-25-DE-corrige.pdf\">\n\t\t\t\t\t\t<span class=\"elementor-button-content-wrapper\">\n\t\t\t\t\t\t<span class=\"elementor-button-icon\">\n\t\t\t\t<i aria-hidden=\"true\" class=\"far fa-arrow-alt-circle-right\"><\/i>\t\t\t<\/span>\n\t\t\t\t\t\t\t\t\t<span class=\"elementor-button-text\">Bewerbungsaufruf<\/span>\n\t\t\t\t\t<\/span>\n\t\t\t\t\t<\/a>\n\t\t\t\t<\/div>\n\t\t\t\t\t\t\t\t<\/div>\n\t\t\t\t<\/div>\n\t\t\t\t<div class=\"elementor-element elementor-element-c6f8e8e elementor-widget elementor-widget-spacer\" data-id=\"c6f8e8e\" data-element_type=\"widget\" data-e-type=\"widget\" data-widget_type=\"spacer.default\">\n\t\t\t\t<div class=\"elementor-widget-container\">\n\t\t\t\t\t\t\t<div class=\"elementor-spacer\">\n\t\t\t<div class=\"elementor-spacer-inner\"><\/div>\n\t\t<\/div>\n\t\t\t\t\t\t<\/div>\n\t\t\t\t<\/div>\n\t\t\t\t\t<\/div>\n\t\t<\/div>\n\t\t\t\t<div class=\"elementor-column elementor-col-50 elementor-top-column elementor-element elementor-element-2df58b5\" data-id=\"2df58b5\" data-element_type=\"column\" data-e-type=\"column\" data-settings=\"{&quot;background_background&quot;:&quot;classic&quot;}\">\n\t\t\t<div class=\"elementor-widget-wrap elementor-element-populated\">\n\t\t\t\t\t\t<div class=\"elementor-element elementor-element-e50140a elementor-position-left elementor-vertical-align-middle elementor-widget elementor-widget-image-box\" data-id=\"e50140a\" data-element_type=\"widget\" data-e-type=\"widget\" data-settings=\"{&quot;sticky&quot;:&quot;top&quot;,&quot;sticky_on&quot;:[&quot;desktop&quot;],&quot;sticky_offset&quot;:100,&quot;sticky_effects_offset&quot;:0,&quot;sticky_anchor_link_offset&quot;:0}\" data-widget_type=\"image-box.default\">\n\t\t\t\t<div class=\"elementor-widget-container\">\n\t\t\t\t\t<div class=\"elementor-image-box-wrapper\"><figure class=\"elementor-image-box-img\"><a href=\"https:\/\/cchar.ch\/wp-content\/uploads\/2023\/12\/PANIC_ROOM.pdf\" target=\"_blank\" tabindex=\"-1\"><img loading=\"lazy\" decoding=\"async\" width=\"433\" height=\"397\" src=\"https:\/\/archives.cchar.ch\/wp-content\/uploads\/2023\/11\/pr.png\" class=\"attachment-1536x1536 size-1536x1536 wp-image-43055\" alt=\"\" srcset=\"https:\/\/archives.cchar.ch\/wp-content\/uploads\/2023\/11\/pr.png 433w, https:\/\/archives.cchar.ch\/wp-content\/uploads\/2023\/11\/pr-300x275.png 300w, https:\/\/archives.cchar.ch\/wp-content\/uploads\/2023\/11\/pr-24x22.png 24w, https:\/\/archives.cchar.ch\/wp-content\/uploads\/2023\/11\/pr-36x33.png 36w, https:\/\/archives.cchar.ch\/wp-content\/uploads\/2023\/11\/pr-48x44.png 48w\" sizes=\"auto, (max-width: 433px) 100vw, 433px\" \/><\/a><\/figure><div class=\"elementor-image-box-content\"><h3 class=\"elementor-image-box-title\"><a href=\"https:\/\/cchar.ch\/wp-content\/uploads\/2023\/12\/PANIC_ROOM.pdf\" target=\"_blank\">PANIC <br>ROOM<\/a><\/h3><\/div><\/div>\t\t\t\t<\/div>\n\t\t\t\t<\/div>\n\t\t\t\t<div class=\"elementor-element elementor-element-05e5153 elementor-align-left boutonmembre elementor-mobile-align-center elementor-hidden-tablet elementor-hidden-mobile elementor-widget elementor-widget-button\" data-id=\"05e5153\" data-element_type=\"widget\" data-e-type=\"widget\" data-settings=\"{&quot;sticky&quot;:&quot;top&quot;,&quot;sticky_offset&quot;:260,&quot;sticky_on&quot;:[&quot;desktop&quot;,&quot;tablet&quot;,&quot;mobile&quot;],&quot;sticky_effects_offset&quot;:0,&quot;sticky_anchor_link_offset&quot;:0}\" data-widget_type=\"button.default\">\n\t\t\t\t<div class=\"elementor-widget-container\">\n\t\t\t\t\t\t\t\t\t<div class=\"elementor-button-wrapper\">\n\t\t\t\t\t<a class=\"elementor-button elementor-button-link elementor-size-sm\" href=\"https:\/\/cchar.ch\/wp-content\/uploads\/2025\/03\/Appel-candidature-2026.pdf\" target=\"_blank\">\n\t\t\t\t\t\t<span class=\"elementor-button-content-wrapper\">\n\t\t\t\t\t\t<span class=\"elementor-button-icon\">\n\t\t\t\t<i aria-hidden=\"true\" class=\"far fa-arrow-alt-circle-right\"><\/i>\t\t\t<\/span>\n\t\t\t\t\t\t\t\t\t<span class=\"elementor-button-text\">Appel \u00e0 candidature<\/span>\n\t\t\t\t\t<\/span>\n\t\t\t\t\t<\/a>\n\t\t\t\t<\/div>\n\t\t\t\t\t\t\t\t<\/div>\n\t\t\t\t<\/div>\n\t\t\t\t<div class=\"elementor-element elementor-element-e137780 elementor-align-left boutonmembre elementor-mobile-align-center elementor-hidden-tablet elementor-hidden-mobile elementor-widget elementor-widget-button\" data-id=\"e137780\" data-element_type=\"widget\" data-e-type=\"widget\" data-settings=\"{&quot;sticky&quot;:&quot;top&quot;,&quot;sticky_offset&quot;:310,&quot;sticky_on&quot;:[&quot;desktop&quot;,&quot;tablet&quot;,&quot;mobile&quot;],&quot;sticky_effects_offset&quot;:0,&quot;sticky_anchor_link_offset&quot;:0}\" data-widget_type=\"button.default\">\n\t\t\t\t<div class=\"elementor-widget-container\">\n\t\t\t\t\t\t\t\t\t<div class=\"elementor-button-wrapper\">\n\t\t\t\t\t<a class=\"elementor-button elementor-button-link elementor-size-sm\" href=\"https:\/\/cchar.ch\/wp-content\/uploads\/2025\/03\/Call-for-applications-2026.pdf\" target=\"_blank\">\n\t\t\t\t\t\t<span class=\"elementor-button-content-wrapper\">\n\t\t\t\t\t\t<span class=\"elementor-button-icon\">\n\t\t\t\t<i aria-hidden=\"true\" class=\"far fa-arrow-alt-circle-right\"><\/i>\t\t\t<\/span>\n\t\t\t\t\t\t\t\t\t<span class=\"elementor-button-text\">Call for applications<\/span>\n\t\t\t\t\t<\/span>\n\t\t\t\t\t<\/a>\n\t\t\t\t<\/div>\n\t\t\t\t\t\t\t\t<\/div>\n\t\t\t\t<\/div>\n\t\t\t\t<div class=\"elementor-element elementor-element-cfc568c elementor-align-left boutonmembre elementor-mobile-align-center elementor-hidden-tablet elementor-hidden-mobile elementor-widget elementor-widget-button\" data-id=\"cfc568c\" data-element_type=\"widget\" data-e-type=\"widget\" data-settings=\"{&quot;sticky&quot;:&quot;top&quot;,&quot;sticky_offset&quot;:360,&quot;sticky_on&quot;:[&quot;desktop&quot;,&quot;tablet&quot;,&quot;mobile&quot;],&quot;sticky_effects_offset&quot;:0,&quot;sticky_anchor_link_offset&quot;:0}\" data-widget_type=\"button.default\">\n\t\t\t\t<div class=\"elementor-widget-container\">\n\t\t\t\t\t\t\t\t\t<div class=\"elementor-button-wrapper\">\n\t\t\t\t\t<a class=\"elementor-button elementor-button-link elementor-size-sm\" href=\"https:\/\/cchar.ch\/wp-content\/uploads\/2025\/03\/Bewerbungsaufruf-2026.pdf\" target=\"_blank\">\n\t\t\t\t\t\t<span class=\"elementor-button-content-wrapper\">\n\t\t\t\t\t\t<span class=\"elementor-button-icon\">\n\t\t\t\t<i aria-hidden=\"true\" class=\"far fa-arrow-alt-circle-right\"><\/i>\t\t\t<\/span>\n\t\t\t\t\t\t\t\t\t<span class=\"elementor-button-text\">Bewerbungsaufruf<\/span>\n\t\t\t\t\t<\/span>\n\t\t\t\t\t<\/a>\n\t\t\t\t<\/div>\n\t\t\t\t\t\t\t\t<\/div>\n\t\t\t\t<\/div>\n\t\t\t\t\t<\/div>\n\t\t<\/div>\n\t\t\t\t\t<\/div>\n\t\t<\/section>\n\t\t\t\t<\/div>\n\t\t","protected":false},"excerpt":{"rendered":"<p>Residenzen Jede Saison empf\u00e4ngt das CCHAR Schweizer Kompanien und K\u00fcnstler in Residenzen, die mit Stra\u00dfenkunst und \u00f6ffentlichen R\u00e4umen zu tun haben. Diese Residenzzeiten erm\u00f6glichen es den K\u00fcnstlern, ihre Forschung zu [&hellip;]<\/p>\n","protected":false},"author":1,"featured_media":0,"parent":0,"menu_order":0,"comment_status":"closed","ping_status":"closed","template":"","meta":{"_acf_changed":false,"footnotes":""},"class_list":["post-43326","page","type-page","status-publish","hentry"],"acf":[],"yoast_head":"<!-- This site is optimized with the Yoast SEO plugin v25.9 - https:\/\/yoast.com\/wordpress\/plugins\/seo\/ -->\n<title>Residenzen - CCHAR<\/title>\n<meta name=\"robots\" content=\"index, follow, max-snippet:-1, max-image-preview:large, max-video-preview:-1\" \/>\n<link rel=\"canonical\" href=\"https:\/\/archives.cchar.ch\/de\/wohnheime\/\" \/>\n<meta property=\"og:locale\" content=\"de_DE\" \/>\n<meta property=\"og:type\" content=\"article\" \/>\n<meta property=\"og:title\" content=\"Residenzen - CCHAR\" \/>\n<meta property=\"og:description\" content=\"Residenzen Jede Saison empf\u00e4ngt das CCHAR Schweizer Kompanien und K\u00fcnstler in Residenzen, die mit Stra\u00dfenkunst und \u00f6ffentlichen R\u00e4umen zu tun haben. Diese Residenzzeiten erm\u00f6glichen es den K\u00fcnstlern, ihre Forschung zu [&hellip;]\" \/>\n<meta property=\"og:url\" content=\"https:\/\/archives.cchar.ch\/de\/wohnheime\/\" \/>\n<meta property=\"og:site_name\" content=\"CCHAR\" \/>\n<meta property=\"article:publisher\" content=\"https:\/\/www.facebook.com\/cchar.suisse\/\" \/>\n<meta property=\"article:modified_time\" content=\"2025-03-11T10:02:52+00:00\" \/>\n<meta property=\"og:image\" content=\"https:\/\/cchar.ch\/wp-content\/uploads\/2023\/11\/pr.png\" \/>\n<meta name=\"twitter:card\" content=\"summary_large_image\" \/>\n<meta name=\"twitter:label1\" content=\"Gesch\u00e4tzte Lesezeit\" \/>\n\t<meta name=\"twitter:data1\" content=\"2\u00a0Minuten\" \/>\n<script type=\"application\/ld+json\" class=\"yoast-schema-graph\">{\"@context\":\"https:\/\/schema.org\",\"@graph\":[{\"@type\":\"WebPage\",\"@id\":\"https:\/\/archives.cchar.ch\/de\/wohnheime\/\",\"url\":\"https:\/\/archives.cchar.ch\/de\/wohnheime\/\",\"name\":\"Residenzen - CCHAR\",\"isPartOf\":{\"@id\":\"https:\/\/archives.cchar.ch\/de\/#website\"},\"primaryImageOfPage\":{\"@id\":\"https:\/\/archives.cchar.ch\/de\/wohnheime\/#primaryimage\"},\"image\":{\"@id\":\"https:\/\/archives.cchar.ch\/de\/wohnheime\/#primaryimage\"},\"thumbnailUrl\":\"https:\/\/cchar.ch\/wp-content\/uploads\/2023\/11\/pr.png\",\"datePublished\":\"2023-11-22T16:14:16+00:00\",\"dateModified\":\"2025-03-11T10:02:52+00:00\",\"breadcrumb\":{\"@id\":\"https:\/\/archives.cchar.ch\/de\/wohnheime\/#breadcrumb\"},\"inLanguage\":\"de\",\"potentialAction\":[{\"@type\":\"ReadAction\",\"target\":[\"https:\/\/archives.cchar.ch\/de\/wohnheime\/\"]}]},{\"@type\":\"ImageObject\",\"inLanguage\":\"de\",\"@id\":\"https:\/\/archives.cchar.ch\/de\/wohnheime\/#primaryimage\",\"url\":\"https:\/\/cchar.ch\/wp-content\/uploads\/2023\/11\/pr.png\",\"contentUrl\":\"https:\/\/cchar.ch\/wp-content\/uploads\/2023\/11\/pr.png\"},{\"@type\":\"BreadcrumbList\",\"@id\":\"https:\/\/archives.cchar.ch\/de\/wohnheime\/#breadcrumb\",\"itemListElement\":[{\"@type\":\"ListItem\",\"position\":1,\"name\":\"Accueil\",\"item\":\"https:\/\/archives.cchar.ch\/de\/\"},{\"@type\":\"ListItem\",\"position\":2,\"name\":\"Residenzen\"}]},{\"@type\":\"WebSite\",\"@id\":\"https:\/\/archives.cchar.ch\/de\/#website\",\"url\":\"https:\/\/archives.cchar.ch\/de\/\",\"name\":\"CCHAR\",\"description\":\"Centre de Comp\u00e9tences et de Cr\u00e9ation Helv\u00e9tique des Arts de la Rue\",\"publisher\":{\"@id\":\"https:\/\/archives.cchar.ch\/de\/#organization\"},\"potentialAction\":[{\"@type\":\"SearchAction\",\"target\":{\"@type\":\"EntryPoint\",\"urlTemplate\":\"https:\/\/archives.cchar.ch\/de\/?s={search_term_string}\"},\"query-input\":{\"@type\":\"PropertyValueSpecification\",\"valueRequired\":true,\"valueName\":\"search_term_string\"}}],\"inLanguage\":\"de\"},{\"@type\":\"Organization\",\"@id\":\"https:\/\/archives.cchar.ch\/de\/#organization\",\"name\":\"CCHAR\",\"url\":\"https:\/\/archives.cchar.ch\/de\/\",\"logo\":{\"@type\":\"ImageObject\",\"inLanguage\":\"de\",\"@id\":\"https:\/\/archives.cchar.ch\/de\/#\/schema\/logo\/image\/\",\"url\":\"https:\/\/cchar.ch\/wp-content\/uploads\/2021\/09\/logo-CCHAR_PROD_pos-sobre.png\",\"contentUrl\":\"https:\/\/cchar.ch\/wp-content\/uploads\/2021\/09\/logo-CCHAR_PROD_pos-sobre.png\",\"width\":905,\"height\":336,\"caption\":\"CCHAR\"},\"image\":{\"@id\":\"https:\/\/archives.cchar.ch\/de\/#\/schema\/logo\/image\/\"},\"sameAs\":[\"https:\/\/www.facebook.com\/cchar.suisse\/\",\"https:\/\/www.linkedin.com\/company\/cchar\/\"]}]}<\/script>\n<!-- \/ Yoast SEO plugin. -->","yoast_head_json":{"title":"Residenzen - CCHAR","robots":{"index":"index","follow":"follow","max-snippet":"max-snippet:-1","max-image-preview":"max-image-preview:large","max-video-preview":"max-video-preview:-1"},"canonical":"https:\/\/archives.cchar.ch\/de\/wohnheime\/","og_locale":"de_DE","og_type":"article","og_title":"Residenzen - CCHAR","og_description":"Residenzen Jede Saison empf\u00e4ngt das CCHAR Schweizer Kompanien und K\u00fcnstler in Residenzen, die mit Stra\u00dfenkunst und \u00f6ffentlichen R\u00e4umen zu tun haben. Diese Residenzzeiten erm\u00f6glichen es den K\u00fcnstlern, ihre Forschung zu [&hellip;]","og_url":"https:\/\/archives.cchar.ch\/de\/wohnheime\/","og_site_name":"CCHAR","article_publisher":"https:\/\/www.facebook.com\/cchar.suisse\/","article_modified_time":"2025-03-11T10:02:52+00:00","og_image":[{"url":"https:\/\/cchar.ch\/wp-content\/uploads\/2023\/11\/pr.png","type":"","width":"","height":""}],"twitter_card":"summary_large_image","twitter_misc":{"Gesch\u00e4tzte Lesezeit":"2\u00a0Minuten"},"schema":{"@context":"https:\/\/schema.org","@graph":[{"@type":"WebPage","@id":"https:\/\/archives.cchar.ch\/de\/wohnheime\/","url":"https:\/\/archives.cchar.ch\/de\/wohnheime\/","name":"Residenzen - CCHAR","isPartOf":{"@id":"https:\/\/archives.cchar.ch\/de\/#website"},"primaryImageOfPage":{"@id":"https:\/\/archives.cchar.ch\/de\/wohnheime\/#primaryimage"},"image":{"@id":"https:\/\/archives.cchar.ch\/de\/wohnheime\/#primaryimage"},"thumbnailUrl":"https:\/\/cchar.ch\/wp-content\/uploads\/2023\/11\/pr.png","datePublished":"2023-11-22T16:14:16+00:00","dateModified":"2025-03-11T10:02:52+00:00","breadcrumb":{"@id":"https:\/\/archives.cchar.ch\/de\/wohnheime\/#breadcrumb"},"inLanguage":"de","potentialAction":[{"@type":"ReadAction","target":["https:\/\/archives.cchar.ch\/de\/wohnheime\/"]}]},{"@type":"ImageObject","inLanguage":"de","@id":"https:\/\/archives.cchar.ch\/de\/wohnheime\/#primaryimage","url":"https:\/\/cchar.ch\/wp-content\/uploads\/2023\/11\/pr.png","contentUrl":"https:\/\/cchar.ch\/wp-content\/uploads\/2023\/11\/pr.png"},{"@type":"BreadcrumbList","@id":"https:\/\/archives.cchar.ch\/de\/wohnheime\/#breadcrumb","itemListElement":[{"@type":"ListItem","position":1,"name":"Accueil","item":"https:\/\/archives.cchar.ch\/de\/"},{"@type":"ListItem","position":2,"name":"Residenzen"}]},{"@type":"WebSite","@id":"https:\/\/archives.cchar.ch\/de\/#website","url":"https:\/\/archives.cchar.ch\/de\/","name":"CCHAR","description":"Centre de Comp\u00e9tences et de Cr\u00e9ation Helv\u00e9tique des Arts de la Rue","publisher":{"@id":"https:\/\/archives.cchar.ch\/de\/#organization"},"potentialAction":[{"@type":"SearchAction","target":{"@type":"EntryPoint","urlTemplate":"https:\/\/archives.cchar.ch\/de\/?s={search_term_string}"},"query-input":{"@type":"PropertyValueSpecification","valueRequired":true,"valueName":"search_term_string"}}],"inLanguage":"de"},{"@type":"Organization","@id":"https:\/\/archives.cchar.ch\/de\/#organization","name":"CCHAR","url":"https:\/\/archives.cchar.ch\/de\/","logo":{"@type":"ImageObject","inLanguage":"de","@id":"https:\/\/archives.cchar.ch\/de\/#\/schema\/logo\/image\/","url":"https:\/\/cchar.ch\/wp-content\/uploads\/2021\/09\/logo-CCHAR_PROD_pos-sobre.png","contentUrl":"https:\/\/cchar.ch\/wp-content\/uploads\/2021\/09\/logo-CCHAR_PROD_pos-sobre.png","width":905,"height":336,"caption":"CCHAR"},"image":{"@id":"https:\/\/archives.cchar.ch\/de\/#\/schema\/logo\/image\/"},"sameAs":["https:\/\/www.facebook.com\/cchar.suisse\/","https:\/\/www.linkedin.com\/company\/cchar\/"]}]}},"_links":{"self":[{"href":"https:\/\/archives.cchar.ch\/de\/wp-json\/wp\/v2\/pages\/43326","targetHints":{"allow":["GET"]}}],"collection":[{"href":"https:\/\/archives.cchar.ch\/de\/wp-json\/wp\/v2\/pages"}],"about":[{"href":"https:\/\/archives.cchar.ch\/de\/wp-json\/wp\/v2\/types\/page"}],"author":[{"embeddable":true,"href":"https:\/\/archives.cchar.ch\/de\/wp-json\/wp\/v2\/users\/1"}],"replies":[{"embeddable":true,"href":"https:\/\/archives.cchar.ch\/de\/wp-json\/wp\/v2\/comments?post=43326"}],"version-history":[{"count":23,"href":"https:\/\/archives.cchar.ch\/de\/wp-json\/wp\/v2\/pages\/43326\/revisions"}],"predecessor-version":[{"id":49712,"href":"https:\/\/archives.cchar.ch\/de\/wp-json\/wp\/v2\/pages\/43326\/revisions\/49712"}],"wp:attachment":[{"href":"https:\/\/archives.cchar.ch\/de\/wp-json\/wp\/v2\/media?parent=43326"}],"curies":[{"name":"wp","href":"https:\/\/api.w.org\/{rel}","templated":true}]}}