{"id":43228,"date":"2023-09-06T16:02:11","date_gmt":"2023-09-06T14:02:11","guid":{"rendered":"https:\/\/cchar.ch\/allgemeine-verkaufsbedingungen\/"},"modified":"2023-12-08T06:57:02","modified_gmt":"2023-12-08T05:57:02","slug":"allgemeine-verkaufsbedingungen","status":"publish","type":"page","link":"https:\/\/archives.cchar.ch\/de\/allgemeine-verkaufsbedingungen\/","title":{"rendered":"Allgemeine Verkaufsbedingungen"},"content":{"rendered":"<p><strong>Allgemeine Bedingungen &#8211; Weiterbildung und Praktika<\/strong><\/p>\n<p><strong>Kapitel 1 &#8211; Allgemeines und Anmeldung<\/strong><\/p>\n<p>Art. 1 &#8211; Anwendungsbereich<br \/>\nDie vorliegenden Allgemeinen Gesch\u00e4ftsbedingungen gelten f\u00fcr die Weiterbildungsangebote und Praktika des<br \/>\nCCHAR.<br \/>\nArt. 2 &#8211; Geb\u00fchren<br \/>\nDie Preise f\u00fcr die Schulungen sind auf der CCHAR-Website angegeben. Sie werden in Franken ausgedr\u00fcckt<br \/>\nSchweizer Franken nach Steuern.<br \/>\nArt. 3 &#8211; Annahme der Allgemeinen Gesch\u00e4ftsbedingungen<br \/>\nMit der Best\u00e4tigung der Anmeldung akzeptiert der Praktikant\/die Praktikantin die vorliegenden Allgemeinen Gesch\u00e4ftsbedingungen ohne Einschr\u00e4nkungen.<br \/>\nArt. 4 &#8211; Modalit\u00e4ten der Einschreibung<br \/>\nDie Anmeldung erfolgt online mithilfe des Anmeldeformulars in elektronischem Format und in den<br \/>\nvorgegebenen Fristen.<br \/>\nDa die Anzahl der Teilnehmer\/innen an einem Kurs begrenzt ist, werden die Anmeldungen in<br \/>\nSie werden in der Reihenfolge ihres Eintreffens ber\u00fccksichtigt. Eine Empfangsbest\u00e4tigung wird an die Teilnehmer\/innen geschickt.<br \/>\nArt. 5 &#8211; Anmeldegeb\u00fchren<br \/>\nDie Bezahlung der Anmeldungen erfolgt online, per Bank\u00fcberweisung oder auf eine andere vorgesehene Weise.<br \/>\nin das Formular ein. Die Einschreibungen m\u00fcssen vor Beginn des Kurses vollst\u00e4ndig bezahlt werden. A<br \/>\nAndernfalls beh\u00e4lt sich CCHAR das Recht vor, den Zugang zu den Kursen zu sperren.<\/p>\n<p><strong>Kapitel 2 &#8211; Organisation<\/strong><\/p>\n<p>Art. 6 &#8211; Best\u00e4tigung<br \/>\nDie Best\u00e4tigung der Teilnahme an den Kursen sowie die Empfangs- und Organisationsmodalit\u00e4ten werden<br \/>\nden Praktikantinnen und Praktikanten sp\u00e4testens nach Ablauf der Anmeldefrist \u00fcbermittelt werden.<br \/>\nBei zu wenigen Anmeldungen beh\u00e4lt sich das CCHAR das Recht vor, folgende Veranstaltungen zu verlegen, zu \u00e4ndern oder abzusagen<br \/>\neine Ausbildung.<br \/>\nArt. 7 &#8211; R\u00fccktritt, Verschiebung, Stornierung<br \/>\nBei einem R\u00fccktritt durch schriftliche Mitteilung des Praktikanten bis zum Anmeldeschluss wird die Anmeldung<br \/>\nvollst\u00e4ndig und geb\u00fchrenfrei zur\u00fcckerstattet.<br \/>\nBei einer nicht fristgerechten Abmeldung ist die gesamte Anmeldegeb\u00fchr zu entrichten, au\u00dfer im Krankheitsfall,<br \/>\neines ordnungsgem\u00e4\u00df begr\u00fcndeten Unfalls oder eines anderen als g\u00fcltig erachteten triftigen Grundes. In diesem Fall werden Geb\u00fchren<br \/>\nVerwaltungsgeb\u00fchr von CHF 100.<br \/>\nIm Falle einer zu geringen Anzahl von Anmeldungen und einer Absage oder Verschiebung der Fortbildung durch das CCHAR,<br \/>\nkassierte Anmeldungen werden vollst\u00e4ndig und geb\u00fchrenfrei zur\u00fcckerstattet.<br \/>\nArt. 8 &#8211; Ordnungsgem\u00e4\u00dfer Ablauf<\/p>\n<p>Im Interesse der Praktikantinnen und Praktikanten wird der Kurs regelm\u00e4\u00dfig und p\u00fcnktlich besucht. Das CCHAR beh\u00e4lt sich vor<br \/>\ndas Recht, den Zugang zum Kurs zu verweigern oder eine Person auszuschlie\u00dfen, deren Verhalten zu einer Gef\u00e4hrdung f\u00fchren k\u00f6nnte<br \/>\nDie Sch\u00fclerinnen und Sch\u00fcler d\u00fcrfen nicht in der Lage sein, den Unterricht zu st\u00f6ren.<br \/>\nWenn auf unvorhergesehene Weise die Bedingungen f\u00fcr einen erfolgreichen Kursverlauf nicht erf\u00fcllt sind, wird der<br \/>\nCCHAR beh\u00e4lt sich das Recht vor, im Interesse aller Parteien \u00fcber angemessene Ma\u00dfnahmen zu entscheiden:<br \/>\nVerschiebung, Stornierung, \u00c4nderung der Daten und Uhrzeiten eines Kurses.<br \/>\nArt. 9 &#8211; Teilnahmebescheinigung<br \/>\nDer Praktikant muss mindestens 80% des Unterrichts absolviert haben, um es zu erhalten.<\/p>\n<p><strong>Kapitel 3 &#8211; Datenschutz<\/strong><\/p>\n<p>Art. 10 &#8211; Verarbeitung personenbezogener Daten<br \/>\nDas CCHAR verarbeitet alle f\u00fcr die Nachbereitung der Ausbildung erforderlichen Daten gem\u00e4\u00df der<br \/>\nInterkantonale Vereinbarung \u00fcber den Datenschutz und die Transparenz im Kanton Freiburg<br \/>\nNeuch\u00e2tel.<br \/>\nArt. 11 &#8211; Schutz der Pers\u00f6nlichkeit<br \/>\nDas CCHAR informiert die Praktikanten dar\u00fcber, dass bei jeder Trainingseinheit Aufnahmen gemacht werden<br \/>\nprofessionell erstellte Fotografien. Die Praktikanten erkl\u00e4ren sich damit einverstanden, dass diese Fotografien<br \/>\nauf der Website und in den sozialen Netzwerken des CCHAR ver\u00f6ffentlicht werden, und zwar ausschlie\u00dflich zu nicht-\u00f6ffentlichen Zwecken<br \/>\nkommerziellen Zwecken und nur zur F\u00f6rderung ihrer Aktivit\u00e4ten in der \u00d6ffentlichkeit und bei den<br \/>\nprofessionellen.<br \/>\nPraktikantinnen und Praktikanten k\u00f6nnen sich jederzeit auf Anfrage weigern, auf Fotos zu erscheinen.<br \/>\nAlle anderen Foto-, Audio- oder Videoaufnahmen sind w\u00e4hrend des Unterrichts verboten, au\u00dfer in der<br \/>\nRahmen eines definierten und bekannten Verwendungszwecks mit der ausdr\u00fccklichen Zustimmung der registrierten Personen.<\/p>\n<p><strong>Kapitel 4 &#8211; Schlussbestimmungen<\/strong><\/p>\n<p>Art. 12 &#8211; Zust\u00e4ndiger Gerichtsstand und anwendbares Recht<br \/>\nDer Gerichtsstand ist Neuch\u00e2tel. Es gilt das Schweizer Recht.<br \/>\nArt. 17 &#8211; Inkrafttreten<br \/>\nDiese Allgemeinen Gesch\u00e4ftsbedingungen treten am 1. September 2023 in Kraft. Sie annullieren und<br \/>\nersetzen die vorherigen Allgemeinen Gesch\u00e4ftsbedingungen. Das CCHAR beh\u00e4lt sich das Recht vor, die<br \/>\ndiese Allgemeinen Gesch\u00e4ftsbedingungen jederzeit.<\/p>\n<p>La Chaux-de-Fonds, den 1. September 2023<\/p>\n","protected":false},"excerpt":{"rendered":"<p>Allgemeine Bedingungen &#8211; Weiterbildung und Praktika Kapitel 1 &#8211; Allgemeines und Anmeldung Art. 1 &#8211; Anwendungsbereich Die vorliegenden Allgemeinen Gesch\u00e4ftsbedingungen gelten f\u00fcr die Weiterbildungsangebote und Praktika des CCHAR. Art. 2 [&hellip;]<\/p>\n","protected":false},"author":1,"featured_media":0,"parent":0,"menu_order":0,"comment_status":"closed","ping_status":"closed","template":"","meta":{"_acf_changed":false,"footnotes":""},"class_list":["post-43228","page","type-page","status-publish","hentry"],"acf":[],"yoast_head":"<!-- This site is optimized with the Yoast SEO plugin v25.9 - https:\/\/yoast.com\/wordpress\/plugins\/seo\/ -->\n<title>Allgemeine Verkaufsbedingungen - CCHAR<\/title>\n<meta name=\"robots\" content=\"index, follow, max-snippet:-1, max-image-preview:large, max-video-preview:-1\" \/>\n<link rel=\"canonical\" href=\"https:\/\/archives.cchar.ch\/de\/allgemeine-verkaufsbedingungen\/\" \/>\n<meta property=\"og:locale\" content=\"de_DE\" \/>\n<meta property=\"og:type\" content=\"article\" \/>\n<meta property=\"og:title\" content=\"Allgemeine Verkaufsbedingungen - CCHAR\" \/>\n<meta property=\"og:description\" content=\"Allgemeine Bedingungen &#8211; Weiterbildung und Praktika Kapitel 1 &#8211; Allgemeines und Anmeldung Art. 1 &#8211; Anwendungsbereich Die vorliegenden Allgemeinen Gesch\u00e4ftsbedingungen gelten f\u00fcr die Weiterbildungsangebote und Praktika des CCHAR. Art. 2 [&hellip;]\" \/>\n<meta property=\"og:url\" content=\"https:\/\/archives.cchar.ch\/de\/allgemeine-verkaufsbedingungen\/\" \/>\n<meta property=\"og:site_name\" content=\"CCHAR\" \/>\n<meta property=\"article:publisher\" content=\"https:\/\/www.facebook.com\/cchar.suisse\/\" \/>\n<meta property=\"article:modified_time\" content=\"2023-12-08T05:57:02+00:00\" \/>\n<meta name=\"twitter:card\" content=\"summary_large_image\" \/>\n<meta name=\"twitter:label1\" content=\"Gesch\u00e4tzte Lesezeit\" \/>\n\t<meta name=\"twitter:data1\" content=\"3\u00a0Minuten\" \/>\n<script type=\"application\/ld+json\" class=\"yoast-schema-graph\">{\"@context\":\"https:\/\/schema.org\",\"@graph\":[{\"@type\":\"WebPage\",\"@id\":\"https:\/\/archives.cchar.ch\/de\/allgemeine-verkaufsbedingungen\/\",\"url\":\"https:\/\/archives.cchar.ch\/de\/allgemeine-verkaufsbedingungen\/\",\"name\":\"Allgemeine Verkaufsbedingungen - CCHAR\",\"isPartOf\":{\"@id\":\"https:\/\/archives.cchar.ch\/de\/#website\"},\"datePublished\":\"2023-09-06T14:02:11+00:00\",\"dateModified\":\"2023-12-08T05:57:02+00:00\",\"breadcrumb\":{\"@id\":\"https:\/\/archives.cchar.ch\/de\/allgemeine-verkaufsbedingungen\/#breadcrumb\"},\"inLanguage\":\"de\",\"potentialAction\":[{\"@type\":\"ReadAction\",\"target\":[\"https:\/\/archives.cchar.ch\/de\/allgemeine-verkaufsbedingungen\/\"]}]},{\"@type\":\"BreadcrumbList\",\"@id\":\"https:\/\/archives.cchar.ch\/de\/allgemeine-verkaufsbedingungen\/#breadcrumb\",\"itemListElement\":[{\"@type\":\"ListItem\",\"position\":1,\"name\":\"Accueil\",\"item\":\"https:\/\/archives.cchar.ch\/de\/\"},{\"@type\":\"ListItem\",\"position\":2,\"name\":\"Allgemeine Verkaufsbedingungen\"}]},{\"@type\":\"WebSite\",\"@id\":\"https:\/\/archives.cchar.ch\/de\/#website\",\"url\":\"https:\/\/archives.cchar.ch\/de\/\",\"name\":\"CCHAR\",\"description\":\"Centre de Comp\u00e9tences et de Cr\u00e9ation Helv\u00e9tique des Arts de la Rue\",\"publisher\":{\"@id\":\"https:\/\/archives.cchar.ch\/de\/#organization\"},\"potentialAction\":[{\"@type\":\"SearchAction\",\"target\":{\"@type\":\"EntryPoint\",\"urlTemplate\":\"https:\/\/archives.cchar.ch\/de\/?s={search_term_string}\"},\"query-input\":{\"@type\":\"PropertyValueSpecification\",\"valueRequired\":true,\"valueName\":\"search_term_string\"}}],\"inLanguage\":\"de\"},{\"@type\":\"Organization\",\"@id\":\"https:\/\/archives.cchar.ch\/de\/#organization\",\"name\":\"CCHAR\",\"url\":\"https:\/\/archives.cchar.ch\/de\/\",\"logo\":{\"@type\":\"ImageObject\",\"inLanguage\":\"de\",\"@id\":\"https:\/\/archives.cchar.ch\/de\/#\/schema\/logo\/image\/\",\"url\":\"https:\/\/cchar.ch\/wp-content\/uploads\/2021\/09\/logo-CCHAR_PROD_pos-sobre.png\",\"contentUrl\":\"https:\/\/cchar.ch\/wp-content\/uploads\/2021\/09\/logo-CCHAR_PROD_pos-sobre.png\",\"width\":905,\"height\":336,\"caption\":\"CCHAR\"},\"image\":{\"@id\":\"https:\/\/archives.cchar.ch\/de\/#\/schema\/logo\/image\/\"},\"sameAs\":[\"https:\/\/www.facebook.com\/cchar.suisse\/\",\"https:\/\/www.linkedin.com\/company\/cchar\/\"]}]}<\/script>\n<!-- \/ Yoast SEO plugin. -->","yoast_head_json":{"title":"Allgemeine Verkaufsbedingungen - CCHAR","robots":{"index":"index","follow":"follow","max-snippet":"max-snippet:-1","max-image-preview":"max-image-preview:large","max-video-preview":"max-video-preview:-1"},"canonical":"https:\/\/archives.cchar.ch\/de\/allgemeine-verkaufsbedingungen\/","og_locale":"de_DE","og_type":"article","og_title":"Allgemeine Verkaufsbedingungen - CCHAR","og_description":"Allgemeine Bedingungen &#8211; Weiterbildung und Praktika Kapitel 1 &#8211; Allgemeines und Anmeldung Art. 1 &#8211; Anwendungsbereich Die vorliegenden Allgemeinen Gesch\u00e4ftsbedingungen gelten f\u00fcr die Weiterbildungsangebote und Praktika des CCHAR. Art. 2 [&hellip;]","og_url":"https:\/\/archives.cchar.ch\/de\/allgemeine-verkaufsbedingungen\/","og_site_name":"CCHAR","article_publisher":"https:\/\/www.facebook.com\/cchar.suisse\/","article_modified_time":"2023-12-08T05:57:02+00:00","twitter_card":"summary_large_image","twitter_misc":{"Gesch\u00e4tzte Lesezeit":"3\u00a0Minuten"},"schema":{"@context":"https:\/\/schema.org","@graph":[{"@type":"WebPage","@id":"https:\/\/archives.cchar.ch\/de\/allgemeine-verkaufsbedingungen\/","url":"https:\/\/archives.cchar.ch\/de\/allgemeine-verkaufsbedingungen\/","name":"Allgemeine Verkaufsbedingungen - CCHAR","isPartOf":{"@id":"https:\/\/archives.cchar.ch\/de\/#website"},"datePublished":"2023-09-06T14:02:11+00:00","dateModified":"2023-12-08T05:57:02+00:00","breadcrumb":{"@id":"https:\/\/archives.cchar.ch\/de\/allgemeine-verkaufsbedingungen\/#breadcrumb"},"inLanguage":"de","potentialAction":[{"@type":"ReadAction","target":["https:\/\/archives.cchar.ch\/de\/allgemeine-verkaufsbedingungen\/"]}]},{"@type":"BreadcrumbList","@id":"https:\/\/archives.cchar.ch\/de\/allgemeine-verkaufsbedingungen\/#breadcrumb","itemListElement":[{"@type":"ListItem","position":1,"name":"Accueil","item":"https:\/\/archives.cchar.ch\/de\/"},{"@type":"ListItem","position":2,"name":"Allgemeine Verkaufsbedingungen"}]},{"@type":"WebSite","@id":"https:\/\/archives.cchar.ch\/de\/#website","url":"https:\/\/archives.cchar.ch\/de\/","name":"CCHAR","description":"Centre de Comp\u00e9tences et de Cr\u00e9ation Helv\u00e9tique des Arts de la Rue","publisher":{"@id":"https:\/\/archives.cchar.ch\/de\/#organization"},"potentialAction":[{"@type":"SearchAction","target":{"@type":"EntryPoint","urlTemplate":"https:\/\/archives.cchar.ch\/de\/?s={search_term_string}"},"query-input":{"@type":"PropertyValueSpecification","valueRequired":true,"valueName":"search_term_string"}}],"inLanguage":"de"},{"@type":"Organization","@id":"https:\/\/archives.cchar.ch\/de\/#organization","name":"CCHAR","url":"https:\/\/archives.cchar.ch\/de\/","logo":{"@type":"ImageObject","inLanguage":"de","@id":"https:\/\/archives.cchar.ch\/de\/#\/schema\/logo\/image\/","url":"https:\/\/cchar.ch\/wp-content\/uploads\/2021\/09\/logo-CCHAR_PROD_pos-sobre.png","contentUrl":"https:\/\/cchar.ch\/wp-content\/uploads\/2021\/09\/logo-CCHAR_PROD_pos-sobre.png","width":905,"height":336,"caption":"CCHAR"},"image":{"@id":"https:\/\/archives.cchar.ch\/de\/#\/schema\/logo\/image\/"},"sameAs":["https:\/\/www.facebook.com\/cchar.suisse\/","https:\/\/www.linkedin.com\/company\/cchar\/"]}]}},"_links":{"self":[{"href":"https:\/\/archives.cchar.ch\/de\/wp-json\/wp\/v2\/pages\/43228","targetHints":{"allow":["GET"]}}],"collection":[{"href":"https:\/\/archives.cchar.ch\/de\/wp-json\/wp\/v2\/pages"}],"about":[{"href":"https:\/\/archives.cchar.ch\/de\/wp-json\/wp\/v2\/types\/page"}],"author":[{"embeddable":true,"href":"https:\/\/archives.cchar.ch\/de\/wp-json\/wp\/v2\/users\/1"}],"replies":[{"embeddable":true,"href":"https:\/\/archives.cchar.ch\/de\/wp-json\/wp\/v2\/comments?post=43228"}],"version-history":[{"count":1,"href":"https:\/\/archives.cchar.ch\/de\/wp-json\/wp\/v2\/pages\/43228\/revisions"}],"predecessor-version":[{"id":43235,"href":"https:\/\/archives.cchar.ch\/de\/wp-json\/wp\/v2\/pages\/43228\/revisions\/43235"}],"wp:attachment":[{"href":"https:\/\/archives.cchar.ch\/de\/wp-json\/wp\/v2\/media?parent=43228"}],"curies":[{"name":"wp","href":"https:\/\/api.w.org\/{rel}","templated":true}]}}