{"id":43225,"date":"2023-11-23T13:00:47","date_gmt":"2023-11-23T12:00:47","guid":{"rendered":"https:\/\/cchar.ch\/kulturmanagement\/"},"modified":"2024-07-25T12:19:24","modified_gmt":"2024-07-25T10:19:24","slug":"kulturmanagement","status":"publish","type":"page","link":"https:\/\/archives.cchar.ch\/de\/kulturmanagement\/","title":{"rendered":"Kulturmanagement"},"content":{"rendered":"\t\t<div data-elementor-type=\"wp-page\" data-elementor-id=\"43225\" class=\"elementor elementor-43225 elementor-42782\" data-elementor-post-type=\"page\">\n\t\t\t\t\t\t<section class=\"elementor-section elementor-top-section elementor-element elementor-element-de857a6 elementor-section-boxed elementor-section-height-default elementor-section-height-default\" data-id=\"de857a6\" data-element_type=\"section\" data-e-type=\"section\">\n\t\t\t\t\t\t<div class=\"elementor-container elementor-column-gap-default\">\n\t\t\t\t\t<div class=\"elementor-column elementor-col-100 elementor-top-column elementor-element elementor-element-2e2b7ab\" data-id=\"2e2b7ab\" data-element_type=\"column\" data-e-type=\"column\">\n\t\t\t<div class=\"elementor-widget-wrap elementor-element-populated\">\n\t\t\t\t\t\t<div class=\"elementor-element elementor-element-76a32b4 elementor-widget elementor-widget-spacer\" data-id=\"76a32b4\" data-element_type=\"widget\" data-e-type=\"widget\" data-widget_type=\"spacer.default\">\n\t\t\t\t<div class=\"elementor-widget-container\">\n\t\t\t\t\t\t\t<div class=\"elementor-spacer\">\n\t\t\t<div class=\"elementor-spacer-inner\"><\/div>\n\t\t<\/div>\n\t\t\t\t\t\t<\/div>\n\t\t\t\t<\/div>\n\t\t\t\t<div class=\"elementor-element elementor-element-1600840 elementor-widget elementor-widget-heading\" data-id=\"1600840\" data-element_type=\"widget\" data-e-type=\"widget\" data-widget_type=\"heading.default\">\n\t\t\t\t<div class=\"elementor-widget-container\">\n\t\t\t\t\t<h1 class=\"elementor-heading-title elementor-size-large\">Kulturmanagement<\/h1>\t\t\t\t<\/div>\n\t\t\t\t<\/div>\n\t\t\t\t<div class=\"elementor-element elementor-element-cd3bf85 elementor-widget elementor-widget-text-editor\" data-id=\"cd3bf85\" data-element_type=\"widget\" data-e-type=\"widget\" data-widget_type=\"text-editor.default\">\n\t\t\t\t<div class=\"elementor-widget-container\">\n\t\t\t\t\t\t\t\t\t<p><span style=\"font-size: 17pt; color: #dc0013;\"><strong>Verwaltung<br \/><\/strong><\/span>CCHAR bietet Produktion, Verwaltung, Management und Buchhaltung an &#8211; einmalige oder j\u00e4hrliche Mandate: Kontaktieren Sie uns, wir werden gemeinsam den Bedarf und die Kosten ermitteln.<\/p>\n<p>Wertvolle Tools finden Sie auch auf der Website vom fOrum culture \u21e2 <a href=\"https:\/\/www.forumculture.ch\/ressources\/administration\">HIER<\/a>.<\/p>\n<\/p>\n<p style=\"font-weight: 400;\"><strong>Syndicat Suisse Romand du Spectacle (SSRS) (Westschweizer B\u00fchnengewerkschaft)<\/strong><\/p>\n<p style=\"font-weight: 400;\">Der SSRS vereint die Freischaffenden und die Arbeitnehmerinnen und Arbeitnehmer des Showbusiness und des audiovisuellen Sektors in der Westschweiz, unabh\u00e4ngig von ihrem k\u00fcnstlerischen oder technischen Beruf oder nat\u00fcrlich ihrer Nationalit\u00e4t.<br \/>\nDar\u00fcber hinaus vertritt der SSRS ihre Interessen (Einhaltung der Sozialversicherungen, allgemeine Informationen usw.) und unterst\u00fctzt sie in ihren vertraglichen Beziehungen mit ihren Arbeitgebern.<br \/>\nSein Hauptaugenmerk liegt auf der F\u00f6rderung der Besch\u00e4ftigung und der Verbesserung der Arbeitsbedingungen von professionellen Darstellern.  <\/p>\n<\/p>\n<p style=\"font-weight: 400;\">Auf der Website<a href=\"http:\/\/www.ssrs.ch\/\">(www.ssrs.ch)<\/a> finden Sie die folgenden Informationen:<\/p>\n<ul style=\"font-weight: 400;\">\n<li>Ihre Rechte, Mindestlohn, Bel\u00e4stigung, GAV, etc.<\/li>\n<\/ul>\n<p style=\"font-weight: 400;\">\u2192 Zur Terminvereinbarung: https: <a href=\"https:\/\/calendly.com\/info-ssrs\">\/\/calendly.com\/info-ssrs<\/a><\/p>\n<p style=\"font-weight: 400;\">\n<p style=\"font-weight: 400;\">Adresse:<\/p>\n<p style=\"font-weight: 400;\">SSRS &#8211; Syndicat Suisse Romand du Spectacle (Westschweizer B\u00fchnengewerkschaft)<\/p>\n<p style=\"font-weight: 400;\">CP 91<\/p>\n<p style=\"font-weight: 400;\">1000 Lausanne 16<\/p>\n\t\t\t\t\t\t\t\t<\/div>\n\t\t\t\t<\/div>\n\t\t\t\t<div class=\"elementor-element elementor-element-c58fb21 elementor-widget elementor-widget-text-editor\" data-id=\"c58fb21\" data-element_type=\"widget\" data-e-type=\"widget\" data-widget_type=\"text-editor.default\">\n\t\t\t\t<div class=\"elementor-widget-container\">\n\t\t\t\t\t\t\t\t\t<p><span style=\"font-size: 17pt; color: #dc0013;\"><strong>Verbreitung<\/strong><\/span><\/p>\n<p>Der CCHAR kn\u00fcpft Beziehungen zu Programmierungpartnern, damit sich die Kreation in der Landschaft der Strassenkunst auf regionaler, nationaler und internationaler Ebene entfalten kann.<\/p>\n\t\t\t\t\t\t\t\t<\/div>\n\t\t\t\t<\/div>\n\t\t\t\t<div class=\"elementor-element elementor-element-2023f01 elementor-widget elementor-widget-text-editor\" data-id=\"2023f01\" data-element_type=\"widget\" data-e-type=\"widget\" data-widget_type=\"text-editor.default\">\n\t\t\t\t<div class=\"elementor-widget-container\">\n\t\t\t\t\t\t\t\t\t<p><span style=\"font-size: 17pt; color: #dc0013;\"><strong>Veranstaltungsmanagement<br \/><\/strong><\/span><\/p>\n<p>Der CCHAR kann Sie bei der \u00dcberlegung, dem Aufbau ihres Projekts und der Durchf\u00fchrung ihrer Veranstaltung begleiten, indem es die geeignetsten Vorschl\u00e4ge und k\u00fcnstlerischen Formen findet.<\/p>\n<\/p>\n<p><strong>F\u00fcr wen?<\/strong><br \/>\u00d6ffentliche K\u00f6rperschaften, Schulen, Museen, Festivals, Verb\u00e4nde, Unternehmen usw.<\/p>\n<\/p>\n<p><b>Wie?<\/b><\/p>\n<p>Jedes Projekt ist einzigartig. Es wird von mehreren Stimmen erdacht und geschrieben: dem Auftraggeber, dem K\u00fcnstler und dem CCHAR, das je nach Bedarf bestimmte Aufgaben oder die Gesamtkoordination \u00fcbernimmt.<\/p>\n<\/p>\n<p><strong>Warum<\/strong><br \/>Geben Sie die <strong>k\u00fcnstlerischen Ziele<\/strong> und die Art der Umsetzung an.<\/p>\n<p>Direkten Kontakt mit <strong>K\u00fcnstlern, Werken und Ressourcenpersonen<\/strong>, die in die Partnerschaft einbezogen werden, zu f\u00f6rdern.<\/p>\n<p>F\u00fcr <strong>Budgets<\/strong>, Kostenvoranschl\u00e4gen von K\u00fcnstlern, Verfolgung der Ausgaben und der finanziellen Bilanz des Projekts nach Etappen, zu helfen.<\/p>\n<p>Die Aufteilung der Ziele und der Durchf\u00fchrung der <strong>Kommunikation<\/strong> zwischen dem Vertreter und den Projektpartnern, zu identifizieren.<\/p>\n<p>Unser <strong>Partnernetzwerk<\/strong> f\u00fcr eine erfolgreiche Umsetzung des Projekts zu aktivieren<\/p>\n<\/p>\n<p><strong>Auf welchen Missionen<\/strong><strong> <\/strong><strong>?<\/strong><\/p>\n<p>Begleitung der \u00dcberlegungen, Erstellung des Plichtenhefts und der Ziele, Vorschlag geeigneter k\u00fcnstlerischer Formen, Suche nach Ressourcenpersonen, Bereitstellung von Kostenvoranschl\u00e4gen, \u00dcberwachung des Budgets, Planung und Durchf\u00fchrung Ihrer Veranstaltung bis hin zur Bilanz.<\/p>\n<\/p>\n<p><strong>Die Mehrwerte des CCHARs<\/strong><strong> <\/strong><strong>?<\/strong><\/p>\n<p>Unser <strong>Netzwerk<\/strong> von Partnern und professionelle, sowohl im k\u00fcnstlerischen Bereich als auch bei den unterst\u00fctzenden Dienstleistungen: Technik, Vermittlung, Kommunikation.<\/p>\n<p>Unser Aktionsfeld: vom Intimen bis zum Monumentalen, in allen k\u00fcnstlerischen Bereichen: Musik, Theater, Clowns, Performance, Tanzen, Installation, partizipative Projekte, Schreiben, Workshops, im Freien und in nicht f\u00fcr Shows dedizierten Orten.<\/p>\n<\/p>\n<p><strong>Disziplinen<\/strong> <br \/>Das CCHAR st\u00fctzt sich auf sein Netzwerk von <strong>professionellen<\/strong> K\u00fcnstlern, Ensembles, B\u00fchnen- und Kost\u00fcmbildnern <strong>im Bereich der dar<\/strong> stellenden K\u00fcnste: Tanz, Theater, Clown, Improvisation, Gesang usw. und garantiert die notwendige <strong>technische<\/strong> Begleitung.<\/p>\n\t\t\t\t\t\t\t\t<\/div>\n\t\t\t\t<\/div>\n\t\t\t\t<div class=\"elementor-element elementor-element-23478ae elementor-widget elementor-widget-spacer\" data-id=\"23478ae\" data-element_type=\"widget\" data-e-type=\"widget\" data-widget_type=\"spacer.default\">\n\t\t\t\t<div class=\"elementor-widget-container\">\n\t\t\t\t\t\t\t<div class=\"elementor-spacer\">\n\t\t\t<div class=\"elementor-spacer-inner\"><\/div>\n\t\t<\/div>\n\t\t\t\t\t\t<\/div>\n\t\t\t\t<\/div>\n\t\t\t\t\t<\/div>\n\t\t<\/div>\n\t\t\t\t\t<\/div>\n\t\t<\/section>\n\t\t\t\t<\/div>\n\t\t","protected":false},"excerpt":{"rendered":"<p>Kulturmanagement VerwaltungCCHAR bietet Produktion, Verwaltung, Management und Buchhaltung an &#8211; einmalige oder j\u00e4hrliche Mandate: Kontaktieren Sie uns, wir werden gemeinsam den Bedarf und die Kosten ermitteln. Wertvolle Tools finden Sie [&hellip;]<\/p>\n","protected":false},"author":1,"featured_media":0,"parent":0,"menu_order":0,"comment_status":"closed","ping_status":"closed","template":"template-blank.php","meta":{"_acf_changed":false,"footnotes":""},"class_list":["post-43225","page","type-page","status-publish","hentry"],"acf":[],"yoast_head":"<!-- This site is optimized with the Yoast SEO plugin v25.9 - https:\/\/yoast.com\/wordpress\/plugins\/seo\/ -->\n<title>Kulturmanagement - CCHAR<\/title>\n<meta name=\"robots\" content=\"index, follow, max-snippet:-1, max-image-preview:large, max-video-preview:-1\" \/>\n<link rel=\"canonical\" href=\"https:\/\/archives.cchar.ch\/de\/kulturmanagement\/\" \/>\n<meta property=\"og:locale\" content=\"de_DE\" \/>\n<meta property=\"og:type\" content=\"article\" \/>\n<meta property=\"og:title\" content=\"Kulturmanagement - CCHAR\" \/>\n<meta property=\"og:description\" content=\"Kulturmanagement VerwaltungCCHAR bietet Produktion, Verwaltung, Management und Buchhaltung an &#8211; einmalige oder j\u00e4hrliche Mandate: Kontaktieren Sie uns, wir werden gemeinsam den Bedarf und die Kosten ermitteln. Wertvolle Tools finden Sie [&hellip;]\" \/>\n<meta property=\"og:url\" content=\"https:\/\/archives.cchar.ch\/de\/kulturmanagement\/\" \/>\n<meta property=\"og:site_name\" content=\"CCHAR\" \/>\n<meta property=\"article:publisher\" content=\"https:\/\/www.facebook.com\/cchar.suisse\/\" \/>\n<meta property=\"article:modified_time\" content=\"2024-07-25T10:19:24+00:00\" \/>\n<meta name=\"twitter:card\" content=\"summary_large_image\" \/>\n<meta name=\"twitter:label1\" content=\"Gesch\u00e4tzte Lesezeit\" \/>\n\t<meta name=\"twitter:data1\" content=\"2\u00a0Minuten\" \/>\n<script type=\"application\/ld+json\" class=\"yoast-schema-graph\">{\"@context\":\"https:\/\/schema.org\",\"@graph\":[{\"@type\":\"WebPage\",\"@id\":\"https:\/\/archives.cchar.ch\/de\/kulturmanagement\/\",\"url\":\"https:\/\/archives.cchar.ch\/de\/kulturmanagement\/\",\"name\":\"Kulturmanagement - CCHAR\",\"isPartOf\":{\"@id\":\"https:\/\/archives.cchar.ch\/de\/#website\"},\"datePublished\":\"2023-11-23T12:00:47+00:00\",\"dateModified\":\"2024-07-25T10:19:24+00:00\",\"breadcrumb\":{\"@id\":\"https:\/\/archives.cchar.ch\/de\/kulturmanagement\/#breadcrumb\"},\"inLanguage\":\"de\",\"potentialAction\":[{\"@type\":\"ReadAction\",\"target\":[\"https:\/\/archives.cchar.ch\/de\/kulturmanagement\/\"]}]},{\"@type\":\"BreadcrumbList\",\"@id\":\"https:\/\/archives.cchar.ch\/de\/kulturmanagement\/#breadcrumb\",\"itemListElement\":[{\"@type\":\"ListItem\",\"position\":1,\"name\":\"Accueil\",\"item\":\"https:\/\/archives.cchar.ch\/de\/\"},{\"@type\":\"ListItem\",\"position\":2,\"name\":\"Kulturmanagement\"}]},{\"@type\":\"WebSite\",\"@id\":\"https:\/\/archives.cchar.ch\/de\/#website\",\"url\":\"https:\/\/archives.cchar.ch\/de\/\",\"name\":\"CCHAR\",\"description\":\"Centre de Comp\u00e9tences et de Cr\u00e9ation Helv\u00e9tique des Arts de la Rue\",\"publisher\":{\"@id\":\"https:\/\/archives.cchar.ch\/de\/#organization\"},\"potentialAction\":[{\"@type\":\"SearchAction\",\"target\":{\"@type\":\"EntryPoint\",\"urlTemplate\":\"https:\/\/archives.cchar.ch\/de\/?s={search_term_string}\"},\"query-input\":{\"@type\":\"PropertyValueSpecification\",\"valueRequired\":true,\"valueName\":\"search_term_string\"}}],\"inLanguage\":\"de\"},{\"@type\":\"Organization\",\"@id\":\"https:\/\/archives.cchar.ch\/de\/#organization\",\"name\":\"CCHAR\",\"url\":\"https:\/\/archives.cchar.ch\/de\/\",\"logo\":{\"@type\":\"ImageObject\",\"inLanguage\":\"de\",\"@id\":\"https:\/\/archives.cchar.ch\/de\/#\/schema\/logo\/image\/\",\"url\":\"https:\/\/cchar.ch\/wp-content\/uploads\/2021\/09\/logo-CCHAR_PROD_pos-sobre.png\",\"contentUrl\":\"https:\/\/cchar.ch\/wp-content\/uploads\/2021\/09\/logo-CCHAR_PROD_pos-sobre.png\",\"width\":905,\"height\":336,\"caption\":\"CCHAR\"},\"image\":{\"@id\":\"https:\/\/archives.cchar.ch\/de\/#\/schema\/logo\/image\/\"},\"sameAs\":[\"https:\/\/www.facebook.com\/cchar.suisse\/\",\"https:\/\/www.linkedin.com\/company\/cchar\/\"]}]}<\/script>\n<!-- \/ Yoast SEO plugin. -->","yoast_head_json":{"title":"Kulturmanagement - CCHAR","robots":{"index":"index","follow":"follow","max-snippet":"max-snippet:-1","max-image-preview":"max-image-preview:large","max-video-preview":"max-video-preview:-1"},"canonical":"https:\/\/archives.cchar.ch\/de\/kulturmanagement\/","og_locale":"de_DE","og_type":"article","og_title":"Kulturmanagement - CCHAR","og_description":"Kulturmanagement VerwaltungCCHAR bietet Produktion, Verwaltung, Management und Buchhaltung an &#8211; einmalige oder j\u00e4hrliche Mandate: Kontaktieren Sie uns, wir werden gemeinsam den Bedarf und die Kosten ermitteln. Wertvolle Tools finden Sie [&hellip;]","og_url":"https:\/\/archives.cchar.ch\/de\/kulturmanagement\/","og_site_name":"CCHAR","article_publisher":"https:\/\/www.facebook.com\/cchar.suisse\/","article_modified_time":"2024-07-25T10:19:24+00:00","twitter_card":"summary_large_image","twitter_misc":{"Gesch\u00e4tzte Lesezeit":"2\u00a0Minuten"},"schema":{"@context":"https:\/\/schema.org","@graph":[{"@type":"WebPage","@id":"https:\/\/archives.cchar.ch\/de\/kulturmanagement\/","url":"https:\/\/archives.cchar.ch\/de\/kulturmanagement\/","name":"Kulturmanagement - CCHAR","isPartOf":{"@id":"https:\/\/archives.cchar.ch\/de\/#website"},"datePublished":"2023-11-23T12:00:47+00:00","dateModified":"2024-07-25T10:19:24+00:00","breadcrumb":{"@id":"https:\/\/archives.cchar.ch\/de\/kulturmanagement\/#breadcrumb"},"inLanguage":"de","potentialAction":[{"@type":"ReadAction","target":["https:\/\/archives.cchar.ch\/de\/kulturmanagement\/"]}]},{"@type":"BreadcrumbList","@id":"https:\/\/archives.cchar.ch\/de\/kulturmanagement\/#breadcrumb","itemListElement":[{"@type":"ListItem","position":1,"name":"Accueil","item":"https:\/\/archives.cchar.ch\/de\/"},{"@type":"ListItem","position":2,"name":"Kulturmanagement"}]},{"@type":"WebSite","@id":"https:\/\/archives.cchar.ch\/de\/#website","url":"https:\/\/archives.cchar.ch\/de\/","name":"CCHAR","description":"Centre de Comp\u00e9tences et de Cr\u00e9ation Helv\u00e9tique des Arts de la Rue","publisher":{"@id":"https:\/\/archives.cchar.ch\/de\/#organization"},"potentialAction":[{"@type":"SearchAction","target":{"@type":"EntryPoint","urlTemplate":"https:\/\/archives.cchar.ch\/de\/?s={search_term_string}"},"query-input":{"@type":"PropertyValueSpecification","valueRequired":true,"valueName":"search_term_string"}}],"inLanguage":"de"},{"@type":"Organization","@id":"https:\/\/archives.cchar.ch\/de\/#organization","name":"CCHAR","url":"https:\/\/archives.cchar.ch\/de\/","logo":{"@type":"ImageObject","inLanguage":"de","@id":"https:\/\/archives.cchar.ch\/de\/#\/schema\/logo\/image\/","url":"https:\/\/cchar.ch\/wp-content\/uploads\/2021\/09\/logo-CCHAR_PROD_pos-sobre.png","contentUrl":"https:\/\/cchar.ch\/wp-content\/uploads\/2021\/09\/logo-CCHAR_PROD_pos-sobre.png","width":905,"height":336,"caption":"CCHAR"},"image":{"@id":"https:\/\/archives.cchar.ch\/de\/#\/schema\/logo\/image\/"},"sameAs":["https:\/\/www.facebook.com\/cchar.suisse\/","https:\/\/www.linkedin.com\/company\/cchar\/"]}]}},"_links":{"self":[{"href":"https:\/\/archives.cchar.ch\/de\/wp-json\/wp\/v2\/pages\/43225","targetHints":{"allow":["GET"]}}],"collection":[{"href":"https:\/\/archives.cchar.ch\/de\/wp-json\/wp\/v2\/pages"}],"about":[{"href":"https:\/\/archives.cchar.ch\/de\/wp-json\/wp\/v2\/types\/page"}],"author":[{"embeddable":true,"href":"https:\/\/archives.cchar.ch\/de\/wp-json\/wp\/v2\/users\/1"}],"replies":[{"embeddable":true,"href":"https:\/\/archives.cchar.ch\/de\/wp-json\/wp\/v2\/comments?post=43225"}],"version-history":[{"count":7,"href":"https:\/\/archives.cchar.ch\/de\/wp-json\/wp\/v2\/pages\/43225\/revisions"}],"predecessor-version":[{"id":46233,"href":"https:\/\/archives.cchar.ch\/de\/wp-json\/wp\/v2\/pages\/43225\/revisions\/46233"}],"wp:attachment":[{"href":"https:\/\/archives.cchar.ch\/de\/wp-json\/wp\/v2\/media?parent=43225"}],"curies":[{"name":"wp","href":"https:\/\/api.w.org\/{rel}","templated":true}]}}