{"id":43197,"date":"2023-11-23T10:51:14","date_gmt":"2023-11-23T09:51:14","guid":{"rendered":"https:\/\/cchar.ch\/hier-und-anderswo\/"},"modified":"2024-03-02T14:33:36","modified_gmt":"2024-03-02T13:33:36","slug":"hier-und-anderswo","status":"publish","type":"page","link":"https:\/\/archives.cchar.ch\/de\/hier-und-anderswo\/","title":{"rendered":"Hier und sonstwo"},"content":{"rendered":"\t\t<div data-elementor-type=\"wp-page\" data-elementor-id=\"43197\" class=\"elementor elementor-43197 elementor-42746\" data-elementor-post-type=\"page\">\n\t\t\t\t\t\t<section class=\"elementor-section elementor-top-section elementor-element elementor-element-de857a6 elementor-section-boxed elementor-section-height-default elementor-section-height-default\" data-id=\"de857a6\" data-element_type=\"section\" data-e-type=\"section\">\n\t\t\t\t\t\t<div class=\"elementor-container elementor-column-gap-default\">\n\t\t\t\t\t<div class=\"elementor-column elementor-col-100 elementor-top-column elementor-element elementor-element-2e2b7ab\" data-id=\"2e2b7ab\" data-element_type=\"column\" data-e-type=\"column\">\n\t\t\t<div class=\"elementor-widget-wrap elementor-element-populated\">\n\t\t\t\t\t\t<div class=\"elementor-element elementor-element-76a32b4 elementor-widget elementor-widget-spacer\" data-id=\"76a32b4\" data-element_type=\"widget\" data-e-type=\"widget\" data-widget_type=\"spacer.default\">\n\t\t\t\t<div class=\"elementor-widget-container\">\n\t\t\t\t\t\t\t<div class=\"elementor-spacer\">\n\t\t\t<div class=\"elementor-spacer-inner\"><\/div>\n\t\t<\/div>\n\t\t\t\t\t\t<\/div>\n\t\t\t\t<\/div>\n\t\t\t\t<div class=\"elementor-element elementor-element-1600840 elementor-widget elementor-widget-heading\" data-id=\"1600840\" data-element_type=\"widget\" data-e-type=\"widget\" data-widget_type=\"heading.default\">\n\t\t\t\t<div class=\"elementor-widget-container\">\n\t\t\t\t\t<h1 class=\"elementor-heading-title elementor-size-large\">Hier und sonstwo<\/h1>\t\t\t\t<\/div>\n\t\t\t\t<\/div>\n\t\t\t\t<div class=\"elementor-element elementor-element-72460cb elementor-widget elementor-widget-image\" data-id=\"72460cb\" data-element_type=\"widget\" data-e-type=\"widget\" data-widget_type=\"image.default\">\n\t\t\t\t<div class=\"elementor-widget-container\">\n\t\t\t\t\t\t\t\t\t\t\t\t\t\t\t<img decoding=\"async\" src=\"https:\/\/archives.cchar.ch\/wp-content\/uploads\/elementor\/thumbs\/progammation-dessin_page-0001-qpgsophzfvheyrk3mhhxcj9uhyyvn0tay2mh5j2rvw.jpg\" title=\"progammation dessin_page-0001\" alt=\"progammation dessin_page-0001\" loading=\"lazy\" \/>\t\t\t\t\t\t\t\t\t\t\t\t\t\t\t<\/div>\n\t\t\t\t<\/div>\n\t\t\t\t<div class=\"elementor-element elementor-element-f4e608c elementor-widget elementor-widget-text-editor\" data-id=\"f4e608c\" data-element_type=\"widget\" data-e-type=\"widget\" data-widget_type=\"text-editor.default\">\n\t\t\t\t<div class=\"elementor-widget-container\">\n\t\t\t\t\t\t\t\t\t<p>In verschiedenen Kontexten und bei zahlreichen Gelegenheiten arbeitet der CCHAR mit St\u00e4dten, Vereinen und Kulturinstitutionen zusammen, um der aktuellen Kreation im \u00f6ffentlichen Raum Fenster der Sichtbarkeit zu \u00f6ffnen.<\/p>\n<\/p>\n<p>Sie k\u00f6nnen uns zum Beispiel bei der Place des Halles in Neuch\u00e2tel im Rahmen des <a href=\"https:\/\/nifff.ch\/\">NIFFFs<\/a>, in den Strassen von Al\u00e8s (Frankreich) w\u00e4hrend des <a href=\"https:\/\/cratere-surfaces.com\/\"> Festival Crat\u00e8re Surface<\/a> f\u00fcr ein Panorama der Schweizer Strassenk\u00fcnste, im Espace culturel l&#8220;<a href=\"https:\/\/www.morteau.org\/\">Escale in Morteau<\/a>, um grenz\u00fcberschreitende Projekte zu initiieren, bei La F\u00eate de la Danse in <a href=\"https:\/\/fetedeladanse.ch\/neuchatel\/\">Neuch\u00e2tel<\/a> und in <a href=\"https:\/\/fetedeladanse.ch\/la-chaux-de-fonds\/programme-1\/\">La Chaux-de-Fonds<\/a>, in <a href=\"https:\/\/laplage.ch\/\">La Plage des Six Pompes<\/a>, ohne die &#8222;Bien Tent\u00e9&#8220;-Termine in den St\u00e4dten Neuch\u00e2tel, Biel, Sion&#8230; zu vergessen, treffen.<\/p>\n<\/p>\n<p>Und da das Leben vom CCHAR st\u00e4ndig in Aufbau ist, z\u00f6gern Sie nicht, unsere Aktulait\u00e4t auf der Website CCHAR.ch oder auf Social Media zu folgen.<\/p>\n\t\t\t\t\t\t\t\t<\/div>\n\t\t\t\t<\/div>\n\t\t\t\t<section class=\"elementor-section elementor-inner-section elementor-element elementor-element-2b82b82 elementor-section-full_width elementor-section-height-default elementor-section-height-default\" data-id=\"2b82b82\" data-element_type=\"section\" data-e-type=\"section\">\n\t\t\t\t\t\t<div class=\"elementor-container elementor-column-gap-narrow\">\n\t\t\t\t\t<div class=\"elementor-column elementor-col-50 elementor-inner-column elementor-element elementor-element-04d64c2\" data-id=\"04d64c2\" data-element_type=\"column\" data-e-type=\"column\">\n\t\t\t<div class=\"elementor-widget-wrap elementor-element-populated\">\n\t\t\t\t\t\t<div class=\"elementor-element elementor-element-dcb9b1e elementor-view-default elementor-widget elementor-widget-icon\" data-id=\"dcb9b1e\" data-element_type=\"widget\" data-e-type=\"widget\" data-widget_type=\"icon.default\">\n\t\t\t\t<div class=\"elementor-widget-container\">\n\t\t\t\t\t\t\t<div class=\"elementor-icon-wrapper\">\n\t\t\t<a class=\"elementor-icon\" href=\"https:\/\/www.facebook.com\/cchar.suisse\" target=\"_blank\">\n\t\t\t<i aria-hidden=\"true\" class=\"fab fa-facebook-square\"><\/i>\t\t\t<\/a>\n\t\t<\/div>\n\t\t\t\t\t\t<\/div>\n\t\t\t\t<\/div>\n\t\t\t\t\t<\/div>\n\t\t<\/div>\n\t\t\t\t<div class=\"elementor-column elementor-col-50 elementor-inner-column elementor-element elementor-element-3acf91c\" data-id=\"3acf91c\" data-element_type=\"column\" data-e-type=\"column\">\n\t\t\t<div class=\"elementor-widget-wrap elementor-element-populated\">\n\t\t\t\t\t\t<div class=\"elementor-element elementor-element-b7e776a elementor-view-default elementor-widget elementor-widget-icon\" data-id=\"b7e776a\" data-element_type=\"widget\" data-e-type=\"widget\" data-widget_type=\"icon.default\">\n\t\t\t\t<div class=\"elementor-widget-container\">\n\t\t\t\t\t\t\t<div class=\"elementor-icon-wrapper\">\n\t\t\t<a class=\"elementor-icon\" href=\"https:\/\/www.instagram.com\/cchar_\/?hl=fr\" target=\"_blank\">\n\t\t\t<i aria-hidden=\"true\" class=\"fab fa-instagram\"><\/i>\t\t\t<\/a>\n\t\t<\/div>\n\t\t\t\t\t\t<\/div>\n\t\t\t\t<\/div>\n\t\t\t\t\t<\/div>\n\t\t<\/div>\n\t\t\t\t\t<\/div>\n\t\t<\/section>\n\t\t\t\t\t<\/div>\n\t\t<\/div>\n\t\t\t\t\t<\/div>\n\t\t<\/section>\n\t\t\t\t<\/div>\n\t\t","protected":false},"excerpt":{"rendered":"<p>Hier und sonstwo In verschiedenen Kontexten und bei zahlreichen Gelegenheiten arbeitet der CCHAR mit St\u00e4dten, Vereinen und Kulturinstitutionen zusammen, um der aktuellen Kreation im \u00f6ffentlichen Raum Fenster der Sichtbarkeit zu [&hellip;]<\/p>\n","protected":false},"author":1,"featured_media":0,"parent":0,"menu_order":0,"comment_status":"closed","ping_status":"closed","template":"template-blank.php","meta":{"_acf_changed":false,"footnotes":""},"class_list":["post-43197","page","type-page","status-publish","hentry"],"acf":[],"yoast_head":"<!-- This site is optimized with the Yoast SEO plugin v25.9 - https:\/\/yoast.com\/wordpress\/plugins\/seo\/ -->\n<title>Hier und sonstwo - CCHAR<\/title>\n<meta name=\"robots\" content=\"index, follow, max-snippet:-1, max-image-preview:large, max-video-preview:-1\" \/>\n<link rel=\"canonical\" href=\"https:\/\/archives.cchar.ch\/de\/hier-und-anderswo\/\" \/>\n<meta property=\"og:locale\" content=\"de_DE\" \/>\n<meta property=\"og:type\" content=\"article\" \/>\n<meta property=\"og:title\" content=\"Hier und sonstwo - CCHAR\" \/>\n<meta property=\"og:description\" content=\"Hier und sonstwo In verschiedenen Kontexten und bei zahlreichen Gelegenheiten arbeitet der CCHAR mit St\u00e4dten, Vereinen und Kulturinstitutionen zusammen, um der aktuellen Kreation im \u00f6ffentlichen Raum Fenster der Sichtbarkeit zu [&hellip;]\" \/>\n<meta property=\"og:url\" content=\"https:\/\/archives.cchar.ch\/de\/hier-und-anderswo\/\" \/>\n<meta property=\"og:site_name\" content=\"CCHAR\" \/>\n<meta property=\"article:publisher\" content=\"https:\/\/www.facebook.com\/cchar.suisse\/\" \/>\n<meta property=\"article:modified_time\" content=\"2024-03-02T13:33:36+00:00\" \/>\n<meta property=\"og:image\" content=\"https:\/\/cchar.ch\/wp-content\/uploads\/elementor\/thumbs\/progammation-dessin_page-0001-qgb6nng38iaoga2flupgq6edkob5hziavy3jpir9v0.jpg\" \/>\n<meta name=\"twitter:card\" content=\"summary_large_image\" \/>\n<meta name=\"twitter:label1\" content=\"Gesch\u00e4tzte Lesezeit\" \/>\n\t<meta name=\"twitter:data1\" content=\"1\u00a0Minute\" \/>\n<script type=\"application\/ld+json\" class=\"yoast-schema-graph\">{\"@context\":\"https:\/\/schema.org\",\"@graph\":[{\"@type\":\"WebPage\",\"@id\":\"https:\/\/archives.cchar.ch\/de\/hier-und-anderswo\/\",\"url\":\"https:\/\/archives.cchar.ch\/de\/hier-und-anderswo\/\",\"name\":\"Hier und sonstwo - CCHAR\",\"isPartOf\":{\"@id\":\"https:\/\/archives.cchar.ch\/de\/#website\"},\"primaryImageOfPage\":{\"@id\":\"https:\/\/archives.cchar.ch\/de\/hier-und-anderswo\/#primaryimage\"},\"image\":{\"@id\":\"https:\/\/archives.cchar.ch\/de\/hier-und-anderswo\/#primaryimage\"},\"thumbnailUrl\":\"https:\/\/cchar.ch\/wp-content\/uploads\/elementor\/thumbs\/progammation-dessin_page-0001-qgb6nng38iaoga2flupgq6edkob5hziavy3jpir9v0.jpg\",\"datePublished\":\"2023-11-23T09:51:14+00:00\",\"dateModified\":\"2024-03-02T13:33:36+00:00\",\"breadcrumb\":{\"@id\":\"https:\/\/archives.cchar.ch\/de\/hier-und-anderswo\/#breadcrumb\"},\"inLanguage\":\"de\",\"potentialAction\":[{\"@type\":\"ReadAction\",\"target\":[\"https:\/\/archives.cchar.ch\/de\/hier-und-anderswo\/\"]}]},{\"@type\":\"ImageObject\",\"inLanguage\":\"de\",\"@id\":\"https:\/\/archives.cchar.ch\/de\/hier-und-anderswo\/#primaryimage\",\"url\":\"https:\/\/cchar.ch\/wp-content\/uploads\/elementor\/thumbs\/progammation-dessin_page-0001-qgb6nng38iaoga2flupgq6edkob5hziavy3jpir9v0.jpg\",\"contentUrl\":\"https:\/\/cchar.ch\/wp-content\/uploads\/elementor\/thumbs\/progammation-dessin_page-0001-qgb6nng38iaoga2flupgq6edkob5hziavy3jpir9v0.jpg\"},{\"@type\":\"BreadcrumbList\",\"@id\":\"https:\/\/archives.cchar.ch\/de\/hier-und-anderswo\/#breadcrumb\",\"itemListElement\":[{\"@type\":\"ListItem\",\"position\":1,\"name\":\"Accueil\",\"item\":\"https:\/\/archives.cchar.ch\/de\/\"},{\"@type\":\"ListItem\",\"position\":2,\"name\":\"Hier und sonstwo\"}]},{\"@type\":\"WebSite\",\"@id\":\"https:\/\/archives.cchar.ch\/de\/#website\",\"url\":\"https:\/\/archives.cchar.ch\/de\/\",\"name\":\"CCHAR\",\"description\":\"Centre de Comp\u00e9tences et de Cr\u00e9ation Helv\u00e9tique des Arts de la Rue\",\"publisher\":{\"@id\":\"https:\/\/archives.cchar.ch\/de\/#organization\"},\"potentialAction\":[{\"@type\":\"SearchAction\",\"target\":{\"@type\":\"EntryPoint\",\"urlTemplate\":\"https:\/\/archives.cchar.ch\/de\/?s={search_term_string}\"},\"query-input\":{\"@type\":\"PropertyValueSpecification\",\"valueRequired\":true,\"valueName\":\"search_term_string\"}}],\"inLanguage\":\"de\"},{\"@type\":\"Organization\",\"@id\":\"https:\/\/archives.cchar.ch\/de\/#organization\",\"name\":\"CCHAR\",\"url\":\"https:\/\/archives.cchar.ch\/de\/\",\"logo\":{\"@type\":\"ImageObject\",\"inLanguage\":\"de\",\"@id\":\"https:\/\/archives.cchar.ch\/de\/#\/schema\/logo\/image\/\",\"url\":\"https:\/\/cchar.ch\/wp-content\/uploads\/2021\/09\/logo-CCHAR_PROD_pos-sobre.png\",\"contentUrl\":\"https:\/\/cchar.ch\/wp-content\/uploads\/2021\/09\/logo-CCHAR_PROD_pos-sobre.png\",\"width\":905,\"height\":336,\"caption\":\"CCHAR\"},\"image\":{\"@id\":\"https:\/\/archives.cchar.ch\/de\/#\/schema\/logo\/image\/\"},\"sameAs\":[\"https:\/\/www.facebook.com\/cchar.suisse\/\",\"https:\/\/www.linkedin.com\/company\/cchar\/\"]}]}<\/script>\n<!-- \/ Yoast SEO plugin. -->","yoast_head_json":{"title":"Hier und sonstwo - CCHAR","robots":{"index":"index","follow":"follow","max-snippet":"max-snippet:-1","max-image-preview":"max-image-preview:large","max-video-preview":"max-video-preview:-1"},"canonical":"https:\/\/archives.cchar.ch\/de\/hier-und-anderswo\/","og_locale":"de_DE","og_type":"article","og_title":"Hier und sonstwo - CCHAR","og_description":"Hier und sonstwo In verschiedenen Kontexten und bei zahlreichen Gelegenheiten arbeitet der CCHAR mit St\u00e4dten, Vereinen und Kulturinstitutionen zusammen, um der aktuellen Kreation im \u00f6ffentlichen Raum Fenster der Sichtbarkeit zu [&hellip;]","og_url":"https:\/\/archives.cchar.ch\/de\/hier-und-anderswo\/","og_site_name":"CCHAR","article_publisher":"https:\/\/www.facebook.com\/cchar.suisse\/","article_modified_time":"2024-03-02T13:33:36+00:00","og_image":[{"url":"https:\/\/cchar.ch\/wp-content\/uploads\/elementor\/thumbs\/progammation-dessin_page-0001-qgb6nng38iaoga2flupgq6edkob5hziavy3jpir9v0.jpg","type":"","width":"","height":""}],"twitter_card":"summary_large_image","twitter_misc":{"Gesch\u00e4tzte Lesezeit":"1\u00a0Minute"},"schema":{"@context":"https:\/\/schema.org","@graph":[{"@type":"WebPage","@id":"https:\/\/archives.cchar.ch\/de\/hier-und-anderswo\/","url":"https:\/\/archives.cchar.ch\/de\/hier-und-anderswo\/","name":"Hier und sonstwo - CCHAR","isPartOf":{"@id":"https:\/\/archives.cchar.ch\/de\/#website"},"primaryImageOfPage":{"@id":"https:\/\/archives.cchar.ch\/de\/hier-und-anderswo\/#primaryimage"},"image":{"@id":"https:\/\/archives.cchar.ch\/de\/hier-und-anderswo\/#primaryimage"},"thumbnailUrl":"https:\/\/cchar.ch\/wp-content\/uploads\/elementor\/thumbs\/progammation-dessin_page-0001-qgb6nng38iaoga2flupgq6edkob5hziavy3jpir9v0.jpg","datePublished":"2023-11-23T09:51:14+00:00","dateModified":"2024-03-02T13:33:36+00:00","breadcrumb":{"@id":"https:\/\/archives.cchar.ch\/de\/hier-und-anderswo\/#breadcrumb"},"inLanguage":"de","potentialAction":[{"@type":"ReadAction","target":["https:\/\/archives.cchar.ch\/de\/hier-und-anderswo\/"]}]},{"@type":"ImageObject","inLanguage":"de","@id":"https:\/\/archives.cchar.ch\/de\/hier-und-anderswo\/#primaryimage","url":"https:\/\/cchar.ch\/wp-content\/uploads\/elementor\/thumbs\/progammation-dessin_page-0001-qgb6nng38iaoga2flupgq6edkob5hziavy3jpir9v0.jpg","contentUrl":"https:\/\/cchar.ch\/wp-content\/uploads\/elementor\/thumbs\/progammation-dessin_page-0001-qgb6nng38iaoga2flupgq6edkob5hziavy3jpir9v0.jpg"},{"@type":"BreadcrumbList","@id":"https:\/\/archives.cchar.ch\/de\/hier-und-anderswo\/#breadcrumb","itemListElement":[{"@type":"ListItem","position":1,"name":"Accueil","item":"https:\/\/archives.cchar.ch\/de\/"},{"@type":"ListItem","position":2,"name":"Hier und sonstwo"}]},{"@type":"WebSite","@id":"https:\/\/archives.cchar.ch\/de\/#website","url":"https:\/\/archives.cchar.ch\/de\/","name":"CCHAR","description":"Centre de Comp\u00e9tences et de Cr\u00e9ation Helv\u00e9tique des Arts de la Rue","publisher":{"@id":"https:\/\/archives.cchar.ch\/de\/#organization"},"potentialAction":[{"@type":"SearchAction","target":{"@type":"EntryPoint","urlTemplate":"https:\/\/archives.cchar.ch\/de\/?s={search_term_string}"},"query-input":{"@type":"PropertyValueSpecification","valueRequired":true,"valueName":"search_term_string"}}],"inLanguage":"de"},{"@type":"Organization","@id":"https:\/\/archives.cchar.ch\/de\/#organization","name":"CCHAR","url":"https:\/\/archives.cchar.ch\/de\/","logo":{"@type":"ImageObject","inLanguage":"de","@id":"https:\/\/archives.cchar.ch\/de\/#\/schema\/logo\/image\/","url":"https:\/\/cchar.ch\/wp-content\/uploads\/2021\/09\/logo-CCHAR_PROD_pos-sobre.png","contentUrl":"https:\/\/cchar.ch\/wp-content\/uploads\/2021\/09\/logo-CCHAR_PROD_pos-sobre.png","width":905,"height":336,"caption":"CCHAR"},"image":{"@id":"https:\/\/archives.cchar.ch\/de\/#\/schema\/logo\/image\/"},"sameAs":["https:\/\/www.facebook.com\/cchar.suisse\/","https:\/\/www.linkedin.com\/company\/cchar\/"]}]}},"_links":{"self":[{"href":"https:\/\/archives.cchar.ch\/de\/wp-json\/wp\/v2\/pages\/43197","targetHints":{"allow":["GET"]}}],"collection":[{"href":"https:\/\/archives.cchar.ch\/de\/wp-json\/wp\/v2\/pages"}],"about":[{"href":"https:\/\/archives.cchar.ch\/de\/wp-json\/wp\/v2\/types\/page"}],"author":[{"embeddable":true,"href":"https:\/\/archives.cchar.ch\/de\/wp-json\/wp\/v2\/users\/1"}],"replies":[{"embeddable":true,"href":"https:\/\/archives.cchar.ch\/de\/wp-json\/wp\/v2\/comments?post=43197"}],"version-history":[{"count":6,"href":"https:\/\/archives.cchar.ch\/de\/wp-json\/wp\/v2\/pages\/43197\/revisions"}],"predecessor-version":[{"id":44510,"href":"https:\/\/archives.cchar.ch\/de\/wp-json\/wp\/v2\/pages\/43197\/revisions\/44510"}],"wp:attachment":[{"href":"https:\/\/archives.cchar.ch\/de\/wp-json\/wp\/v2\/media?parent=43197"}],"curies":[{"name":"wp","href":"https:\/\/api.w.org\/{rel}","templated":true}]}}